{"id":2344,"date":"2023-10-05T15:49:05","date_gmt":"2023-10-05T15:49:05","guid":{"rendered":"https:\/\/reformapisos.com\/?page_id=2344"},"modified":"2025-05-26T17:03:25","modified_gmt":"2025-05-26T17:03:25","slug":"empresas-de-reformas-integrales-para-pisos-y-viviendas-en-zaragoza","status":"publish","type":"page","link":"https:\/\/reformapisos.com\/index.php\/empresas-de-reformas-integrales-para-pisos-y-viviendas-en-zaragoza\/","title":{"rendered":"Empresas de reformas integrales para pisos y viviendas en Zaragoza"},"content":{"rendered":"\n<figure class=\"wp-block-image size-large\"><img loading=\"lazy\" decoding=\"async\" width=\"1024\" height=\"288\" src=\"https:\/\/reformapisos.com\/wp-content\/uploads\/2023\/10\/6-1024x288.png\" alt=\"\" class=\"wp-image-2797\" srcset=\"https:\/\/reformapisos.com\/wp-content\/uploads\/2023\/10\/6-1024x288.png 1024w, https:\/\/reformapisos.com\/wp-content\/uploads\/2023\/10\/6-300x84.png 300w, https:\/\/reformapisos.com\/wp-content\/uploads\/2023\/10\/6-768x216.png 768w, https:\/\/reformapisos.com\/wp-content\/uploads\/2023\/10\/6-444x125.png 444w, https:\/\/reformapisos.com\/wp-content\/uploads\/2023\/10\/6.png 1280w\" sizes=\"(max-width: 1024px) 100vw, 1024px\" \/><\/figure>\n\n\n\n<h1 class=\"wp-block-heading\"><strong>Empresas de Reformas Integrales para Pisos y Viviendas en Zaragoza<\/strong><\/h1>\n\n\n\n<p>\u00bfBuscas una <strong>empresa de reformas integrales en Zaragoza<\/strong> para tu piso o vivienda, con la mejor atenci\u00f3n personalizada las 24 horas del d\u00eda? ReformaPisos.com es la empresa que buscabas. Te conectar\u00e1s con nuestros trabajadores zaragozanos, quienes cuentan con a\u00f1os de experiencia.<\/p>\n\n\n\n<p>Nuestros colaboradores son expertos en transformar cada espacio, desde <strong>reformas de ba\u00f1os en Zaragoza<\/strong> hasta la renovaci\u00f3n completa de tu hogar. Nos enfocamos en conectarte con <strong>empresas de construcci\u00f3n en Zaragoza<\/strong> que garantizan acabados de alta calidad y una excelente relaci\u00f3n calidad-precio para tus <strong>proyectos y reformas del hogar<\/strong>.<\/p>\n\n\n\n<h2 class=\"wp-block-heading\"><strong>Las Mejores Empresas de Reformas Integrales en Zaragoza<\/strong><\/h2>\n\n\n\n<p>Elegir la empresa de reformas integrales adecuada en Zaragoza puede ser un desaf\u00edo. Para ayudarte a encontrar la mejor opci\u00f3n para tus necesidades y presupuesto, hemos seleccionado algunas de las <strong>mejores empresas de reformas en Zaragoza<\/strong>:<\/p>\n\n\n\n<ul>\n<li><strong>Reformas Renova Zaragoza:<\/strong> Especializados en <strong>reformas de pisos y viviendas en Zaragoza<\/strong>, ofrecen atenci\u00f3n personalizada y asesoramiento integral para garantizar resultados que superen tus expectativas.<\/li>\n\n\n\n<li><strong>Reformas Benavides:<\/strong> Se distingue por su extensa gama de servicios, que incluyen <strong>reformas baratas en Zaragoza<\/strong> y parciales, utilizando materiales de primera calidad y asegurando acabados impecables.<\/li>\n\n\n\n<li><strong>Reformas Integrales Zaragoza SYR ARPA:<\/strong> Destaca por su flexibilidad y capacidad de respuesta, ofreciendo servicios desde <strong>reformas integrales<\/strong> hasta <strong>reformas de ba\u00f1os en Zaragoza<\/strong> r\u00e1pidas y presupuestos personalizados sin compromiso.<\/li>\n<\/ul>\n\n\n\n<p>Estas <strong>empresas de construcci\u00f3n y reformas en Zaragoza<\/strong> no solo te ayudan a cumplir con tus <strong>proyectos y reformas del hogar en Zaragoza<\/strong>, sino que tambi\u00e9n contribuyen a preservar la autenticidad y el encanto de la arquitectura zaragozana, asegurando que cada proyecto respete la historia y el car\u00e1cter de la ciudad.<\/p>\n\n\n\n<h2 class=\"wp-block-heading\"><strong>Encuentra los Mejores Precios para tus Reformas en Zaragoza<\/strong><\/h2>\n\n\n\n<p>En ReformaPisos.com, te ofrecemos el listado de las <strong>mejores Empresas de reformas integrales para pisos y viviendas en Zaragoza<\/strong>. Entra en nuestra plataforma para conseguir los <strong>mejores precios<\/strong> y contacta con profesionales y <strong>empresas de construcci\u00f3n<\/strong> con muchos a\u00f1os de experiencia en <strong>reformas de pisos y viviendas<\/strong>.<\/p>\n","protected":false},"excerpt":{"rendered":"Empresas de Reformas Integrales para Pisos y Viviendas en Zaragoza \u00bfBuscas una empresa de reformas integrales en Zaragoza para tu piso o vivienda, con la mejor atenci\u00f3n personalizada las 24 horas del d\u00eda? ReformaPisos.com es la empresa que buscabas. Te conectar\u00e1s con nuestros trabajadores zaragozanos, quienes cuentan con a\u00f1os de experiencia. Nuestros colaboradores son expertos[&#8230;]","protected":false},"author":2,"featured_media":0,"parent":0,"menu_order":0,"comment_status":"closed","ping_status":"closed","template":"","meta":{"footnotes":""},"yoast_head":"<!-- This site is optimized with the Yoast SEO plugin v22.9 - https:\/\/yoast.com\/wordpress\/plugins\/seo\/ -->\n<title>Empresas de reformas integrales para pisos y viviendas en Zaragoza - Reformas integrales de pisos y viviendas<\/title>\n<meta name=\"robots\" content=\"index, follow, max-snippet:-1, max-image-preview:large, max-video-preview:-1\" \/>\n<link rel=\"canonical\" href=\"https:\/\/reformapisos.com\/index.php\/empresas-de-reformas-integrales-para-pisos-y-viviendas-en-zaragoza\/\" \/>\n<meta property=\"og:locale\" content=\"es_ES\" \/>\n<meta property=\"og:type\" content=\"article\" \/>\n<meta property=\"og:title\" content=\"Empresas de reformas integrales para pisos y viviendas en Zaragoza - Reformas integrales de pisos y viviendas\" \/>\n<meta property=\"og:description\" content=\"Empresas de Reformas Integrales para Pisos y Viviendas en Zaragoza \u00bfBuscas una empresa de reformas integrales en Zaragoza para tu piso o vivienda, con la mejor atenci\u00f3n personalizada las 24 horas del d\u00eda? ReformaPisos.com es la empresa que buscabas. Te conectar\u00e1s con nuestros trabajadores zaragozanos, quienes cuentan con a\u00f1os de experiencia. Nuestros colaboradores son expertos[...]\" \/>\n<meta property=\"og:url\" content=\"https:\/\/reformapisos.com\/index.php\/empresas-de-reformas-integrales-para-pisos-y-viviendas-en-zaragoza\/\" \/>\n<meta property=\"og:site_name\" content=\"Reformas integrales de pisos y viviendas\" \/>\n<meta property=\"article:modified_time\" content=\"2025-05-26T17:03:25+00:00\" \/>\n<meta property=\"og:image\" content=\"https:\/\/reformapisos.com\/wp-content\/uploads\/2023\/10\/6-1024x288.png\" \/>\n<meta name=\"twitter:card\" content=\"summary_large_image\" \/>\n<meta name=\"twitter:label1\" content=\"Tiempo de lectura\" \/>\n\t<meta name=\"twitter:data1\" content=\"2 minutos\" \/>\n<script type=\"application\/ld+json\" class=\"yoast-schema-graph\">{\"@context\":\"https:\/\/schema.org\",\"@graph\":[{\"@type\":\"WebPage\",\"@id\":\"https:\/\/reformapisos.com\/index.php\/empresas-de-reformas-integrales-para-pisos-y-viviendas-en-zaragoza\/\",\"url\":\"https:\/\/reformapisos.com\/index.php\/empresas-de-reformas-integrales-para-pisos-y-viviendas-en-zaragoza\/\",\"name\":\"Empresas de reformas integrales para pisos y viviendas en Zaragoza - Reformas integrales de pisos y viviendas\",\"isPartOf\":{\"@id\":\"https:\/\/reformapisos.com\/#website\"},\"primaryImageOfPage\":{\"@id\":\"https:\/\/reformapisos.com\/index.php\/empresas-de-reformas-integrales-para-pisos-y-viviendas-en-zaragoza\/#primaryimage\"},\"image\":{\"@id\":\"https:\/\/reformapisos.com\/index.php\/empresas-de-reformas-integrales-para-pisos-y-viviendas-en-zaragoza\/#primaryimage\"},\"thumbnailUrl\":\"https:\/\/reformapisos.com\/wp-content\/uploads\/2023\/10\/6-1024x288.png\",\"datePublished\":\"2023-10-05T15:49:05+00:00\",\"dateModified\":\"2025-05-26T17:03:25+00:00\",\"breadcrumb\":{\"@id\":\"https:\/\/reformapisos.com\/index.php\/empresas-de-reformas-integrales-para-pisos-y-viviendas-en-zaragoza\/#breadcrumb\"},\"inLanguage\":\"es\",\"potentialAction\":[{\"@type\":\"ReadAction\",\"target\":[\"https:\/\/reformapisos.com\/index.php\/empresas-de-reformas-integrales-para-pisos-y-viviendas-en-zaragoza\/\"]}]},{\"@type\":\"ImageObject\",\"inLanguage\":\"es\",\"@id\":\"https:\/\/reformapisos.com\/index.php\/empresas-de-reformas-integrales-para-pisos-y-viviendas-en-zaragoza\/#primaryimage\",\"url\":\"https:\/\/reformapisos.com\/wp-content\/uploads\/2023\/10\/6.png\",\"contentUrl\":\"https:\/\/reformapisos.com\/wp-content\/uploads\/2023\/10\/6.png\",\"width\":1280,\"height\":360,\"caption\":\"Empresas de reformas integrales para pisos y viviendas en Zaragoza\"},{\"@type\":\"BreadcrumbList\",\"@id\":\"https:\/\/reformapisos.com\/index.php\/empresas-de-reformas-integrales-para-pisos-y-viviendas-en-zaragoza\/#breadcrumb\",\"itemListElement\":[{\"@type\":\"ListItem\",\"position\":1,\"name\":\"Portada\",\"item\":\"https:\/\/reformapisos.com\/\"},{\"@type\":\"ListItem\",\"position\":2,\"name\":\"Empresas de reformas integrales para pisos y viviendas en Zaragoza\"}]},{\"@type\":\"WebSite\",\"@id\":\"https:\/\/reformapisos.com\/#website\",\"url\":\"https:\/\/reformapisos.com\/\",\"name\":\"Reformas integrales de pisos y viviendas\",\"description\":\"Otro sitio realizado con WordPress\",\"potentialAction\":[{\"@type\":\"SearchAction\",\"target\":{\"@type\":\"EntryPoint\",\"urlTemplate\":\"https:\/\/reformapisos.com\/?s={search_term_string}\"},\"query-input\":\"required name=search_term_string\"}],\"inLanguage\":\"es\"}]}<\/script>\n<!-- \/ Yoast SEO plugin. -->","yoast_head_json":{"title":"Empresas de reformas integrales para pisos y viviendas en Zaragoza - Reformas integrales de pisos y viviendas","robots":{"index":"index","follow":"follow","max-snippet":"max-snippet:-1","max-image-preview":"max-image-preview:large","max-video-preview":"max-video-preview:-1"},"canonical":"https:\/\/reformapisos.com\/index.php\/empresas-de-reformas-integrales-para-pisos-y-viviendas-en-zaragoza\/","og_locale":"es_ES","og_type":"article","og_title":"Empresas de reformas integrales para pisos y viviendas en Zaragoza - Reformas integrales de pisos y viviendas","og_description":"Empresas de Reformas Integrales para Pisos y Viviendas en Zaragoza \u00bfBuscas una empresa de reformas integrales en Zaragoza para tu piso o vivienda, con la mejor atenci\u00f3n personalizada las 24 horas del d\u00eda? ReformaPisos.com es la empresa que buscabas. Te conectar\u00e1s con nuestros trabajadores zaragozanos, quienes cuentan con a\u00f1os de experiencia. Nuestros colaboradores son expertos[...]","og_url":"https:\/\/reformapisos.com\/index.php\/empresas-de-reformas-integrales-para-pisos-y-viviendas-en-zaragoza\/","og_site_name":"Reformas integrales de pisos y viviendas","article_modified_time":"2025-05-26T17:03:25+00:00","og_image":[{"url":"https:\/\/reformapisos.com\/wp-content\/uploads\/2023\/10\/6-1024x288.png"}],"twitter_card":"summary_large_image","twitter_misc":{"Tiempo de lectura":"2 minutos"},"schema":{"@context":"https:\/\/schema.org","@graph":[{"@type":"WebPage","@id":"https:\/\/reformapisos.com\/index.php\/empresas-de-reformas-integrales-para-pisos-y-viviendas-en-zaragoza\/","url":"https:\/\/reformapisos.com\/index.php\/empresas-de-reformas-integrales-para-pisos-y-viviendas-en-zaragoza\/","name":"Empresas de reformas integrales para pisos y viviendas en Zaragoza - Reformas integrales de pisos y viviendas","isPartOf":{"@id":"https:\/\/reformapisos.com\/#website"},"primaryImageOfPage":{"@id":"https:\/\/reformapisos.com\/index.php\/empresas-de-reformas-integrales-para-pisos-y-viviendas-en-zaragoza\/#primaryimage"},"image":{"@id":"https:\/\/reformapisos.com\/index.php\/empresas-de-reformas-integrales-para-pisos-y-viviendas-en-zaragoza\/#primaryimage"},"thumbnailUrl":"https:\/\/reformapisos.com\/wp-content\/uploads\/2023\/10\/6-1024x288.png","datePublished":"2023-10-05T15:49:05+00:00","dateModified":"2025-05-26T17:03:25+00:00","breadcrumb":{"@id":"https:\/\/reformapisos.com\/index.php\/empresas-de-reformas-integrales-para-pisos-y-viviendas-en-zaragoza\/#breadcrumb"},"inLanguage":"es","potentialAction":[{"@type":"ReadAction","target":["https:\/\/reformapisos.com\/index.php\/empresas-de-reformas-integrales-para-pisos-y-viviendas-en-zaragoza\/"]}]},{"@type":"ImageObject","inLanguage":"es","@id":"https:\/\/reformapisos.com\/index.php\/empresas-de-reformas-integrales-para-pisos-y-viviendas-en-zaragoza\/#primaryimage","url":"https:\/\/reformapisos.com\/wp-content\/uploads\/2023\/10\/6.png","contentUrl":"https:\/\/reformapisos.com\/wp-content\/uploads\/2023\/10\/6.png","width":1280,"height":360,"caption":"Empresas de reformas integrales para pisos y viviendas en Zaragoza"},{"@type":"BreadcrumbList","@id":"https:\/\/reformapisos.com\/index.php\/empresas-de-reformas-integrales-para-pisos-y-viviendas-en-zaragoza\/#breadcrumb","itemListElement":[{"@type":"ListItem","position":1,"name":"Portada","item":"https:\/\/reformapisos.com\/"},{"@type":"ListItem","position":2,"name":"Empresas de reformas integrales para pisos y viviendas en Zaragoza"}]},{"@type":"WebSite","@id":"https:\/\/reformapisos.com\/#website","url":"https:\/\/reformapisos.com\/","name":"Reformas integrales de pisos y viviendas","description":"Otro sitio realizado con WordPress","potentialAction":[{"@type":"SearchAction","target":{"@type":"EntryPoint","urlTemplate":"https:\/\/reformapisos.com\/?s={search_term_string}"},"query-input":"required name=search_term_string"}],"inLanguage":"es"}]}},"_links":{"self":[{"href":"https:\/\/reformapisos.com\/index.php\/wp-json\/wp\/v2\/pages\/2344"}],"collection":[{"href":"https:\/\/reformapisos.com\/index.php\/wp-json\/wp\/v2\/pages"}],"about":[{"href":"https:\/\/reformapisos.com\/index.php\/wp-json\/wp\/v2\/types\/page"}],"author":[{"embeddable":true,"href":"https:\/\/reformapisos.com\/index.php\/wp-json\/wp\/v2\/users\/2"}],"replies":[{"embeddable":true,"href":"https:\/\/reformapisos.com\/index.php\/wp-json\/wp\/v2\/comments?post=2344"}],"version-history":[{"count":6,"href":"https:\/\/reformapisos.com\/index.php\/wp-json\/wp\/v2\/pages\/2344\/revisions"}],"predecessor-version":[{"id":3340,"href":"https:\/\/reformapisos.com\/index.php\/wp-json\/wp\/v2\/pages\/2344\/revisions\/3340"}],"wp:attachment":[{"href":"https:\/\/reformapisos.com\/index.php\/wp-json\/wp\/v2\/media?parent=2344"}],"curies":[{"name":"wp","href":"https:\/\/api.w.org\/{rel}","templated":true}]}}