{"id":2368,"date":"2023-10-05T15:51:41","date_gmt":"2023-10-05T15:51:41","guid":{"rendered":"https:\/\/reformapisos.com\/?page_id=2368"},"modified":"2025-05-27T08:51:38","modified_gmt":"2025-05-27T08:51:38","slug":"empresas-de-reformas-integrales-para-pisos-y-viviendas-en-malaga","status":"publish","type":"page","link":"https:\/\/reformapisos.com\/index.php\/empresas-de-reformas-integrales-para-pisos-y-viviendas-en-malaga\/","title":{"rendered":"Empresas de reformas integrales para pisos y viviendas en M\u00e1laga"},"content":{"rendered":"\n<figure class=\"wp-block-image size-large\"><img loading=\"lazy\" decoding=\"async\" width=\"1024\" height=\"288\" src=\"https:\/\/reformapisos.com\/wp-content\/uploads\/2023\/10\/16-1024x288.png\" alt=\"\" class=\"wp-image-2837\" srcset=\"https:\/\/reformapisos.com\/wp-content\/uploads\/2023\/10\/16-1024x288.png 1024w, https:\/\/reformapisos.com\/wp-content\/uploads\/2023\/10\/16-300x84.png 300w, https:\/\/reformapisos.com\/wp-content\/uploads\/2023\/10\/16-768x216.png 768w, https:\/\/reformapisos.com\/wp-content\/uploads\/2023\/10\/16-444x125.png 444w, https:\/\/reformapisos.com\/wp-content\/uploads\/2023\/10\/16.png 1280w\" sizes=\"(max-width: 1024px) 100vw, 1024px\" \/><\/figure>\n\n\n\n<h1 class=\"wp-block-heading\"><strong>Empresas de Reformas Integrales para Pisos y Viviendas en M\u00e1laga<\/strong><\/h1>\n\n\n\n<p>Si buscas una <strong>empresa de reformas integrales y baratas de pisos y viviendas en M\u00e1laga<\/strong>, con atenci\u00f3n personalizada y total tranquilidad, ReformaPisos.com es la empresa que buscabas. Contacta con nuestros trabajadores en M\u00e1laga, que cuentan con a\u00f1os de experiencia.<\/p>\n\n\n\n<p>Nuestros colaboradores son expertos en transformar cada espacio, desde <strong>reformas de cocinas<\/strong> hasta <strong>reformas de ba\u00f1os en M\u00e1laga<\/strong>, adapt\u00e1ndose a tus gustos y necesidades. Nos enfocamos en conectarte con <strong>empresas de construcci\u00f3n y reformas en M\u00e1laga<\/strong> que garantizan servicios completos, desde el dise\u00f1o y la planificaci\u00f3n hasta la ejecuci\u00f3n de la obra y el acabado final, asegurando la calidad y la eficiencia en cada proyecto.<\/p>\n\n\n\n<h2 class=\"wp-block-heading\"><strong>Las Mejores Empresas de Reformas Integrales en M\u00e1laga<\/strong><\/h2>\n\n\n\n<p>Para ayudarte a elegir la mejor opci\u00f3n para tus necesidades y presupuesto, hemos seleccionado algunas de las <strong>mejores empresas de reformas en M\u00e1laga<\/strong>:<\/p>\n\n\n\n<ul>\n<li><strong>Reformas Integrales M\u00e1laga, SL:<\/strong> Con m\u00e1s de 10 a\u00f1os de experiencia, esta empresa se especializa en <strong>reformas integrales en M\u00e1laga<\/strong>, incluyendo <strong>reformas de cocinas, reformas de ba\u00f1os<\/strong>, viviendas y locales comerciales, ofreciendo un servicio completo y profesional.<\/li>\n\n\n\n<li><strong>Reforma Integral En General De Pisos Casas:<\/strong> Esta empresa de reformas en M\u00e1laga se especializa en <strong>reformas integrales de viviendas y locales comerciales<\/strong>. Ofrecen servicios de alta calidad a precios competitivos, asegurando que cada proyecto se ajuste a las necesidades y presupuesto de sus clientes.<\/li>\n\n\n\n<li><strong>Hola Reformas:<\/strong> Ofrecen <strong>reformas baratas en M\u00e1laga<\/strong>, adem\u00e1s de <strong>reformas integrales de cocinas, ba\u00f1os y viviendas<\/strong>, con un equipo de profesionales experimentados que utilizan materiales de alta calidad para garantizar un acabado excelente.<\/li>\n<\/ul>\n\n\n\n<p>Con estas <strong>empresas de construcci\u00f3n y reformas en M\u00e1laga<\/strong>, puedes estar seguro de que tu hogar reflejar\u00e1 tanto tu estilo personal como la belleza y el encanto de esta vibrante ciudad.<\/p>\n\n\n\n<h2 class=\"wp-block-heading\"><strong>Encuentra los Mejores Precios para tus Reformas en M\u00e1laga<\/strong><\/h2>\n\n\n\n<p>El listado de las mejores <strong>Empresas de reformas integrales para pisos y viviendas en M\u00e1laga<\/strong> lo tienes en ReformaPisos.com. Entra ahora para conseguir los <strong>mejores precios<\/strong> y contactar con profesionales y <strong>empresas de construcci\u00f3n<\/strong> con muchos a\u00f1os de experiencia en <strong>reformas de pisos y viviendas<\/strong>.<\/p>\n","protected":false},"excerpt":{"rendered":"Empresas de Reformas Integrales para Pisos y Viviendas en M\u00e1laga Si buscas una empresa de reformas integrales y baratas de pisos y viviendas en M\u00e1laga, con atenci\u00f3n personalizada y total tranquilidad, ReformaPisos.com es la empresa que buscabas. Contacta con nuestros trabajadores en M\u00e1laga, que cuentan con a\u00f1os de experiencia. Nuestros colaboradores son expertos en transformar[&#8230;]","protected":false},"author":2,"featured_media":0,"parent":0,"menu_order":0,"comment_status":"closed","ping_status":"closed","template":"","meta":{"footnotes":""},"yoast_head":"<!-- This site is optimized with the Yoast SEO plugin v22.9 - https:\/\/yoast.com\/wordpress\/plugins\/seo\/ -->\n<title>Empresas de reformas integrales para pisos y viviendas en M\u00e1laga - Reformas integrales de pisos y viviendas<\/title>\n<meta name=\"robots\" content=\"index, follow, max-snippet:-1, max-image-preview:large, max-video-preview:-1\" \/>\n<link rel=\"canonical\" href=\"https:\/\/reformapisos.com\/index.php\/empresas-de-reformas-integrales-para-pisos-y-viviendas-en-malaga\/\" \/>\n<meta property=\"og:locale\" content=\"es_ES\" \/>\n<meta property=\"og:type\" content=\"article\" \/>\n<meta property=\"og:title\" content=\"Empresas de reformas integrales para pisos y viviendas en M\u00e1laga - Reformas integrales de pisos y viviendas\" \/>\n<meta property=\"og:description\" content=\"Empresas de Reformas Integrales para Pisos y Viviendas en M\u00e1laga Si buscas una empresa de reformas integrales y baratas de pisos y viviendas en M\u00e1laga, con atenci\u00f3n personalizada y total tranquilidad, ReformaPisos.com es la empresa que buscabas. Contacta con nuestros trabajadores en M\u00e1laga, que cuentan con a\u00f1os de experiencia. Nuestros colaboradores son expertos en transformar[...]\" \/>\n<meta property=\"og:url\" content=\"https:\/\/reformapisos.com\/index.php\/empresas-de-reformas-integrales-para-pisos-y-viviendas-en-malaga\/\" \/>\n<meta property=\"og:site_name\" content=\"Reformas integrales de pisos y viviendas\" \/>\n<meta property=\"article:modified_time\" content=\"2025-05-27T08:51:38+00:00\" \/>\n<meta property=\"og:image\" content=\"https:\/\/reformapisos.com\/wp-content\/uploads\/2023\/10\/16-1024x288.png\" \/>\n<meta name=\"twitter:card\" content=\"summary_large_image\" \/>\n<meta name=\"twitter:label1\" content=\"Tiempo de lectura\" \/>\n\t<meta name=\"twitter:data1\" content=\"2 minutos\" \/>\n<script type=\"application\/ld+json\" class=\"yoast-schema-graph\">{\"@context\":\"https:\/\/schema.org\",\"@graph\":[{\"@type\":\"WebPage\",\"@id\":\"https:\/\/reformapisos.com\/index.php\/empresas-de-reformas-integrales-para-pisos-y-viviendas-en-malaga\/\",\"url\":\"https:\/\/reformapisos.com\/index.php\/empresas-de-reformas-integrales-para-pisos-y-viviendas-en-malaga\/\",\"name\":\"Empresas de reformas integrales para pisos y viviendas en M\u00e1laga - Reformas integrales de pisos y viviendas\",\"isPartOf\":{\"@id\":\"https:\/\/reformapisos.com\/#website\"},\"primaryImageOfPage\":{\"@id\":\"https:\/\/reformapisos.com\/index.php\/empresas-de-reformas-integrales-para-pisos-y-viviendas-en-malaga\/#primaryimage\"},\"image\":{\"@id\":\"https:\/\/reformapisos.com\/index.php\/empresas-de-reformas-integrales-para-pisos-y-viviendas-en-malaga\/#primaryimage\"},\"thumbnailUrl\":\"https:\/\/reformapisos.com\/wp-content\/uploads\/2023\/10\/16-1024x288.png\",\"datePublished\":\"2023-10-05T15:51:41+00:00\",\"dateModified\":\"2025-05-27T08:51:38+00:00\",\"breadcrumb\":{\"@id\":\"https:\/\/reformapisos.com\/index.php\/empresas-de-reformas-integrales-para-pisos-y-viviendas-en-malaga\/#breadcrumb\"},\"inLanguage\":\"es\",\"potentialAction\":[{\"@type\":\"ReadAction\",\"target\":[\"https:\/\/reformapisos.com\/index.php\/empresas-de-reformas-integrales-para-pisos-y-viviendas-en-malaga\/\"]}]},{\"@type\":\"ImageObject\",\"inLanguage\":\"es\",\"@id\":\"https:\/\/reformapisos.com\/index.php\/empresas-de-reformas-integrales-para-pisos-y-viviendas-en-malaga\/#primaryimage\",\"url\":\"https:\/\/reformapisos.com\/wp-content\/uploads\/2023\/10\/16.png\",\"contentUrl\":\"https:\/\/reformapisos.com\/wp-content\/uploads\/2023\/10\/16.png\",\"width\":1280,\"height\":360,\"caption\":\"Empresas de reformas integrales para pisos y viviendas en M\u00e1laga\"},{\"@type\":\"BreadcrumbList\",\"@id\":\"https:\/\/reformapisos.com\/index.php\/empresas-de-reformas-integrales-para-pisos-y-viviendas-en-malaga\/#breadcrumb\",\"itemListElement\":[{\"@type\":\"ListItem\",\"position\":1,\"name\":\"Portada\",\"item\":\"https:\/\/reformapisos.com\/\"},{\"@type\":\"ListItem\",\"position\":2,\"name\":\"Empresas de reformas integrales para pisos y viviendas en M\u00e1laga\"}]},{\"@type\":\"WebSite\",\"@id\":\"https:\/\/reformapisos.com\/#website\",\"url\":\"https:\/\/reformapisos.com\/\",\"name\":\"Reformas integrales de pisos y viviendas\",\"description\":\"Otro sitio realizado con WordPress\",\"potentialAction\":[{\"@type\":\"SearchAction\",\"target\":{\"@type\":\"EntryPoint\",\"urlTemplate\":\"https:\/\/reformapisos.com\/?s={search_term_string}\"},\"query-input\":\"required name=search_term_string\"}],\"inLanguage\":\"es\"}]}<\/script>\n<!-- \/ Yoast SEO plugin. -->","yoast_head_json":{"title":"Empresas de reformas integrales para pisos y viviendas en M\u00e1laga - Reformas integrales de pisos y viviendas","robots":{"index":"index","follow":"follow","max-snippet":"max-snippet:-1","max-image-preview":"max-image-preview:large","max-video-preview":"max-video-preview:-1"},"canonical":"https:\/\/reformapisos.com\/index.php\/empresas-de-reformas-integrales-para-pisos-y-viviendas-en-malaga\/","og_locale":"es_ES","og_type":"article","og_title":"Empresas de reformas integrales para pisos y viviendas en M\u00e1laga - Reformas integrales de pisos y viviendas","og_description":"Empresas de Reformas Integrales para Pisos y Viviendas en M\u00e1laga Si buscas una empresa de reformas integrales y baratas de pisos y viviendas en M\u00e1laga, con atenci\u00f3n personalizada y total tranquilidad, ReformaPisos.com es la empresa que buscabas. Contacta con nuestros trabajadores en M\u00e1laga, que cuentan con a\u00f1os de experiencia. Nuestros colaboradores son expertos en transformar[...]","og_url":"https:\/\/reformapisos.com\/index.php\/empresas-de-reformas-integrales-para-pisos-y-viviendas-en-malaga\/","og_site_name":"Reformas integrales de pisos y viviendas","article_modified_time":"2025-05-27T08:51:38+00:00","og_image":[{"url":"https:\/\/reformapisos.com\/wp-content\/uploads\/2023\/10\/16-1024x288.png"}],"twitter_card":"summary_large_image","twitter_misc":{"Tiempo de lectura":"2 minutos"},"schema":{"@context":"https:\/\/schema.org","@graph":[{"@type":"WebPage","@id":"https:\/\/reformapisos.com\/index.php\/empresas-de-reformas-integrales-para-pisos-y-viviendas-en-malaga\/","url":"https:\/\/reformapisos.com\/index.php\/empresas-de-reformas-integrales-para-pisos-y-viviendas-en-malaga\/","name":"Empresas de reformas integrales para pisos y viviendas en M\u00e1laga - Reformas integrales de pisos y viviendas","isPartOf":{"@id":"https:\/\/reformapisos.com\/#website"},"primaryImageOfPage":{"@id":"https:\/\/reformapisos.com\/index.php\/empresas-de-reformas-integrales-para-pisos-y-viviendas-en-malaga\/#primaryimage"},"image":{"@id":"https:\/\/reformapisos.com\/index.php\/empresas-de-reformas-integrales-para-pisos-y-viviendas-en-malaga\/#primaryimage"},"thumbnailUrl":"https:\/\/reformapisos.com\/wp-content\/uploads\/2023\/10\/16-1024x288.png","datePublished":"2023-10-05T15:51:41+00:00","dateModified":"2025-05-27T08:51:38+00:00","breadcrumb":{"@id":"https:\/\/reformapisos.com\/index.php\/empresas-de-reformas-integrales-para-pisos-y-viviendas-en-malaga\/#breadcrumb"},"inLanguage":"es","potentialAction":[{"@type":"ReadAction","target":["https:\/\/reformapisos.com\/index.php\/empresas-de-reformas-integrales-para-pisos-y-viviendas-en-malaga\/"]}]},{"@type":"ImageObject","inLanguage":"es","@id":"https:\/\/reformapisos.com\/index.php\/empresas-de-reformas-integrales-para-pisos-y-viviendas-en-malaga\/#primaryimage","url":"https:\/\/reformapisos.com\/wp-content\/uploads\/2023\/10\/16.png","contentUrl":"https:\/\/reformapisos.com\/wp-content\/uploads\/2023\/10\/16.png","width":1280,"height":360,"caption":"Empresas de reformas integrales para pisos y viviendas en M\u00e1laga"},{"@type":"BreadcrumbList","@id":"https:\/\/reformapisos.com\/index.php\/empresas-de-reformas-integrales-para-pisos-y-viviendas-en-malaga\/#breadcrumb","itemListElement":[{"@type":"ListItem","position":1,"name":"Portada","item":"https:\/\/reformapisos.com\/"},{"@type":"ListItem","position":2,"name":"Empresas de reformas integrales para pisos y viviendas en M\u00e1laga"}]},{"@type":"WebSite","@id":"https:\/\/reformapisos.com\/#website","url":"https:\/\/reformapisos.com\/","name":"Reformas integrales de pisos y viviendas","description":"Otro sitio realizado con WordPress","potentialAction":[{"@type":"SearchAction","target":{"@type":"EntryPoint","urlTemplate":"https:\/\/reformapisos.com\/?s={search_term_string}"},"query-input":"required name=search_term_string"}],"inLanguage":"es"}]}},"_links":{"self":[{"href":"https:\/\/reformapisos.com\/index.php\/wp-json\/wp\/v2\/pages\/2368"}],"collection":[{"href":"https:\/\/reformapisos.com\/index.php\/wp-json\/wp\/v2\/pages"}],"about":[{"href":"https:\/\/reformapisos.com\/index.php\/wp-json\/wp\/v2\/types\/page"}],"author":[{"embeddable":true,"href":"https:\/\/reformapisos.com\/index.php\/wp-json\/wp\/v2\/users\/2"}],"replies":[{"embeddable":true,"href":"https:\/\/reformapisos.com\/index.php\/wp-json\/wp\/v2\/comments?post=2368"}],"version-history":[{"count":6,"href":"https:\/\/reformapisos.com\/index.php\/wp-json\/wp\/v2\/pages\/2368\/revisions"}],"predecessor-version":[{"id":3351,"href":"https:\/\/reformapisos.com\/index.php\/wp-json\/wp\/v2\/pages\/2368\/revisions\/3351"}],"wp:attachment":[{"href":"https:\/\/reformapisos.com\/index.php\/wp-json\/wp\/v2\/media?parent=2368"}],"curies":[{"name":"wp","href":"https:\/\/api.w.org\/{rel}","templated":true}]}}