{"id":2393,"date":"2023-10-05T15:53:35","date_gmt":"2023-10-05T15:53:35","guid":{"rendered":"https:\/\/reformapisos.com\/?page_id=2393"},"modified":"2025-05-27T16:50:29","modified_gmt":"2025-05-27T16:50:29","slug":"empresas-de-reformas-integrales-para-pisos-y-viviendas-en-navarra","status":"publish","type":"page","link":"https:\/\/reformapisos.com\/index.php\/empresas-de-reformas-integrales-para-pisos-y-viviendas-en-navarra\/","title":{"rendered":"Empresas de reformas integrales para pisos y viviendas en Navarra"},"content":{"rendered":"\n<figure class=\"wp-block-image size-large\"><img loading=\"lazy\" decoding=\"async\" width=\"1024\" height=\"288\" src=\"https:\/\/reformapisos.com\/wp-content\/uploads\/2023\/10\/100-1024x288.png\" alt=\"\" class=\"wp-image-2902\" srcset=\"https:\/\/reformapisos.com\/wp-content\/uploads\/2023\/10\/100-1024x288.png 1024w, https:\/\/reformapisos.com\/wp-content\/uploads\/2023\/10\/100-300x84.png 300w, https:\/\/reformapisos.com\/wp-content\/uploads\/2023\/10\/100-768x216.png 768w, https:\/\/reformapisos.com\/wp-content\/uploads\/2023\/10\/100-444x125.png 444w, https:\/\/reformapisos.com\/wp-content\/uploads\/2023\/10\/100.png 1280w\" sizes=\"(max-width: 1024px) 100vw, 1024px\" \/><\/figure>\n\n\n\n<h1 class=\"wp-block-heading\"><strong>Empresas de Reformas Integrales para Pisos y Viviendas en Navarra<\/strong><\/h1>\n\n\n\n<p>Si buscas <strong>empresas de reformas integrales y baratas de pisos y viviendas en Navarra<\/strong>, visita ReformaPisos.com para encontrar ayuda de profesionales en tus <strong>reformas del hogar en Navarra<\/strong>. Contacta con nosotros para encontrar la mejor <strong>empresa de reformas integrales en Navarra<\/strong>.<\/p>\n\n\n\n<p>Nuestros colaboradores son expertos en adaptar tu vivienda a tus necesidades y estilo de vida, incrementando su valor y transformando cada espacio. Nos enfocamos en conectarte con <strong>empresas de construcci\u00f3n y reformas en Navarra<\/strong> que garantizan servicios completos, desde el dise\u00f1o hasta la ejecuci\u00f3n, asegurando la excelencia y tu satisfacci\u00f3n en cada proyecto.<\/p>\n\n\n\n<h2 class=\"wp-block-heading\"><strong>Las Mejores Empresas de Reformas Integrales en Navarra<\/strong><\/h2>\n\n\n\n<p>Encontrar una empresa de reformas de confianza en Navarra es clave para el \u00e9xito de tu proyecto. Para ayudarte a elegir la mejor opci\u00f3n para tus necesidades y presupuesto, te presentamos algunas de las <strong>mejores empresas de reformas en Navarra<\/strong>:<\/p>\n\n\n\n<ul>\n<li><strong>D3 Construcciones e Instalaciones:<\/strong> Con m\u00e1s de una d\u00e9cada de experiencia en <strong>reformas de viviendas en Navarra<\/strong>, ofrecen servicios completos y personalizados. Est\u00e1n comprometidos con la satisfacci\u00f3n del cliente y utilizan materiales de alta calidad en cada proyecto.<\/li>\n\n\n\n<li><strong>Ciaurriz Reformas &amp; Interiorismo:<\/strong> Con sede en Pamplona, esta empresa destaca por su enfoque en el dise\u00f1o de interiores y t\u00e9cnicas innovadoras de construcci\u00f3n para crear espacios \u00fanicos y funcionales. Son ideales para quienes buscan un toque de dise\u00f1o en sus <strong>reformas del hogar en Navarra<\/strong>.<\/li>\n\n\n\n<li><strong>Construcciones y Reformas Integrales RPR:<\/strong> Tambi\u00e9n con sede en Pamplona, esta empresa ofrece una amplia gama de servicios que incluyen <strong>reformas de ba\u00f1os en Navarra<\/strong> y <strong>reformas de cocinas en Navarra<\/strong>. Su dedicaci\u00f3n a la excelencia se refleja en el uso de materiales de primera calidad y en la atenci\u00f3n meticulosa a los detalles en cada proyecto.<\/li>\n<\/ul>\n\n\n\n<p>El <strong>precio medio de una reforma integral en Navarra<\/strong> para un piso de 80 m\u00b2 se sit\u00faa en torno a los 32.160 \u20ac, aunque puede oscilar entre 28.160 \u20ac y 40.320 \u20ac seg\u00fan la calidad de los materiales y la complejidad de la obra.<\/p>\n\n\n\n<h2 class=\"wp-block-heading\"><strong>Encuentra los Mejores Precios para tus Reformas en Navarra<\/strong><\/h2>\n\n\n\n<p>Te ofrecemos un listado de <strong>Empresas de reformas integrales para pisos y viviendas en Navarra<\/strong>. Entra en ReformaPisos.com para conseguir los <strong>mejores precios<\/strong> y contactar con profesionales y <strong>empresas de construcci\u00f3n<\/strong> con muchos a\u00f1os de experiencia en reformas de ba\u00f1os y otras estancias de tu hogar.<\/p>\n","protected":false},"excerpt":{"rendered":"Empresas de Reformas Integrales para Pisos y Viviendas en Navarra Si buscas empresas de reformas integrales y baratas de pisos y viviendas en Navarra, visita ReformaPisos.com para encontrar ayuda de profesionales en tus reformas del hogar en Navarra. Contacta con nosotros para encontrar la mejor empresa de reformas integrales en Navarra. Nuestros colaboradores son expertos[&#8230;]","protected":false},"author":2,"featured_media":0,"parent":0,"menu_order":0,"comment_status":"closed","ping_status":"closed","template":"","meta":{"footnotes":""},"yoast_head":"<!-- This site is optimized with the Yoast SEO plugin v22.9 - https:\/\/yoast.com\/wordpress\/plugins\/seo\/ -->\n<title>Empresas de reformas integrales para pisos y viviendas en Navarra - Reformas integrales de pisos y viviendas<\/title>\n<meta name=\"robots\" content=\"index, follow, max-snippet:-1, max-image-preview:large, max-video-preview:-1\" \/>\n<link rel=\"canonical\" href=\"https:\/\/reformapisos.com\/index.php\/empresas-de-reformas-integrales-para-pisos-y-viviendas-en-navarra\/\" \/>\n<meta property=\"og:locale\" content=\"es_ES\" \/>\n<meta property=\"og:type\" content=\"article\" \/>\n<meta property=\"og:title\" content=\"Empresas de reformas integrales para pisos y viviendas en Navarra - Reformas integrales de pisos y viviendas\" \/>\n<meta property=\"og:description\" content=\"Empresas de Reformas Integrales para Pisos y Viviendas en Navarra Si buscas empresas de reformas integrales y baratas de pisos y viviendas en Navarra, visita ReformaPisos.com para encontrar ayuda de profesionales en tus reformas del hogar en Navarra. Contacta con nosotros para encontrar la mejor empresa de reformas integrales en Navarra. Nuestros colaboradores son expertos[...]\" \/>\n<meta property=\"og:url\" content=\"https:\/\/reformapisos.com\/index.php\/empresas-de-reformas-integrales-para-pisos-y-viviendas-en-navarra\/\" \/>\n<meta property=\"og:site_name\" content=\"Reformas integrales de pisos y viviendas\" \/>\n<meta property=\"article:modified_time\" content=\"2025-05-27T16:50:29+00:00\" \/>\n<meta property=\"og:image\" content=\"https:\/\/reformapisos.com\/wp-content\/uploads\/2023\/10\/100-1024x288.png\" \/>\n<meta name=\"twitter:card\" content=\"summary_large_image\" \/>\n<meta name=\"twitter:label1\" content=\"Tiempo de lectura\" \/>\n\t<meta name=\"twitter:data1\" content=\"2 minutos\" \/>\n<script type=\"application\/ld+json\" class=\"yoast-schema-graph\">{\"@context\":\"https:\/\/schema.org\",\"@graph\":[{\"@type\":\"WebPage\",\"@id\":\"https:\/\/reformapisos.com\/index.php\/empresas-de-reformas-integrales-para-pisos-y-viviendas-en-navarra\/\",\"url\":\"https:\/\/reformapisos.com\/index.php\/empresas-de-reformas-integrales-para-pisos-y-viviendas-en-navarra\/\",\"name\":\"Empresas de reformas integrales para pisos y viviendas en Navarra - Reformas integrales de pisos y viviendas\",\"isPartOf\":{\"@id\":\"https:\/\/reformapisos.com\/#website\"},\"primaryImageOfPage\":{\"@id\":\"https:\/\/reformapisos.com\/index.php\/empresas-de-reformas-integrales-para-pisos-y-viviendas-en-navarra\/#primaryimage\"},\"image\":{\"@id\":\"https:\/\/reformapisos.com\/index.php\/empresas-de-reformas-integrales-para-pisos-y-viviendas-en-navarra\/#primaryimage\"},\"thumbnailUrl\":\"https:\/\/reformapisos.com\/wp-content\/uploads\/2023\/10\/100-1024x288.png\",\"datePublished\":\"2023-10-05T15:53:35+00:00\",\"dateModified\":\"2025-05-27T16:50:29+00:00\",\"breadcrumb\":{\"@id\":\"https:\/\/reformapisos.com\/index.php\/empresas-de-reformas-integrales-para-pisos-y-viviendas-en-navarra\/#breadcrumb\"},\"inLanguage\":\"es\",\"potentialAction\":[{\"@type\":\"ReadAction\",\"target\":[\"https:\/\/reformapisos.com\/index.php\/empresas-de-reformas-integrales-para-pisos-y-viviendas-en-navarra\/\"]}]},{\"@type\":\"ImageObject\",\"inLanguage\":\"es\",\"@id\":\"https:\/\/reformapisos.com\/index.php\/empresas-de-reformas-integrales-para-pisos-y-viviendas-en-navarra\/#primaryimage\",\"url\":\"https:\/\/reformapisos.com\/wp-content\/uploads\/2023\/10\/100.png\",\"contentUrl\":\"https:\/\/reformapisos.com\/wp-content\/uploads\/2023\/10\/100.png\",\"width\":1280,\"height\":360,\"caption\":\"Empresas de reformas integrales para pisos y viviendas en Navarra\"},{\"@type\":\"BreadcrumbList\",\"@id\":\"https:\/\/reformapisos.com\/index.php\/empresas-de-reformas-integrales-para-pisos-y-viviendas-en-navarra\/#breadcrumb\",\"itemListElement\":[{\"@type\":\"ListItem\",\"position\":1,\"name\":\"Portada\",\"item\":\"https:\/\/reformapisos.com\/\"},{\"@type\":\"ListItem\",\"position\":2,\"name\":\"Empresas de reformas integrales para pisos y viviendas en Navarra\"}]},{\"@type\":\"WebSite\",\"@id\":\"https:\/\/reformapisos.com\/#website\",\"url\":\"https:\/\/reformapisos.com\/\",\"name\":\"Reformas integrales de pisos y viviendas\",\"description\":\"Otro sitio realizado con WordPress\",\"potentialAction\":[{\"@type\":\"SearchAction\",\"target\":{\"@type\":\"EntryPoint\",\"urlTemplate\":\"https:\/\/reformapisos.com\/?s={search_term_string}\"},\"query-input\":\"required name=search_term_string\"}],\"inLanguage\":\"es\"}]}<\/script>\n<!-- \/ Yoast SEO plugin. -->","yoast_head_json":{"title":"Empresas de reformas integrales para pisos y viviendas en Navarra - Reformas integrales de pisos y viviendas","robots":{"index":"index","follow":"follow","max-snippet":"max-snippet:-1","max-image-preview":"max-image-preview:large","max-video-preview":"max-video-preview:-1"},"canonical":"https:\/\/reformapisos.com\/index.php\/empresas-de-reformas-integrales-para-pisos-y-viviendas-en-navarra\/","og_locale":"es_ES","og_type":"article","og_title":"Empresas de reformas integrales para pisos y viviendas en Navarra - Reformas integrales de pisos y viviendas","og_description":"Empresas de Reformas Integrales para Pisos y Viviendas en Navarra Si buscas empresas de reformas integrales y baratas de pisos y viviendas en Navarra, visita ReformaPisos.com para encontrar ayuda de profesionales en tus reformas del hogar en Navarra. Contacta con nosotros para encontrar la mejor empresa de reformas integrales en Navarra. Nuestros colaboradores son expertos[...]","og_url":"https:\/\/reformapisos.com\/index.php\/empresas-de-reformas-integrales-para-pisos-y-viviendas-en-navarra\/","og_site_name":"Reformas integrales de pisos y viviendas","article_modified_time":"2025-05-27T16:50:29+00:00","og_image":[{"url":"https:\/\/reformapisos.com\/wp-content\/uploads\/2023\/10\/100-1024x288.png"}],"twitter_card":"summary_large_image","twitter_misc":{"Tiempo de lectura":"2 minutos"},"schema":{"@context":"https:\/\/schema.org","@graph":[{"@type":"WebPage","@id":"https:\/\/reformapisos.com\/index.php\/empresas-de-reformas-integrales-para-pisos-y-viviendas-en-navarra\/","url":"https:\/\/reformapisos.com\/index.php\/empresas-de-reformas-integrales-para-pisos-y-viviendas-en-navarra\/","name":"Empresas de reformas integrales para pisos y viviendas en Navarra - Reformas integrales de pisos y viviendas","isPartOf":{"@id":"https:\/\/reformapisos.com\/#website"},"primaryImageOfPage":{"@id":"https:\/\/reformapisos.com\/index.php\/empresas-de-reformas-integrales-para-pisos-y-viviendas-en-navarra\/#primaryimage"},"image":{"@id":"https:\/\/reformapisos.com\/index.php\/empresas-de-reformas-integrales-para-pisos-y-viviendas-en-navarra\/#primaryimage"},"thumbnailUrl":"https:\/\/reformapisos.com\/wp-content\/uploads\/2023\/10\/100-1024x288.png","datePublished":"2023-10-05T15:53:35+00:00","dateModified":"2025-05-27T16:50:29+00:00","breadcrumb":{"@id":"https:\/\/reformapisos.com\/index.php\/empresas-de-reformas-integrales-para-pisos-y-viviendas-en-navarra\/#breadcrumb"},"inLanguage":"es","potentialAction":[{"@type":"ReadAction","target":["https:\/\/reformapisos.com\/index.php\/empresas-de-reformas-integrales-para-pisos-y-viviendas-en-navarra\/"]}]},{"@type":"ImageObject","inLanguage":"es","@id":"https:\/\/reformapisos.com\/index.php\/empresas-de-reformas-integrales-para-pisos-y-viviendas-en-navarra\/#primaryimage","url":"https:\/\/reformapisos.com\/wp-content\/uploads\/2023\/10\/100.png","contentUrl":"https:\/\/reformapisos.com\/wp-content\/uploads\/2023\/10\/100.png","width":1280,"height":360,"caption":"Empresas de reformas integrales para pisos y viviendas en Navarra"},{"@type":"BreadcrumbList","@id":"https:\/\/reformapisos.com\/index.php\/empresas-de-reformas-integrales-para-pisos-y-viviendas-en-navarra\/#breadcrumb","itemListElement":[{"@type":"ListItem","position":1,"name":"Portada","item":"https:\/\/reformapisos.com\/"},{"@type":"ListItem","position":2,"name":"Empresas de reformas integrales para pisos y viviendas en Navarra"}]},{"@type":"WebSite","@id":"https:\/\/reformapisos.com\/#website","url":"https:\/\/reformapisos.com\/","name":"Reformas integrales de pisos y viviendas","description":"Otro sitio realizado con WordPress","potentialAction":[{"@type":"SearchAction","target":{"@type":"EntryPoint","urlTemplate":"https:\/\/reformapisos.com\/?s={search_term_string}"},"query-input":"required name=search_term_string"}],"inLanguage":"es"}]}},"_links":{"self":[{"href":"https:\/\/reformapisos.com\/index.php\/wp-json\/wp\/v2\/pages\/2393"}],"collection":[{"href":"https:\/\/reformapisos.com\/index.php\/wp-json\/wp\/v2\/pages"}],"about":[{"href":"https:\/\/reformapisos.com\/index.php\/wp-json\/wp\/v2\/types\/page"}],"author":[{"embeddable":true,"href":"https:\/\/reformapisos.com\/index.php\/wp-json\/wp\/v2\/users\/2"}],"replies":[{"embeddable":true,"href":"https:\/\/reformapisos.com\/index.php\/wp-json\/wp\/v2\/comments?post=2393"}],"version-history":[{"count":5,"href":"https:\/\/reformapisos.com\/index.php\/wp-json\/wp\/v2\/pages\/2393\/revisions"}],"predecessor-version":[{"id":3431,"href":"https:\/\/reformapisos.com\/index.php\/wp-json\/wp\/v2\/pages\/2393\/revisions\/3431"}],"wp:attachment":[{"href":"https:\/\/reformapisos.com\/index.php\/wp-json\/wp\/v2\/media?parent=2393"}],"curies":[{"name":"wp","href":"https:\/\/api.w.org\/{rel}","templated":true}]}}