{"id":2396,"date":"2023-10-05T15:53:49","date_gmt":"2023-10-05T15:53:49","guid":{"rendered":"https:\/\/reformapisos.com\/?page_id=2396"},"modified":"2025-05-27T16:46:25","modified_gmt":"2025-05-27T16:46:25","slug":"pintores-de-pisos-para-reformas-y-reparaciones-del-hogar-en-soria","status":"publish","type":"page","link":"https:\/\/reformapisos.com\/index.php\/pintores-de-pisos-para-reformas-y-reparaciones-del-hogar-en-soria\/","title":{"rendered":"Pintores de pisos para reformas y reparaciones del hogar en Soria"},"content":{"rendered":"\n<figure class=\"wp-block-image size-large\"><img loading=\"lazy\" decoding=\"async\" width=\"1024\" height=\"288\" src=\"https:\/\/reformapisos.com\/wp-content\/uploads\/2023\/10\/99-1024x288.png\" alt=\"\" class=\"wp-image-2900\" srcset=\"https:\/\/reformapisos.com\/wp-content\/uploads\/2023\/10\/99-1024x288.png 1024w, https:\/\/reformapisos.com\/wp-content\/uploads\/2023\/10\/99-300x84.png 300w, https:\/\/reformapisos.com\/wp-content\/uploads\/2023\/10\/99-768x216.png 768w, https:\/\/reformapisos.com\/wp-content\/uploads\/2023\/10\/99-444x125.png 444w, https:\/\/reformapisos.com\/wp-content\/uploads\/2023\/10\/99.png 1280w\" sizes=\"(max-width: 1024px) 100vw, 1024px\" \/><\/figure>\n\n\n\n<h1 class=\"wp-block-heading\"><strong>Pintores a Domicilio en Soria: Reformas y Reparaciones<\/strong><\/h1>\n\n\n\n<p>Si est\u00e1s buscando <strong>pintores para reformas en la vivienda<\/strong> o si te surgen <strong>reparaciones y urgencias 24 horas en Soria<\/strong>, con ReformaPisos.com puedes encontrar <strong>empresas de pintores en Soria<\/strong>, y tambi\u00e9n <strong>pintores en Soria baratos cerca de ti<\/strong>. No te lo pienses m\u00e1s y contacta con profesionales con a\u00f1os de experiencia para tus <strong>reparaciones urgentes y reformas integrales en Soria<\/strong>.<\/p>\n\n\n\n<p>Nuestros colaboradores son expertos en transformar tu piso, haciendo que el ambiente sea m\u00e1s luminoso, acogedor o moderno, seg\u00fan tus preferencias. Nos enfocamos en conectarte con <strong>empresas de pintura en Soria<\/strong> que garantizan servicios de alta calidad y se adaptan a tus necesidades, siempre considerando una excelente relaci\u00f3n entre calidad y el <strong>precio de pintar un piso en Soria<\/strong>.<\/p>\n\n\n\n<h2 class=\"wp-block-heading\"><strong>Las Mejores Empresas de Pintores para tu Hogar en Soria<\/strong><\/h2>\n\n\n\n<p>Encontrar una empresa de pintores de confianza en Soria es esencial para un acabado impecable. Para ayudarte a elegir la mejor opci\u00f3n para tus necesidades y presupuesto, te presentamos algunas de las <strong>empresas de pintores de pisos en Soria<\/strong> m\u00e1s recomendadas:<\/p>\n\n\n\n<ul>\n<li><strong>Pintores Juan Carlos \u2013 Soria:<\/strong> Esta <strong>empresa de pintores en Soria<\/strong> cuenta con m\u00e1s de 10 a\u00f1os de experiencia en el sector y ofrece una amplia gama de servicios de pintura para interiores y exteriores. Tienen una calificaci\u00f3n de 5.0 estrellas en Google, y sus <strong>precios para pintar pisos en Soria<\/strong> son competitivos.<\/li>\n\n\n\n<li><strong>Pintura y Decoraci\u00f3n Chema:<\/strong> Esta <strong>empresa de pintores en Soria<\/strong> ofrece servicios de pintura, empapelado, alisado de paredes, estucado y lacado de muebles. Tienen una calificaci\u00f3n de 5.0 estrellas en Google y se especializan en <strong>pintura y reformas en Soria<\/strong>.<\/li>\n\n\n\n<li><strong>Pintores Esteban:<\/strong> Esta <strong>empresa de pintores en Soria<\/strong> es especialista en pintura de interiores y exteriores, eliminaci\u00f3n de gotel\u00e9, alisado de paredes y estucado. Tienen una calificaci\u00f3n de 5.0 estrellas en Google y se destacan como una opci\u00f3n de <strong>pintor barato en Soria<\/strong>.<\/li>\n<\/ul>\n\n\n\n<p>Cuando pienses en <strong>pintura y reformas en Soria<\/strong>, recuerda que contratar una <strong>empresa de pintores en Soria<\/strong> te garantizar\u00e1 un trabajo profesional y de alta calidad. Los <strong>precios para pintar un piso en Soria<\/strong> var\u00edan seg\u00fan el tama\u00f1o y el tipo de trabajo requerido, pero puedes estar seguro de encontrar opciones que se ajusten a tu presupuesto y necesidades.<\/p>\n\n\n\n<h2 class=\"wp-block-heading\"><strong>Encuentra los Mejores Precios para tus Proyectos de Pintura en Soria<\/strong><\/h2>\n\n\n\n<p>Consulta el listado de <strong>pintores de pisos para reformas y reparaciones del hogar en Soria<\/strong>. Entra en ReformaPisos.com para conseguir los <strong>mejores precios<\/strong> y contactar con profesionales con muchos a\u00f1os de experiencia en reformas de ba\u00f1os y otras estancias de tu hogar.<\/p>\n","protected":false},"excerpt":{"rendered":"Pintores a Domicilio en Soria: Reformas y Reparaciones Si est\u00e1s buscando pintores para reformas en la vivienda o si te surgen reparaciones y urgencias 24 horas en Soria, con ReformaPisos.com puedes encontrar empresas de pintores en Soria, y tambi\u00e9n pintores en Soria baratos cerca de ti. No te lo pienses m\u00e1s y contacta con profesionales[&#8230;]","protected":false},"author":2,"featured_media":0,"parent":0,"menu_order":0,"comment_status":"closed","ping_status":"closed","template":"","meta":{"footnotes":""},"yoast_head":"<!-- This site is optimized with the Yoast SEO plugin v22.9 - https:\/\/yoast.com\/wordpress\/plugins\/seo\/ -->\n<title>Pintores de pisos para reformas y reparaciones del hogar en Soria - Reformas integrales de pisos y viviendas<\/title>\n<meta name=\"robots\" content=\"index, follow, max-snippet:-1, max-image-preview:large, max-video-preview:-1\" \/>\n<link rel=\"canonical\" href=\"https:\/\/reformapisos.com\/index.php\/pintores-de-pisos-para-reformas-y-reparaciones-del-hogar-en-soria\/\" \/>\n<meta property=\"og:locale\" content=\"es_ES\" \/>\n<meta property=\"og:type\" content=\"article\" \/>\n<meta property=\"og:title\" content=\"Pintores de pisos para reformas y reparaciones del hogar en Soria - Reformas integrales de pisos y viviendas\" \/>\n<meta property=\"og:description\" content=\"Pintores a Domicilio en Soria: Reformas y Reparaciones Si est\u00e1s buscando pintores para reformas en la vivienda o si te surgen reparaciones y urgencias 24 horas en Soria, con ReformaPisos.com puedes encontrar empresas de pintores en Soria, y tambi\u00e9n pintores en Soria baratos cerca de ti. No te lo pienses m\u00e1s y contacta con profesionales[...]\" \/>\n<meta property=\"og:url\" content=\"https:\/\/reformapisos.com\/index.php\/pintores-de-pisos-para-reformas-y-reparaciones-del-hogar-en-soria\/\" \/>\n<meta property=\"og:site_name\" content=\"Reformas integrales de pisos y viviendas\" \/>\n<meta property=\"article:modified_time\" content=\"2025-05-27T16:46:25+00:00\" \/>\n<meta property=\"og:image\" content=\"https:\/\/reformapisos.com\/wp-content\/uploads\/2023\/10\/99-1024x288.png\" \/>\n<meta name=\"twitter:card\" content=\"summary_large_image\" \/>\n<meta name=\"twitter:label1\" content=\"Tiempo de lectura\" \/>\n\t<meta name=\"twitter:data1\" content=\"3 minutos\" \/>\n<script type=\"application\/ld+json\" class=\"yoast-schema-graph\">{\"@context\":\"https:\/\/schema.org\",\"@graph\":[{\"@type\":\"WebPage\",\"@id\":\"https:\/\/reformapisos.com\/index.php\/pintores-de-pisos-para-reformas-y-reparaciones-del-hogar-en-soria\/\",\"url\":\"https:\/\/reformapisos.com\/index.php\/pintores-de-pisos-para-reformas-y-reparaciones-del-hogar-en-soria\/\",\"name\":\"Pintores de pisos para reformas y reparaciones del hogar en Soria - Reformas integrales de pisos y viviendas\",\"isPartOf\":{\"@id\":\"https:\/\/reformapisos.com\/#website\"},\"primaryImageOfPage\":{\"@id\":\"https:\/\/reformapisos.com\/index.php\/pintores-de-pisos-para-reformas-y-reparaciones-del-hogar-en-soria\/#primaryimage\"},\"image\":{\"@id\":\"https:\/\/reformapisos.com\/index.php\/pintores-de-pisos-para-reformas-y-reparaciones-del-hogar-en-soria\/#primaryimage\"},\"thumbnailUrl\":\"https:\/\/reformapisos.com\/wp-content\/uploads\/2023\/10\/99-1024x288.png\",\"datePublished\":\"2023-10-05T15:53:49+00:00\",\"dateModified\":\"2025-05-27T16:46:25+00:00\",\"breadcrumb\":{\"@id\":\"https:\/\/reformapisos.com\/index.php\/pintores-de-pisos-para-reformas-y-reparaciones-del-hogar-en-soria\/#breadcrumb\"},\"inLanguage\":\"es\",\"potentialAction\":[{\"@type\":\"ReadAction\",\"target\":[\"https:\/\/reformapisos.com\/index.php\/pintores-de-pisos-para-reformas-y-reparaciones-del-hogar-en-soria\/\"]}]},{\"@type\":\"ImageObject\",\"inLanguage\":\"es\",\"@id\":\"https:\/\/reformapisos.com\/index.php\/pintores-de-pisos-para-reformas-y-reparaciones-del-hogar-en-soria\/#primaryimage\",\"url\":\"https:\/\/reformapisos.com\/wp-content\/uploads\/2023\/10\/99.png\",\"contentUrl\":\"https:\/\/reformapisos.com\/wp-content\/uploads\/2023\/10\/99.png\",\"width\":1280,\"height\":360,\"caption\":\"Pintores de pisos para reformas y reparaciones del hogar en Soria\"},{\"@type\":\"BreadcrumbList\",\"@id\":\"https:\/\/reformapisos.com\/index.php\/pintores-de-pisos-para-reformas-y-reparaciones-del-hogar-en-soria\/#breadcrumb\",\"itemListElement\":[{\"@type\":\"ListItem\",\"position\":1,\"name\":\"Portada\",\"item\":\"https:\/\/reformapisos.com\/\"},{\"@type\":\"ListItem\",\"position\":2,\"name\":\"Pintores de pisos para reformas y reparaciones del hogar en Soria\"}]},{\"@type\":\"WebSite\",\"@id\":\"https:\/\/reformapisos.com\/#website\",\"url\":\"https:\/\/reformapisos.com\/\",\"name\":\"Reformas integrales de pisos y viviendas\",\"description\":\"Otro sitio realizado con WordPress\",\"potentialAction\":[{\"@type\":\"SearchAction\",\"target\":{\"@type\":\"EntryPoint\",\"urlTemplate\":\"https:\/\/reformapisos.com\/?s={search_term_string}\"},\"query-input\":\"required name=search_term_string\"}],\"inLanguage\":\"es\"}]}<\/script>\n<!-- \/ Yoast SEO plugin. -->","yoast_head_json":{"title":"Pintores de pisos para reformas y reparaciones del hogar en Soria - Reformas integrales de pisos y viviendas","robots":{"index":"index","follow":"follow","max-snippet":"max-snippet:-1","max-image-preview":"max-image-preview:large","max-video-preview":"max-video-preview:-1"},"canonical":"https:\/\/reformapisos.com\/index.php\/pintores-de-pisos-para-reformas-y-reparaciones-del-hogar-en-soria\/","og_locale":"es_ES","og_type":"article","og_title":"Pintores de pisos para reformas y reparaciones del hogar en Soria - Reformas integrales de pisos y viviendas","og_description":"Pintores a Domicilio en Soria: Reformas y Reparaciones Si est\u00e1s buscando pintores para reformas en la vivienda o si te surgen reparaciones y urgencias 24 horas en Soria, con ReformaPisos.com puedes encontrar empresas de pintores en Soria, y tambi\u00e9n pintores en Soria baratos cerca de ti. No te lo pienses m\u00e1s y contacta con profesionales[...]","og_url":"https:\/\/reformapisos.com\/index.php\/pintores-de-pisos-para-reformas-y-reparaciones-del-hogar-en-soria\/","og_site_name":"Reformas integrales de pisos y viviendas","article_modified_time":"2025-05-27T16:46:25+00:00","og_image":[{"url":"https:\/\/reformapisos.com\/wp-content\/uploads\/2023\/10\/99-1024x288.png"}],"twitter_card":"summary_large_image","twitter_misc":{"Tiempo de lectura":"3 minutos"},"schema":{"@context":"https:\/\/schema.org","@graph":[{"@type":"WebPage","@id":"https:\/\/reformapisos.com\/index.php\/pintores-de-pisos-para-reformas-y-reparaciones-del-hogar-en-soria\/","url":"https:\/\/reformapisos.com\/index.php\/pintores-de-pisos-para-reformas-y-reparaciones-del-hogar-en-soria\/","name":"Pintores de pisos para reformas y reparaciones del hogar en Soria - Reformas integrales de pisos y viviendas","isPartOf":{"@id":"https:\/\/reformapisos.com\/#website"},"primaryImageOfPage":{"@id":"https:\/\/reformapisos.com\/index.php\/pintores-de-pisos-para-reformas-y-reparaciones-del-hogar-en-soria\/#primaryimage"},"image":{"@id":"https:\/\/reformapisos.com\/index.php\/pintores-de-pisos-para-reformas-y-reparaciones-del-hogar-en-soria\/#primaryimage"},"thumbnailUrl":"https:\/\/reformapisos.com\/wp-content\/uploads\/2023\/10\/99-1024x288.png","datePublished":"2023-10-05T15:53:49+00:00","dateModified":"2025-05-27T16:46:25+00:00","breadcrumb":{"@id":"https:\/\/reformapisos.com\/index.php\/pintores-de-pisos-para-reformas-y-reparaciones-del-hogar-en-soria\/#breadcrumb"},"inLanguage":"es","potentialAction":[{"@type":"ReadAction","target":["https:\/\/reformapisos.com\/index.php\/pintores-de-pisos-para-reformas-y-reparaciones-del-hogar-en-soria\/"]}]},{"@type":"ImageObject","inLanguage":"es","@id":"https:\/\/reformapisos.com\/index.php\/pintores-de-pisos-para-reformas-y-reparaciones-del-hogar-en-soria\/#primaryimage","url":"https:\/\/reformapisos.com\/wp-content\/uploads\/2023\/10\/99.png","contentUrl":"https:\/\/reformapisos.com\/wp-content\/uploads\/2023\/10\/99.png","width":1280,"height":360,"caption":"Pintores de pisos para reformas y reparaciones del hogar en Soria"},{"@type":"BreadcrumbList","@id":"https:\/\/reformapisos.com\/index.php\/pintores-de-pisos-para-reformas-y-reparaciones-del-hogar-en-soria\/#breadcrumb","itemListElement":[{"@type":"ListItem","position":1,"name":"Portada","item":"https:\/\/reformapisos.com\/"},{"@type":"ListItem","position":2,"name":"Pintores de pisos para reformas y reparaciones del hogar en Soria"}]},{"@type":"WebSite","@id":"https:\/\/reformapisos.com\/#website","url":"https:\/\/reformapisos.com\/","name":"Reformas integrales de pisos y viviendas","description":"Otro sitio realizado con WordPress","potentialAction":[{"@type":"SearchAction","target":{"@type":"EntryPoint","urlTemplate":"https:\/\/reformapisos.com\/?s={search_term_string}"},"query-input":"required name=search_term_string"}],"inLanguage":"es"}]}},"_links":{"self":[{"href":"https:\/\/reformapisos.com\/index.php\/wp-json\/wp\/v2\/pages\/2396"}],"collection":[{"href":"https:\/\/reformapisos.com\/index.php\/wp-json\/wp\/v2\/pages"}],"about":[{"href":"https:\/\/reformapisos.com\/index.php\/wp-json\/wp\/v2\/types\/page"}],"author":[{"embeddable":true,"href":"https:\/\/reformapisos.com\/index.php\/wp-json\/wp\/v2\/users\/2"}],"replies":[{"embeddable":true,"href":"https:\/\/reformapisos.com\/index.php\/wp-json\/wp\/v2\/comments?post=2396"}],"version-history":[{"count":6,"href":"https:\/\/reformapisos.com\/index.php\/wp-json\/wp\/v2\/pages\/2396\/revisions"}],"predecessor-version":[{"id":3430,"href":"https:\/\/reformapisos.com\/index.php\/wp-json\/wp\/v2\/pages\/2396\/revisions\/3430"}],"wp:attachment":[{"href":"https:\/\/reformapisos.com\/index.php\/wp-json\/wp\/v2\/media?parent=2396"}],"curies":[{"name":"wp","href":"https:\/\/api.w.org\/{rel}","templated":true}]}}