{"id":2412,"date":"2023-10-05T15:55:48","date_gmt":"2023-10-05T15:55:48","guid":{"rendered":"https:\/\/reformapisos.com\/?page_id=2412"},"modified":"2025-05-27T09:49:45","modified_gmt":"2025-05-27T09:49:45","slug":"empresas-de-reformas-integrales-para-pisos-y-viviendas-en-granada","status":"publish","type":"page","link":"https:\/\/reformapisos.com\/index.php\/empresas-de-reformas-integrales-para-pisos-y-viviendas-en-granada\/","title":{"rendered":"Empresas de reformas integrales para pisos y viviendas en Granada"},"content":{"rendered":"\n<p><\/p>\n\n\n\n<figure class=\"wp-block-image size-large\"><img loading=\"lazy\" decoding=\"async\" width=\"1024\" height=\"288\" src=\"https:\/\/reformapisos.com\/wp-content\/uploads\/2023\/10\/27-1024x288.png\" alt=\"\" class=\"wp-image-2886\" srcset=\"https:\/\/reformapisos.com\/wp-content\/uploads\/2023\/10\/27-1024x288.png 1024w, https:\/\/reformapisos.com\/wp-content\/uploads\/2023\/10\/27-300x84.png 300w, https:\/\/reformapisos.com\/wp-content\/uploads\/2023\/10\/27-768x216.png 768w, https:\/\/reformapisos.com\/wp-content\/uploads\/2023\/10\/27-444x125.png 444w, https:\/\/reformapisos.com\/wp-content\/uploads\/2023\/10\/27.png 1280w\" sizes=\"(max-width: 1024px) 100vw, 1024px\" \/><\/figure>\n\n\n\n<h1 class=\"wp-block-heading\"><strong>Empresas de Reformas Integrales para Pisos y Viviendas en Granada<\/strong><\/h1>\n\n\n\n<p>Si necesitas <strong>empresas de reformas integrales y baratas en Granada<\/strong>, con ReformaPisos.com te ofrecemos un listado de <strong>empresas de reformas de viviendas y del hogar en Granada<\/strong>. Contacta con profesionales con a\u00f1os de experiencia en <strong>reforma de cocina y reformas de ba\u00f1os en Granada<\/strong>.<\/p>\n\n\n\n<p>Nuestros colaboradores son expertos en adaptar tu vivienda a tus necesidades y estilo de vida, incrementando su valor y transformando cada espacio. Nos enfocamos en conectarte con <strong>empresas de construcci\u00f3n y reformas en Granada<\/strong> que garantizan servicios completos, desde el dise\u00f1o hasta la ejecuci\u00f3n, asegurando la excelencia y tu satisfacci\u00f3n en cada proyecto.<\/p>\n\n\n\n<h2 class=\"wp-block-heading\"><strong>Las Mejores Empresas de Reformas Integrales en Granada<\/strong><\/h2>\n\n\n\n<p>Encontrar una empresa de reformas de confianza en Granada es clave para el \u00e9xito de tu proyecto. Para ayudarte a elegir la mejor opci\u00f3n para tus necesidades y presupuesto, te presentamos algunas de las <strong>mejores empresas de reformas en Granada<\/strong>:<\/p>\n\n\n\n<ul>\n<li><strong>Emilio Callejas S.L.:<\/strong> Con m\u00e1s de 30 a\u00f1os de experiencia, se especializan en <strong>reformas integrales de alta calidad en Granada<\/strong>. Su equipo de profesionales cualificados y el uso de materiales de primera calidad aseguran la excelencia en cada proyecto.<\/li>\n\n\n\n<li><strong>Altia Reformas:<\/strong> Esta empresa se distingue por su atenci\u00f3n al cliente y su compromiso con la calidad. Ofrecen presupuestos personalizados y plazos de entrega ajustados, adapt\u00e1ndose a las necesidades espec\u00edficas de cada cliente.<\/li>\n\n\n\n<li><strong>QB Constructora:<\/strong> Expertos en <strong>reformas integrales de cocinas y ba\u00f1os en Granada<\/strong>, ofrecen soluciones funcionales y est\u00e9ticas, adapt\u00e1ndose a tus necesidades y estilo. Su experiencia es una gran garant\u00eda de \u00e9xito.<\/li>\n\n\n\n<li><strong>Cava y Romero:<\/strong> Reconocida como \u00abla mejor empresa de reformas en Granada\u00bb por sus clientes, destacan por sus reformas integrales exclusivas y su servicio personalizado, optimizando recursos y creando espacios funcionales y est\u00e9ticos.<\/li>\n<\/ul>\n\n\n\n<p>Estas <strong>empresas de obras y reformas en Granada<\/strong> ofrecen una amplia gama de servicios, desde construcciones hasta <strong>reformas baratas en Granada<\/strong>, combinando funcionalidad y est\u00e9tica sin comprometer la calidad.<\/p>\n\n\n\n<h2 class=\"wp-block-heading\"><strong>Encuentra los Mejores Precios para tus Reformas en Granada<\/strong><\/h2>\n\n\n\n<p>Si buscas las mejores <strong>empresas de reformas integrales para pisos y viviendas en Granada<\/strong>, entra en ReformaPisos.com para conseguir los <strong>mejores precios<\/strong> y contactar con profesionales y <strong>empresas de construcci\u00f3n<\/strong> con muchos a\u00f1os de experiencia en <strong>reformas de pisos y viviendas<\/strong>.<\/p>\n","protected":false},"excerpt":{"rendered":"Empresas de Reformas Integrales para Pisos y Viviendas en Granada Si necesitas empresas de reformas integrales y baratas en Granada, con ReformaPisos.com te ofrecemos un listado de empresas de reformas de viviendas y del hogar en Granada. Contacta con profesionales con a\u00f1os de experiencia en reforma de cocina y reformas de ba\u00f1os en Granada. Nuestros[&#8230;]","protected":false},"author":2,"featured_media":0,"parent":0,"menu_order":0,"comment_status":"closed","ping_status":"closed","template":"","meta":{"footnotes":""},"yoast_head":"<!-- This site is optimized with the Yoast SEO plugin v22.9 - https:\/\/yoast.com\/wordpress\/plugins\/seo\/ -->\n<title>Empresas de reformas integrales para pisos y viviendas en Granada - Reformas integrales de pisos y viviendas<\/title>\n<meta name=\"robots\" content=\"index, follow, max-snippet:-1, max-image-preview:large, max-video-preview:-1\" \/>\n<link rel=\"canonical\" href=\"https:\/\/reformapisos.com\/index.php\/empresas-de-reformas-integrales-para-pisos-y-viviendas-en-granada\/\" \/>\n<meta property=\"og:locale\" content=\"es_ES\" \/>\n<meta property=\"og:type\" content=\"article\" \/>\n<meta property=\"og:title\" content=\"Empresas de reformas integrales para pisos y viviendas en Granada - Reformas integrales de pisos y viviendas\" \/>\n<meta property=\"og:description\" content=\"Empresas de Reformas Integrales para Pisos y Viviendas en Granada Si necesitas empresas de reformas integrales y baratas en Granada, con ReformaPisos.com te ofrecemos un listado de empresas de reformas de viviendas y del hogar en Granada. Contacta con profesionales con a\u00f1os de experiencia en reforma de cocina y reformas de ba\u00f1os en Granada. Nuestros[...]\" \/>\n<meta property=\"og:url\" content=\"https:\/\/reformapisos.com\/index.php\/empresas-de-reformas-integrales-para-pisos-y-viviendas-en-granada\/\" \/>\n<meta property=\"og:site_name\" content=\"Reformas integrales de pisos y viviendas\" \/>\n<meta property=\"article:modified_time\" content=\"2025-05-27T09:49:45+00:00\" \/>\n<meta property=\"og:image\" content=\"https:\/\/reformapisos.com\/wp-content\/uploads\/2023\/10\/27-1024x288.png\" \/>\n<meta name=\"twitter:card\" content=\"summary_large_image\" \/>\n<meta name=\"twitter:label1\" content=\"Tiempo de lectura\" \/>\n\t<meta name=\"twitter:data1\" content=\"2 minutos\" \/>\n<script type=\"application\/ld+json\" class=\"yoast-schema-graph\">{\"@context\":\"https:\/\/schema.org\",\"@graph\":[{\"@type\":\"WebPage\",\"@id\":\"https:\/\/reformapisos.com\/index.php\/empresas-de-reformas-integrales-para-pisos-y-viviendas-en-granada\/\",\"url\":\"https:\/\/reformapisos.com\/index.php\/empresas-de-reformas-integrales-para-pisos-y-viviendas-en-granada\/\",\"name\":\"Empresas de reformas integrales para pisos y viviendas en Granada - Reformas integrales de pisos y viviendas\",\"isPartOf\":{\"@id\":\"https:\/\/reformapisos.com\/#website\"},\"primaryImageOfPage\":{\"@id\":\"https:\/\/reformapisos.com\/index.php\/empresas-de-reformas-integrales-para-pisos-y-viviendas-en-granada\/#primaryimage\"},\"image\":{\"@id\":\"https:\/\/reformapisos.com\/index.php\/empresas-de-reformas-integrales-para-pisos-y-viviendas-en-granada\/#primaryimage\"},\"thumbnailUrl\":\"https:\/\/reformapisos.com\/wp-content\/uploads\/2023\/10\/27-1024x288.png\",\"datePublished\":\"2023-10-05T15:55:48+00:00\",\"dateModified\":\"2025-05-27T09:49:45+00:00\",\"breadcrumb\":{\"@id\":\"https:\/\/reformapisos.com\/index.php\/empresas-de-reformas-integrales-para-pisos-y-viviendas-en-granada\/#breadcrumb\"},\"inLanguage\":\"es\",\"potentialAction\":[{\"@type\":\"ReadAction\",\"target\":[\"https:\/\/reformapisos.com\/index.php\/empresas-de-reformas-integrales-para-pisos-y-viviendas-en-granada\/\"]}]},{\"@type\":\"ImageObject\",\"inLanguage\":\"es\",\"@id\":\"https:\/\/reformapisos.com\/index.php\/empresas-de-reformas-integrales-para-pisos-y-viviendas-en-granada\/#primaryimage\",\"url\":\"https:\/\/reformapisos.com\/wp-content\/uploads\/2023\/10\/27.png\",\"contentUrl\":\"https:\/\/reformapisos.com\/wp-content\/uploads\/2023\/10\/27.png\",\"width\":1280,\"height\":360,\"caption\":\"Empresas de reformas integrales para pisos y viviendas en Granada\"},{\"@type\":\"BreadcrumbList\",\"@id\":\"https:\/\/reformapisos.com\/index.php\/empresas-de-reformas-integrales-para-pisos-y-viviendas-en-granada\/#breadcrumb\",\"itemListElement\":[{\"@type\":\"ListItem\",\"position\":1,\"name\":\"Portada\",\"item\":\"https:\/\/reformapisos.com\/\"},{\"@type\":\"ListItem\",\"position\":2,\"name\":\"Empresas de reformas integrales para pisos y viviendas en Granada\"}]},{\"@type\":\"WebSite\",\"@id\":\"https:\/\/reformapisos.com\/#website\",\"url\":\"https:\/\/reformapisos.com\/\",\"name\":\"Reformas integrales de pisos y viviendas\",\"description\":\"Otro sitio realizado con WordPress\",\"potentialAction\":[{\"@type\":\"SearchAction\",\"target\":{\"@type\":\"EntryPoint\",\"urlTemplate\":\"https:\/\/reformapisos.com\/?s={search_term_string}\"},\"query-input\":\"required name=search_term_string\"}],\"inLanguage\":\"es\"}]}<\/script>\n<!-- \/ Yoast SEO plugin. -->","yoast_head_json":{"title":"Empresas de reformas integrales para pisos y viviendas en Granada - Reformas integrales de pisos y viviendas","robots":{"index":"index","follow":"follow","max-snippet":"max-snippet:-1","max-image-preview":"max-image-preview:large","max-video-preview":"max-video-preview:-1"},"canonical":"https:\/\/reformapisos.com\/index.php\/empresas-de-reformas-integrales-para-pisos-y-viviendas-en-granada\/","og_locale":"es_ES","og_type":"article","og_title":"Empresas de reformas integrales para pisos y viviendas en Granada - Reformas integrales de pisos y viviendas","og_description":"Empresas de Reformas Integrales para Pisos y Viviendas en Granada Si necesitas empresas de reformas integrales y baratas en Granada, con ReformaPisos.com te ofrecemos un listado de empresas de reformas de viviendas y del hogar en Granada. Contacta con profesionales con a\u00f1os de experiencia en reforma de cocina y reformas de ba\u00f1os en Granada. Nuestros[...]","og_url":"https:\/\/reformapisos.com\/index.php\/empresas-de-reformas-integrales-para-pisos-y-viviendas-en-granada\/","og_site_name":"Reformas integrales de pisos y viviendas","article_modified_time":"2025-05-27T09:49:45+00:00","og_image":[{"url":"https:\/\/reformapisos.com\/wp-content\/uploads\/2023\/10\/27-1024x288.png"}],"twitter_card":"summary_large_image","twitter_misc":{"Tiempo de lectura":"2 minutos"},"schema":{"@context":"https:\/\/schema.org","@graph":[{"@type":"WebPage","@id":"https:\/\/reformapisos.com\/index.php\/empresas-de-reformas-integrales-para-pisos-y-viviendas-en-granada\/","url":"https:\/\/reformapisos.com\/index.php\/empresas-de-reformas-integrales-para-pisos-y-viviendas-en-granada\/","name":"Empresas de reformas integrales para pisos y viviendas en Granada - Reformas integrales de pisos y viviendas","isPartOf":{"@id":"https:\/\/reformapisos.com\/#website"},"primaryImageOfPage":{"@id":"https:\/\/reformapisos.com\/index.php\/empresas-de-reformas-integrales-para-pisos-y-viviendas-en-granada\/#primaryimage"},"image":{"@id":"https:\/\/reformapisos.com\/index.php\/empresas-de-reformas-integrales-para-pisos-y-viviendas-en-granada\/#primaryimage"},"thumbnailUrl":"https:\/\/reformapisos.com\/wp-content\/uploads\/2023\/10\/27-1024x288.png","datePublished":"2023-10-05T15:55:48+00:00","dateModified":"2025-05-27T09:49:45+00:00","breadcrumb":{"@id":"https:\/\/reformapisos.com\/index.php\/empresas-de-reformas-integrales-para-pisos-y-viviendas-en-granada\/#breadcrumb"},"inLanguage":"es","potentialAction":[{"@type":"ReadAction","target":["https:\/\/reformapisos.com\/index.php\/empresas-de-reformas-integrales-para-pisos-y-viviendas-en-granada\/"]}]},{"@type":"ImageObject","inLanguage":"es","@id":"https:\/\/reformapisos.com\/index.php\/empresas-de-reformas-integrales-para-pisos-y-viviendas-en-granada\/#primaryimage","url":"https:\/\/reformapisos.com\/wp-content\/uploads\/2023\/10\/27.png","contentUrl":"https:\/\/reformapisos.com\/wp-content\/uploads\/2023\/10\/27.png","width":1280,"height":360,"caption":"Empresas de reformas integrales para pisos y viviendas en Granada"},{"@type":"BreadcrumbList","@id":"https:\/\/reformapisos.com\/index.php\/empresas-de-reformas-integrales-para-pisos-y-viviendas-en-granada\/#breadcrumb","itemListElement":[{"@type":"ListItem","position":1,"name":"Portada","item":"https:\/\/reformapisos.com\/"},{"@type":"ListItem","position":2,"name":"Empresas de reformas integrales para pisos y viviendas en Granada"}]},{"@type":"WebSite","@id":"https:\/\/reformapisos.com\/#website","url":"https:\/\/reformapisos.com\/","name":"Reformas integrales de pisos y viviendas","description":"Otro sitio realizado con WordPress","potentialAction":[{"@type":"SearchAction","target":{"@type":"EntryPoint","urlTemplate":"https:\/\/reformapisos.com\/?s={search_term_string}"},"query-input":"required name=search_term_string"}],"inLanguage":"es"}]}},"_links":{"self":[{"href":"https:\/\/reformapisos.com\/index.php\/wp-json\/wp\/v2\/pages\/2412"}],"collection":[{"href":"https:\/\/reformapisos.com\/index.php\/wp-json\/wp\/v2\/pages"}],"about":[{"href":"https:\/\/reformapisos.com\/index.php\/wp-json\/wp\/v2\/types\/page"}],"author":[{"embeddable":true,"href":"https:\/\/reformapisos.com\/index.php\/wp-json\/wp\/v2\/users\/2"}],"replies":[{"embeddable":true,"href":"https:\/\/reformapisos.com\/index.php\/wp-json\/wp\/v2\/comments?post=2412"}],"version-history":[{"count":7,"href":"https:\/\/reformapisos.com\/index.php\/wp-json\/wp\/v2\/pages\/2412\/revisions"}],"predecessor-version":[{"id":3361,"href":"https:\/\/reformapisos.com\/index.php\/wp-json\/wp\/v2\/pages\/2412\/revisions\/3361"}],"wp:attachment":[{"href":"https:\/\/reformapisos.com\/index.php\/wp-json\/wp\/v2\/media?parent=2412"}],"curies":[{"name":"wp","href":"https:\/\/api.w.org\/{rel}","templated":true}]}}