{"id":2433,"date":"2023-10-05T15:59:22","date_gmt":"2023-10-05T15:59:22","guid":{"rendered":"https:\/\/reformapisos.com\/?page_id=2433"},"modified":"2025-05-27T10:18:36","modified_gmt":"2025-05-27T10:18:36","slug":"empresas-de-reformas-integrales-para-pisos-y-viviendas-en-sevilla","status":"publish","type":"page","link":"https:\/\/reformapisos.com\/index.php\/empresas-de-reformas-integrales-para-pisos-y-viviendas-en-sevilla\/","title":{"rendered":"Empresas de reformas integrales para pisos y viviendas en Sevilla"},"content":{"rendered":"\n<figure class=\"wp-block-image size-large\"><img loading=\"lazy\" decoding=\"async\" width=\"1024\" height=\"288\" src=\"https:\/\/reformapisos.com\/wp-content\/uploads\/2023\/10\/35-1024x288.png\" alt=\"\" class=\"wp-image-2960\" srcset=\"https:\/\/reformapisos.com\/wp-content\/uploads\/2023\/10\/35-1024x288.png 1024w, https:\/\/reformapisos.com\/wp-content\/uploads\/2023\/10\/35-300x84.png 300w, https:\/\/reformapisos.com\/wp-content\/uploads\/2023\/10\/35-768x216.png 768w, https:\/\/reformapisos.com\/wp-content\/uploads\/2023\/10\/35-444x125.png 444w, https:\/\/reformapisos.com\/wp-content\/uploads\/2023\/10\/35.png 1280w\" sizes=\"(max-width: 1024px) 100vw, 1024px\" \/><\/figure>\n\n\n\n<h1 class=\"wp-block-heading\"><strong>Empresas de Reformas Integrales para Pisos y Viviendas en Sevilla<\/strong><\/h1>\n\n\n\n<p>Si necesitas una <strong>empresa de reformas integrales y baratas de pisos y viviendas en Sevilla<\/strong>, con una atenci\u00f3n personalizada y con tranquilidad, ReformaPisos.com es la empresa que buscabas. Contacta con nuestros trabajadores en tu ciudad, ya que cuentan con a\u00f1os de experiencia.<\/p>\n\n\n\n<p>Nuestros colaboradores son expertos en adaptar tu vivienda a tus necesidades y estilo de vida, incrementando su valor y transformando cada espacio. Nos enfocamos en conectarte con <strong>empresas de construcci\u00f3n y reformas en Sevilla<\/strong> que garantizan servicios completos, desde el dise\u00f1o hasta la ejecuci\u00f3n, asegurando la excelencia y tu satisfacci\u00f3n en cada proyecto.<\/p>\n\n\n\n<h2 class=\"wp-block-heading\"><strong>Las Mejores Empresas de Reformas Integrales en Sevilla<\/strong><\/h2>\n\n\n\n<p>Encontrar una empresa de reformas de confianza en Sevilla es clave para el \u00e9xito de tu proyecto. Para ayudarte a elegir la mejor opci\u00f3n para tus necesidades y presupuesto, te presentamos algunas de las <strong>mejores empresas de reformas en Sevilla<\/strong> y sus precios aproximados:<\/p>\n\n\n\n<ul>\n<li><strong>Reformas en Sevilla:<\/strong> Con amplia experiencia en <strong>reformas de pisos y viviendas en Sevilla<\/strong>, desde <strong>reformas de cocinas y ba\u00f1os en Sevilla<\/strong> hasta viviendas completas. Ofrecen un servicio integral que incluye desde el dise\u00f1o hasta la ejecuci\u00f3n, con un equipo de profesionales cualificados y experimentados. El precio medio para una <strong>reforma integral de una vivienda de 80 m\u00b2<\/strong> en Sevilla ronda los <strong>32.160\u20ac<\/strong>.<\/li>\n\n\n\n<li><strong>MQ Reformas:<\/strong> Especialistas en <strong>proyectos y reformas del hogar en Sevilla<\/strong>, incluyendo locales comerciales y oficinas. Trabajan con materiales de primera calidad y ofrecen acabados impecables, contando con un equipo de arquitectos e interioristas.<\/li>\n\n\n\n<li><strong>Reformas Mu\u00f1oz:<\/strong> Empresa especializada en alba\u00f1iler\u00eda y construcci\u00f3n en Sevilla. Ofrecen una amplia gama de servicios, desde <strong>reformas integrales en Sevilla<\/strong> hasta peque\u00f1as reparaciones. Trabajan con rapidez, eficacia y <strong>precios competitivos<\/strong>, siendo una opci\u00f3n ideal para quienes buscan <strong>reformas baratas en Sevilla<\/strong>.<\/li>\n<\/ul>\n\n\n\n<p>Otras empresas de construcci\u00f3n y reformas en Sevilla que puedes considerar son Deinproyect, Grupo Ochila, y Reformas Uliobra. Todas ellas ofrecen servicios de alta calidad y est\u00e1n comprometidas con la satisfacci\u00f3n de sus clientes.<\/p>\n\n\n\n<h2 class=\"wp-block-heading\"><strong>Encuentra los Mejores Precios para tus Reformas en Sevilla<\/strong><\/h2>\n\n\n\n<p>Si buscas las mejores <strong>empresas de reformas integrales para pisos y viviendas en Sevilla<\/strong>, entra en ReformaPisos.com para conseguir los <strong>mejores precios<\/strong> y contactar con profesionales y <strong>empresas de construcci\u00f3n<\/strong> con muchos a\u00f1os de experiencia en reformas de pisos y viviendas.<\/p>\n","protected":false},"excerpt":{"rendered":"Empresas de Reformas Integrales para Pisos y Viviendas en Sevilla Si necesitas una empresa de reformas integrales y baratas de pisos y viviendas en Sevilla, con una atenci\u00f3n personalizada y con tranquilidad, ReformaPisos.com es la empresa que buscabas. Contacta con nuestros trabajadores en tu ciudad, ya que cuentan con a\u00f1os de experiencia. Nuestros colaboradores son[&#8230;]","protected":false},"author":2,"featured_media":0,"parent":0,"menu_order":0,"comment_status":"closed","ping_status":"closed","template":"","meta":{"footnotes":""},"yoast_head":"<!-- This site is optimized with the Yoast SEO plugin v22.9 - https:\/\/yoast.com\/wordpress\/plugins\/seo\/ -->\n<title>Empresas de reformas integrales para pisos y viviendas en Sevilla - Reformas integrales de pisos y viviendas<\/title>\n<meta name=\"robots\" content=\"index, follow, max-snippet:-1, max-image-preview:large, max-video-preview:-1\" \/>\n<link rel=\"canonical\" href=\"https:\/\/reformapisos.com\/index.php\/empresas-de-reformas-integrales-para-pisos-y-viviendas-en-sevilla\/\" \/>\n<meta property=\"og:locale\" content=\"es_ES\" \/>\n<meta property=\"og:type\" content=\"article\" \/>\n<meta property=\"og:title\" content=\"Empresas de reformas integrales para pisos y viviendas en Sevilla - Reformas integrales de pisos y viviendas\" \/>\n<meta property=\"og:description\" content=\"Empresas de Reformas Integrales para Pisos y Viviendas en Sevilla Si necesitas una empresa de reformas integrales y baratas de pisos y viviendas en Sevilla, con una atenci\u00f3n personalizada y con tranquilidad, ReformaPisos.com es la empresa que buscabas. Contacta con nuestros trabajadores en tu ciudad, ya que cuentan con a\u00f1os de experiencia. Nuestros colaboradores son[...]\" \/>\n<meta property=\"og:url\" content=\"https:\/\/reformapisos.com\/index.php\/empresas-de-reformas-integrales-para-pisos-y-viviendas-en-sevilla\/\" \/>\n<meta property=\"og:site_name\" content=\"Reformas integrales de pisos y viviendas\" \/>\n<meta property=\"article:modified_time\" content=\"2025-05-27T10:18:36+00:00\" \/>\n<meta property=\"og:image\" content=\"https:\/\/reformapisos.com\/wp-content\/uploads\/2023\/10\/35-1024x288.png\" \/>\n<meta name=\"twitter:card\" content=\"summary_large_image\" \/>\n<meta name=\"twitter:label1\" content=\"Tiempo de lectura\" \/>\n\t<meta name=\"twitter:data1\" content=\"2 minutos\" \/>\n<script type=\"application\/ld+json\" class=\"yoast-schema-graph\">{\"@context\":\"https:\/\/schema.org\",\"@graph\":[{\"@type\":\"WebPage\",\"@id\":\"https:\/\/reformapisos.com\/index.php\/empresas-de-reformas-integrales-para-pisos-y-viviendas-en-sevilla\/\",\"url\":\"https:\/\/reformapisos.com\/index.php\/empresas-de-reformas-integrales-para-pisos-y-viviendas-en-sevilla\/\",\"name\":\"Empresas de reformas integrales para pisos y viviendas en Sevilla - Reformas integrales de pisos y viviendas\",\"isPartOf\":{\"@id\":\"https:\/\/reformapisos.com\/#website\"},\"primaryImageOfPage\":{\"@id\":\"https:\/\/reformapisos.com\/index.php\/empresas-de-reformas-integrales-para-pisos-y-viviendas-en-sevilla\/#primaryimage\"},\"image\":{\"@id\":\"https:\/\/reformapisos.com\/index.php\/empresas-de-reformas-integrales-para-pisos-y-viviendas-en-sevilla\/#primaryimage\"},\"thumbnailUrl\":\"https:\/\/reformapisos.com\/wp-content\/uploads\/2023\/10\/35-1024x288.png\",\"datePublished\":\"2023-10-05T15:59:22+00:00\",\"dateModified\":\"2025-05-27T10:18:36+00:00\",\"breadcrumb\":{\"@id\":\"https:\/\/reformapisos.com\/index.php\/empresas-de-reformas-integrales-para-pisos-y-viviendas-en-sevilla\/#breadcrumb\"},\"inLanguage\":\"es\",\"potentialAction\":[{\"@type\":\"ReadAction\",\"target\":[\"https:\/\/reformapisos.com\/index.php\/empresas-de-reformas-integrales-para-pisos-y-viviendas-en-sevilla\/\"]}]},{\"@type\":\"ImageObject\",\"inLanguage\":\"es\",\"@id\":\"https:\/\/reformapisos.com\/index.php\/empresas-de-reformas-integrales-para-pisos-y-viviendas-en-sevilla\/#primaryimage\",\"url\":\"https:\/\/reformapisos.com\/wp-content\/uploads\/2023\/10\/35.png\",\"contentUrl\":\"https:\/\/reformapisos.com\/wp-content\/uploads\/2023\/10\/35.png\",\"width\":1280,\"height\":360,\"caption\":\"Empresas de reformas integrales para pisos y viviendas en Sevilla\"},{\"@type\":\"BreadcrumbList\",\"@id\":\"https:\/\/reformapisos.com\/index.php\/empresas-de-reformas-integrales-para-pisos-y-viviendas-en-sevilla\/#breadcrumb\",\"itemListElement\":[{\"@type\":\"ListItem\",\"position\":1,\"name\":\"Portada\",\"item\":\"https:\/\/reformapisos.com\/\"},{\"@type\":\"ListItem\",\"position\":2,\"name\":\"Empresas de reformas integrales para pisos y viviendas en Sevilla\"}]},{\"@type\":\"WebSite\",\"@id\":\"https:\/\/reformapisos.com\/#website\",\"url\":\"https:\/\/reformapisos.com\/\",\"name\":\"Reformas integrales de pisos y viviendas\",\"description\":\"Otro sitio realizado con WordPress\",\"potentialAction\":[{\"@type\":\"SearchAction\",\"target\":{\"@type\":\"EntryPoint\",\"urlTemplate\":\"https:\/\/reformapisos.com\/?s={search_term_string}\"},\"query-input\":\"required name=search_term_string\"}],\"inLanguage\":\"es\"}]}<\/script>\n<!-- \/ Yoast SEO plugin. -->","yoast_head_json":{"title":"Empresas de reformas integrales para pisos y viviendas en Sevilla - Reformas integrales de pisos y viviendas","robots":{"index":"index","follow":"follow","max-snippet":"max-snippet:-1","max-image-preview":"max-image-preview:large","max-video-preview":"max-video-preview:-1"},"canonical":"https:\/\/reformapisos.com\/index.php\/empresas-de-reformas-integrales-para-pisos-y-viviendas-en-sevilla\/","og_locale":"es_ES","og_type":"article","og_title":"Empresas de reformas integrales para pisos y viviendas en Sevilla - Reformas integrales de pisos y viviendas","og_description":"Empresas de Reformas Integrales para Pisos y Viviendas en Sevilla Si necesitas una empresa de reformas integrales y baratas de pisos y viviendas en Sevilla, con una atenci\u00f3n personalizada y con tranquilidad, ReformaPisos.com es la empresa que buscabas. Contacta con nuestros trabajadores en tu ciudad, ya que cuentan con a\u00f1os de experiencia. Nuestros colaboradores son[...]","og_url":"https:\/\/reformapisos.com\/index.php\/empresas-de-reformas-integrales-para-pisos-y-viviendas-en-sevilla\/","og_site_name":"Reformas integrales de pisos y viviendas","article_modified_time":"2025-05-27T10:18:36+00:00","og_image":[{"url":"https:\/\/reformapisos.com\/wp-content\/uploads\/2023\/10\/35-1024x288.png"}],"twitter_card":"summary_large_image","twitter_misc":{"Tiempo de lectura":"2 minutos"},"schema":{"@context":"https:\/\/schema.org","@graph":[{"@type":"WebPage","@id":"https:\/\/reformapisos.com\/index.php\/empresas-de-reformas-integrales-para-pisos-y-viviendas-en-sevilla\/","url":"https:\/\/reformapisos.com\/index.php\/empresas-de-reformas-integrales-para-pisos-y-viviendas-en-sevilla\/","name":"Empresas de reformas integrales para pisos y viviendas en Sevilla - Reformas integrales de pisos y viviendas","isPartOf":{"@id":"https:\/\/reformapisos.com\/#website"},"primaryImageOfPage":{"@id":"https:\/\/reformapisos.com\/index.php\/empresas-de-reformas-integrales-para-pisos-y-viviendas-en-sevilla\/#primaryimage"},"image":{"@id":"https:\/\/reformapisos.com\/index.php\/empresas-de-reformas-integrales-para-pisos-y-viviendas-en-sevilla\/#primaryimage"},"thumbnailUrl":"https:\/\/reformapisos.com\/wp-content\/uploads\/2023\/10\/35-1024x288.png","datePublished":"2023-10-05T15:59:22+00:00","dateModified":"2025-05-27T10:18:36+00:00","breadcrumb":{"@id":"https:\/\/reformapisos.com\/index.php\/empresas-de-reformas-integrales-para-pisos-y-viviendas-en-sevilla\/#breadcrumb"},"inLanguage":"es","potentialAction":[{"@type":"ReadAction","target":["https:\/\/reformapisos.com\/index.php\/empresas-de-reformas-integrales-para-pisos-y-viviendas-en-sevilla\/"]}]},{"@type":"ImageObject","inLanguage":"es","@id":"https:\/\/reformapisos.com\/index.php\/empresas-de-reformas-integrales-para-pisos-y-viviendas-en-sevilla\/#primaryimage","url":"https:\/\/reformapisos.com\/wp-content\/uploads\/2023\/10\/35.png","contentUrl":"https:\/\/reformapisos.com\/wp-content\/uploads\/2023\/10\/35.png","width":1280,"height":360,"caption":"Empresas de reformas integrales para pisos y viviendas en Sevilla"},{"@type":"BreadcrumbList","@id":"https:\/\/reformapisos.com\/index.php\/empresas-de-reformas-integrales-para-pisos-y-viviendas-en-sevilla\/#breadcrumb","itemListElement":[{"@type":"ListItem","position":1,"name":"Portada","item":"https:\/\/reformapisos.com\/"},{"@type":"ListItem","position":2,"name":"Empresas de reformas integrales para pisos y viviendas en Sevilla"}]},{"@type":"WebSite","@id":"https:\/\/reformapisos.com\/#website","url":"https:\/\/reformapisos.com\/","name":"Reformas integrales de pisos y viviendas","description":"Otro sitio realizado con WordPress","potentialAction":[{"@type":"SearchAction","target":{"@type":"EntryPoint","urlTemplate":"https:\/\/reformapisos.com\/?s={search_term_string}"},"query-input":"required name=search_term_string"}],"inLanguage":"es"}]}},"_links":{"self":[{"href":"https:\/\/reformapisos.com\/index.php\/wp-json\/wp\/v2\/pages\/2433"}],"collection":[{"href":"https:\/\/reformapisos.com\/index.php\/wp-json\/wp\/v2\/pages"}],"about":[{"href":"https:\/\/reformapisos.com\/index.php\/wp-json\/wp\/v2\/types\/page"}],"author":[{"embeddable":true,"href":"https:\/\/reformapisos.com\/index.php\/wp-json\/wp\/v2\/users\/2"}],"replies":[{"embeddable":true,"href":"https:\/\/reformapisos.com\/index.php\/wp-json\/wp\/v2\/comments?post=2433"}],"version-history":[{"count":5,"href":"https:\/\/reformapisos.com\/index.php\/wp-json\/wp\/v2\/pages\/2433\/revisions"}],"predecessor-version":[{"id":3367,"href":"https:\/\/reformapisos.com\/index.php\/wp-json\/wp\/v2\/pages\/2433\/revisions\/3367"}],"wp:attachment":[{"href":"https:\/\/reformapisos.com\/index.php\/wp-json\/wp\/v2\/media?parent=2433"}],"curies":[{"name":"wp","href":"https:\/\/api.w.org\/{rel}","templated":true}]}}