{"id":2437,"date":"2023-10-05T16:00:04","date_gmt":"2023-10-05T16:00:04","guid":{"rendered":"https:\/\/reformapisos.com\/?page_id=2437"},"modified":"2025-05-27T10:25:37","modified_gmt":"2025-05-27T10:25:37","slug":"electricistas-a-domicilio-para-urgencias-24-horas-reparaciones-y-reformas-en-avila","status":"publish","type":"page","link":"https:\/\/reformapisos.com\/index.php\/electricistas-a-domicilio-para-urgencias-24-horas-reparaciones-y-reformas-en-avila\/","title":{"rendered":"Electricistas a domicilio para urgencias 24 horas, reparaciones y reformas en \u00c1vila"},"content":{"rendered":"\n<figure class=\"wp-block-image size-large\"><img loading=\"lazy\" decoding=\"async\" width=\"1024\" height=\"288\" src=\"https:\/\/reformapisos.com\/wp-content\/uploads\/2023\/10\/37-1024x288.png\" alt=\"\" class=\"wp-image-2964\" srcset=\"https:\/\/reformapisos.com\/wp-content\/uploads\/2023\/10\/37-1024x288.png 1024w, https:\/\/reformapisos.com\/wp-content\/uploads\/2023\/10\/37-300x84.png 300w, https:\/\/reformapisos.com\/wp-content\/uploads\/2023\/10\/37-768x216.png 768w, https:\/\/reformapisos.com\/wp-content\/uploads\/2023\/10\/37-444x125.png 444w, https:\/\/reformapisos.com\/wp-content\/uploads\/2023\/10\/37.png 1280w\" sizes=\"(max-width: 1024px) 100vw, 1024px\" \/><\/figure>\n\n\n\n<h1 class=\"wp-block-heading\"><strong>Electricistas a Domicilio en \u00c1vila: Reformas y Urgencias 24 Horas<\/strong><\/h1>\n\n\n\n<p>Si buscas <strong>electricistas a domicilio para hacer reformas en \u00c1vila<\/strong> con toda tranquilidad para tu hogar, en ReformaPisos.com encontrar\u00e1s <strong>electricistas a domicilio 24 horas y electricistas urgentes en \u00c1vila<\/strong>. Contacta con profesionales con a\u00f1os de experiencia y con <strong>electricistas baratos en \u00c1vila cerca de ti<\/strong>.<\/p>\n\n\n\n<p>Nuestros colaboradores son expertos en resolver cualquier problema el\u00e9ctrico, desde instalaciones complejas hasta reparaciones urgentes. Nos enfocamos en conectarte con <strong>electricistas en \u00c1vila<\/strong> que garantizan servicios eficaces, profesionalismo y rapidez para tus <strong>proyectos de reformas o emergencias el\u00e9ctricas<\/strong>.<\/p>\n\n\n\n<h2 class=\"wp-block-heading\"><strong>Los Mejores Electricistas para tu Hogar en \u00c1vila<\/strong><\/h2>\n\n\n\n<p>Encontrar un electricista confiable en \u00c1vila es crucial para la seguridad y el buen funcionamiento de tu hogar. Para ayudarte a elegir la mejor opci\u00f3n para tus necesidades y presupuesto, te presentamos algunas de las <strong>empresas de electricistas a domicilio en \u00c1vila<\/strong> m\u00e1s recomendadas:<\/p>\n\n\n\n<ul>\n<li><strong>Carlos del Nogal, asesoramiento y material el\u00e9ctrico:<\/strong> Ofrecen una amplia gama de servicios de instalaci\u00f3n y reparaci\u00f3n el\u00e9ctrica, incluyendo iluminaci\u00f3n, enchufes, interruptores y cuadros el\u00e9ctricos. Son distribuidores de material el\u00e9ctrico y cuentan con un equipo de electricistas experimentados y cualificados que trabajan de forma r\u00e1pida, eficiente y segura. Con una calificaci\u00f3n de 4.6 estrellas en Google, son una excelente opci\u00f3n si buscas <strong>electricistas baratos en \u00c1vila<\/strong>.<\/li>\n\n\n\n<li><strong>JyG Electricidad:<\/strong> Se especializan en instalaciones el\u00e9ctricas nuevas y reformas, ideales para <strong>reformas integrales en \u00c1vila<\/strong>. Ofrecen servicios de reparaci\u00f3n de aver\u00edas, iluminaci\u00f3n y cuadros el\u00e9ctricos. Cuentan con electricistas altamente cualificados y con experiencia, siendo la elecci\u00f3n perfecta si necesitas un <strong>electricista urgente en \u00c1vila<\/strong>. Su calificaci\u00f3n perfecta de 5 estrellas en Google respalda su servicio.<\/li>\n\n\n\n<li><strong>Del Nogal Electricistas e Iluminaci\u00f3n:<\/strong> Ofrecen una amplia gama de servicios de instalaci\u00f3n y reparaci\u00f3n el\u00e9ctrica, tanto para particulares como para empresas. Son expertos en iluminaci\u00f3n LED y cuentan con electricistas experimentados que trabajan de forma r\u00e1pida, eficiente y segura. Con una calificaci\u00f3n de 3.9 estrellas en Google, son una buena opci\u00f3n para quienes buscan <strong>electricistas a domicilio 24 horas en \u00c1vila<\/strong>.<\/li>\n<\/ul>\n\n\n\n<p>Ya sea que necesites un electricista en \u00c1vila para <strong>reparaciones urgentes<\/strong>, <strong>electricistas 24 horas en \u00c1vila<\/strong> para emergencias, o un <strong>electricista barato en \u00c1vila<\/strong> para proyectos m\u00e1s econ\u00f3micos, estas opciones te ofrecen servicios confiables y de alta calidad.<\/p>\n\n\n\n<h2 class=\"wp-block-heading\"><strong>Encuentra los Mejores Precios para tus Servicios El\u00e9ctricos en \u00c1vila<\/strong><\/h2>\n\n\n\n<p>Tranquilidad para tu hogar con los <strong>electricistas a domicilio para urgencias 24 horas, reparaciones y reformas en \u00c1vila<\/strong>. Entra en ReformaPisos.com para conseguir los <strong>mejores precios<\/strong> y contactar con profesionales con muchos a\u00f1os de experiencia en reformas de pisos y viviendas.<\/p>\n","protected":false},"excerpt":{"rendered":"Electricistas a Domicilio en \u00c1vila: Reformas y Urgencias 24 Horas Si buscas electricistas a domicilio para hacer reformas en \u00c1vila con toda tranquilidad para tu hogar, en ReformaPisos.com encontrar\u00e1s electricistas a domicilio 24 horas y electricistas urgentes en \u00c1vila. Contacta con profesionales con a\u00f1os de experiencia y con electricistas baratos en \u00c1vila cerca de ti.[&#8230;]","protected":false},"author":2,"featured_media":0,"parent":0,"menu_order":0,"comment_status":"closed","ping_status":"closed","template":"","meta":{"footnotes":""},"yoast_head":"<!-- This site is optimized with the Yoast SEO plugin v22.9 - https:\/\/yoast.com\/wordpress\/plugins\/seo\/ -->\n<title>Electricistas a domicilio para urgencias 24 horas, reparaciones y reformas en \u00c1vila - Reformas integrales de pisos y viviendas<\/title>\n<meta name=\"robots\" content=\"index, follow, max-snippet:-1, max-image-preview:large, max-video-preview:-1\" \/>\n<link rel=\"canonical\" href=\"https:\/\/reformapisos.com\/index.php\/electricistas-a-domicilio-para-urgencias-24-horas-reparaciones-y-reformas-en-avila\/\" \/>\n<meta property=\"og:locale\" content=\"es_ES\" \/>\n<meta property=\"og:type\" content=\"article\" \/>\n<meta property=\"og:title\" content=\"Electricistas a domicilio para urgencias 24 horas, reparaciones y reformas en \u00c1vila - Reformas integrales de pisos y viviendas\" \/>\n<meta property=\"og:description\" content=\"Electricistas a Domicilio en \u00c1vila: Reformas y Urgencias 24 Horas Si buscas electricistas a domicilio para hacer reformas en \u00c1vila con toda tranquilidad para tu hogar, en ReformaPisos.com encontrar\u00e1s electricistas a domicilio 24 horas y electricistas urgentes en \u00c1vila. Contacta con profesionales con a\u00f1os de experiencia y con electricistas baratos en \u00c1vila cerca de ti.[...]\" \/>\n<meta property=\"og:url\" content=\"https:\/\/reformapisos.com\/index.php\/electricistas-a-domicilio-para-urgencias-24-horas-reparaciones-y-reformas-en-avila\/\" \/>\n<meta property=\"og:site_name\" content=\"Reformas integrales de pisos y viviendas\" \/>\n<meta property=\"article:modified_time\" content=\"2025-05-27T10:25:37+00:00\" \/>\n<meta property=\"og:image\" content=\"https:\/\/reformapisos.com\/wp-content\/uploads\/2023\/10\/37-1024x288.png\" \/>\n<meta name=\"twitter:card\" content=\"summary_large_image\" \/>\n<meta name=\"twitter:label1\" content=\"Tiempo de lectura\" \/>\n\t<meta name=\"twitter:data1\" content=\"3 minutos\" \/>\n<script type=\"application\/ld+json\" class=\"yoast-schema-graph\">{\"@context\":\"https:\/\/schema.org\",\"@graph\":[{\"@type\":\"WebPage\",\"@id\":\"https:\/\/reformapisos.com\/index.php\/electricistas-a-domicilio-para-urgencias-24-horas-reparaciones-y-reformas-en-avila\/\",\"url\":\"https:\/\/reformapisos.com\/index.php\/electricistas-a-domicilio-para-urgencias-24-horas-reparaciones-y-reformas-en-avila\/\",\"name\":\"Electricistas a domicilio para urgencias 24 horas, reparaciones y reformas en \u00c1vila - Reformas integrales de pisos y viviendas\",\"isPartOf\":{\"@id\":\"https:\/\/reformapisos.com\/#website\"},\"primaryImageOfPage\":{\"@id\":\"https:\/\/reformapisos.com\/index.php\/electricistas-a-domicilio-para-urgencias-24-horas-reparaciones-y-reformas-en-avila\/#primaryimage\"},\"image\":{\"@id\":\"https:\/\/reformapisos.com\/index.php\/electricistas-a-domicilio-para-urgencias-24-horas-reparaciones-y-reformas-en-avila\/#primaryimage\"},\"thumbnailUrl\":\"https:\/\/reformapisos.com\/wp-content\/uploads\/2023\/10\/37-1024x288.png\",\"datePublished\":\"2023-10-05T16:00:04+00:00\",\"dateModified\":\"2025-05-27T10:25:37+00:00\",\"breadcrumb\":{\"@id\":\"https:\/\/reformapisos.com\/index.php\/electricistas-a-domicilio-para-urgencias-24-horas-reparaciones-y-reformas-en-avila\/#breadcrumb\"},\"inLanguage\":\"es\",\"potentialAction\":[{\"@type\":\"ReadAction\",\"target\":[\"https:\/\/reformapisos.com\/index.php\/electricistas-a-domicilio-para-urgencias-24-horas-reparaciones-y-reformas-en-avila\/\"]}]},{\"@type\":\"ImageObject\",\"inLanguage\":\"es\",\"@id\":\"https:\/\/reformapisos.com\/index.php\/electricistas-a-domicilio-para-urgencias-24-horas-reparaciones-y-reformas-en-avila\/#primaryimage\",\"url\":\"https:\/\/reformapisos.com\/wp-content\/uploads\/2023\/10\/37.png\",\"contentUrl\":\"https:\/\/reformapisos.com\/wp-content\/uploads\/2023\/10\/37.png\",\"width\":1280,\"height\":360,\"caption\":\"Electricistas a domicilio para urgencias 24 horas, reparaciones y reformas en \u00c1vila\"},{\"@type\":\"BreadcrumbList\",\"@id\":\"https:\/\/reformapisos.com\/index.php\/electricistas-a-domicilio-para-urgencias-24-horas-reparaciones-y-reformas-en-avila\/#breadcrumb\",\"itemListElement\":[{\"@type\":\"ListItem\",\"position\":1,\"name\":\"Portada\",\"item\":\"https:\/\/reformapisos.com\/\"},{\"@type\":\"ListItem\",\"position\":2,\"name\":\"Electricistas a domicilio para urgencias 24 horas, reparaciones y reformas en \u00c1vila\"}]},{\"@type\":\"WebSite\",\"@id\":\"https:\/\/reformapisos.com\/#website\",\"url\":\"https:\/\/reformapisos.com\/\",\"name\":\"Reformas integrales de pisos y viviendas\",\"description\":\"Otro sitio realizado con WordPress\",\"potentialAction\":[{\"@type\":\"SearchAction\",\"target\":{\"@type\":\"EntryPoint\",\"urlTemplate\":\"https:\/\/reformapisos.com\/?s={search_term_string}\"},\"query-input\":\"required name=search_term_string\"}],\"inLanguage\":\"es\"}]}<\/script>\n<!-- \/ Yoast SEO plugin. -->","yoast_head_json":{"title":"Electricistas a domicilio para urgencias 24 horas, reparaciones y reformas en \u00c1vila - Reformas integrales de pisos y viviendas","robots":{"index":"index","follow":"follow","max-snippet":"max-snippet:-1","max-image-preview":"max-image-preview:large","max-video-preview":"max-video-preview:-1"},"canonical":"https:\/\/reformapisos.com\/index.php\/electricistas-a-domicilio-para-urgencias-24-horas-reparaciones-y-reformas-en-avila\/","og_locale":"es_ES","og_type":"article","og_title":"Electricistas a domicilio para urgencias 24 horas, reparaciones y reformas en \u00c1vila - Reformas integrales de pisos y viviendas","og_description":"Electricistas a Domicilio en \u00c1vila: Reformas y Urgencias 24 Horas Si buscas electricistas a domicilio para hacer reformas en \u00c1vila con toda tranquilidad para tu hogar, en ReformaPisos.com encontrar\u00e1s electricistas a domicilio 24 horas y electricistas urgentes en \u00c1vila. Contacta con profesionales con a\u00f1os de experiencia y con electricistas baratos en \u00c1vila cerca de ti.[...]","og_url":"https:\/\/reformapisos.com\/index.php\/electricistas-a-domicilio-para-urgencias-24-horas-reparaciones-y-reformas-en-avila\/","og_site_name":"Reformas integrales de pisos y viviendas","article_modified_time":"2025-05-27T10:25:37+00:00","og_image":[{"url":"https:\/\/reformapisos.com\/wp-content\/uploads\/2023\/10\/37-1024x288.png"}],"twitter_card":"summary_large_image","twitter_misc":{"Tiempo de lectura":"3 minutos"},"schema":{"@context":"https:\/\/schema.org","@graph":[{"@type":"WebPage","@id":"https:\/\/reformapisos.com\/index.php\/electricistas-a-domicilio-para-urgencias-24-horas-reparaciones-y-reformas-en-avila\/","url":"https:\/\/reformapisos.com\/index.php\/electricistas-a-domicilio-para-urgencias-24-horas-reparaciones-y-reformas-en-avila\/","name":"Electricistas a domicilio para urgencias 24 horas, reparaciones y reformas en \u00c1vila - Reformas integrales de pisos y viviendas","isPartOf":{"@id":"https:\/\/reformapisos.com\/#website"},"primaryImageOfPage":{"@id":"https:\/\/reformapisos.com\/index.php\/electricistas-a-domicilio-para-urgencias-24-horas-reparaciones-y-reformas-en-avila\/#primaryimage"},"image":{"@id":"https:\/\/reformapisos.com\/index.php\/electricistas-a-domicilio-para-urgencias-24-horas-reparaciones-y-reformas-en-avila\/#primaryimage"},"thumbnailUrl":"https:\/\/reformapisos.com\/wp-content\/uploads\/2023\/10\/37-1024x288.png","datePublished":"2023-10-05T16:00:04+00:00","dateModified":"2025-05-27T10:25:37+00:00","breadcrumb":{"@id":"https:\/\/reformapisos.com\/index.php\/electricistas-a-domicilio-para-urgencias-24-horas-reparaciones-y-reformas-en-avila\/#breadcrumb"},"inLanguage":"es","potentialAction":[{"@type":"ReadAction","target":["https:\/\/reformapisos.com\/index.php\/electricistas-a-domicilio-para-urgencias-24-horas-reparaciones-y-reformas-en-avila\/"]}]},{"@type":"ImageObject","inLanguage":"es","@id":"https:\/\/reformapisos.com\/index.php\/electricistas-a-domicilio-para-urgencias-24-horas-reparaciones-y-reformas-en-avila\/#primaryimage","url":"https:\/\/reformapisos.com\/wp-content\/uploads\/2023\/10\/37.png","contentUrl":"https:\/\/reformapisos.com\/wp-content\/uploads\/2023\/10\/37.png","width":1280,"height":360,"caption":"Electricistas a domicilio para urgencias 24 horas, reparaciones y reformas en \u00c1vila"},{"@type":"BreadcrumbList","@id":"https:\/\/reformapisos.com\/index.php\/electricistas-a-domicilio-para-urgencias-24-horas-reparaciones-y-reformas-en-avila\/#breadcrumb","itemListElement":[{"@type":"ListItem","position":1,"name":"Portada","item":"https:\/\/reformapisos.com\/"},{"@type":"ListItem","position":2,"name":"Electricistas a domicilio para urgencias 24 horas, reparaciones y reformas en \u00c1vila"}]},{"@type":"WebSite","@id":"https:\/\/reformapisos.com\/#website","url":"https:\/\/reformapisos.com\/","name":"Reformas integrales de pisos y viviendas","description":"Otro sitio realizado con WordPress","potentialAction":[{"@type":"SearchAction","target":{"@type":"EntryPoint","urlTemplate":"https:\/\/reformapisos.com\/?s={search_term_string}"},"query-input":"required name=search_term_string"}],"inLanguage":"es"}]}},"_links":{"self":[{"href":"https:\/\/reformapisos.com\/index.php\/wp-json\/wp\/v2\/pages\/2437"}],"collection":[{"href":"https:\/\/reformapisos.com\/index.php\/wp-json\/wp\/v2\/pages"}],"about":[{"href":"https:\/\/reformapisos.com\/index.php\/wp-json\/wp\/v2\/types\/page"}],"author":[{"embeddable":true,"href":"https:\/\/reformapisos.com\/index.php\/wp-json\/wp\/v2\/users\/2"}],"replies":[{"embeddable":true,"href":"https:\/\/reformapisos.com\/index.php\/wp-json\/wp\/v2\/comments?post=2437"}],"version-history":[{"count":7,"href":"https:\/\/reformapisos.com\/index.php\/wp-json\/wp\/v2\/pages\/2437\/revisions"}],"predecessor-version":[{"id":3369,"href":"https:\/\/reformapisos.com\/index.php\/wp-json\/wp\/v2\/pages\/2437\/revisions\/3369"}],"wp:attachment":[{"href":"https:\/\/reformapisos.com\/index.php\/wp-json\/wp\/v2\/media?parent=2437"}],"curies":[{"name":"wp","href":"https:\/\/api.w.org\/{rel}","templated":true}]}}