{"id":2447,"date":"2023-10-05T16:01:25","date_gmt":"2023-10-05T16:01:25","guid":{"rendered":"https:\/\/reformapisos.com\/?page_id=2447"},"modified":"2025-05-27T10:50:07","modified_gmt":"2025-05-27T10:50:07","slug":"empresas-de-reformas-integrales-para-pisos-y-viviendas-en-tarragona","status":"publish","type":"page","link":"https:\/\/reformapisos.com\/index.php\/empresas-de-reformas-integrales-para-pisos-y-viviendas-en-tarragona\/","title":{"rendered":"Empresas de reformas integrales para pisos y viviendas en Tarragona"},"content":{"rendered":"\n<figure class=\"wp-block-image size-large\"><img loading=\"lazy\" decoding=\"async\" width=\"1024\" height=\"288\" src=\"https:\/\/reformapisos.com\/wp-content\/uploads\/2023\/10\/42-1024x288.png\" alt=\"\" class=\"wp-image-2974\" srcset=\"https:\/\/reformapisos.com\/wp-content\/uploads\/2023\/10\/42-1024x288.png 1024w, https:\/\/reformapisos.com\/wp-content\/uploads\/2023\/10\/42-300x84.png 300w, https:\/\/reformapisos.com\/wp-content\/uploads\/2023\/10\/42-768x216.png 768w, https:\/\/reformapisos.com\/wp-content\/uploads\/2023\/10\/42-444x125.png 444w, https:\/\/reformapisos.com\/wp-content\/uploads\/2023\/10\/42.png 1280w\" sizes=\"(max-width: 1024px) 100vw, 1024px\" \/><\/figure>\n\n\n\n<h1 class=\"wp-block-heading\"><strong>Empresas de Reformas Integrales para Pisos y Viviendas en Tarragona<\/strong><\/h1>\n\n\n\n<p>Si necesitas la ayuda de una <strong>empresa de reformas integrales y baratas de pisos y viviendas en Tarragona<\/strong>, con una atenci\u00f3n personalizada y con tranquilidad, ReformaPisos.com es la empresa que buscabas. Llama ya a nuestros trabajadores en tu ciudad, ya que cuentan con a\u00f1os de experiencia.<\/p>\n\n\n\n<p>Nuestros colaboradores son expertos en adaptar tu vivienda a tus necesidades y estilo de vida, incrementando su valor y transformando cada espacio. Nos enfocamos en conectarte con <strong>empresas de construcci\u00f3n y reformas en Tarragona<\/strong> que garantizan servicios completos, desde el dise\u00f1o hasta la ejecuci\u00f3n, asegurando la excelencia y tu satisfacci\u00f3n en cada proyecto.<\/p>\n\n\n\n<h2 class=\"wp-block-heading\"><strong>Las Mejores Empresas de Reformas Integrales en Tarragona<\/strong><\/h2>\n\n\n\n<p>Encontrar una empresa de reformas de confianza en Tarragona es clave para el \u00e9xito de tu proyecto. Para ayudarte a elegir la mejor opci\u00f3n para tus necesidades y presupuesto, te presentamos algunas de las <strong>mejores empresas de reformas en Tarragona<\/strong>:<\/p>\n\n\n\n<ul>\n<li><strong>Serrano Reformas:<\/strong> Con m\u00e1s de 40 a\u00f1os de experiencia, se especializan en <strong>reformas del hogar en Tarragona<\/strong>, ofreciendo soluciones completas que van desde <strong>reformas de ba\u00f1os en Tarragona<\/strong> hasta la renovaci\u00f3n integral de espacios residenciales. Su compromiso con la calidad y la atenci\u00f3n al cliente los convierte en una opci\u00f3n destacada, incluso para quienes buscan <strong>reformas baratas en Tarragona<\/strong>.<\/li>\n\n\n\n<li><strong>RT Reformas Tarragona:<\/strong> Con m\u00e1s de 20 a\u00f1os de experiencia, ofrecen reformas integrales de cocinas, ba\u00f1os, locales y comunidades. Destacan por la calidad excepcional de su trabajo, el profesionalismo de su equipo y su atenci\u00f3n al cliente personalizada.<\/li>\n\n\n\n<li><strong>De Reformas Tarragona:<\/strong> Esta empresa se preocupa por hacer las cosas bien, de manera est\u00e9tica y a cuenta. Se adaptan a tus necesidades y presupuesto, ya sea para una vivienda, local o oficina, ofreciendo un servicio integral con un equipo profesional.<\/li>\n<\/ul>\n\n\n\n<p>Al considerar una <strong>reforma integral en Tarragona<\/strong>, te recomendamos explorar todas las opciones disponibles, comparar servicios y presupuestos, y seleccionar la empresa que mejor se ajuste a tus necesidades espec\u00edficas. El precio medio para una <strong>reforma integral de un piso de 80 m\u00b2 en Tarragona<\/strong> ronda los <strong>32.160\u20ac<\/strong>, aunque puedes encontrar opciones que se adapten a diferentes presupuestos.<\/p>\n\n\n\n<h2 class=\"wp-block-heading\"><strong>Encuentra los Mejores Precios para tus Reformas en Tarragona<\/strong><\/h2>\n\n\n\n<p>Te ofrecemos un listado de las mejores <strong>Empresas de reformas integrales para pisos y viviendas en Tarragona<\/strong>. Entra en ReformaPisos.com para conseguir los <strong>mejores precios<\/strong> y contactar con profesionales y <strong>empresas de construcci\u00f3n<\/strong> con muchos a\u00f1os de experiencia en reformas de pisos y viviendas.<\/p>\n","protected":false},"excerpt":{"rendered":"Empresas de Reformas Integrales para Pisos y Viviendas en Tarragona Si necesitas la ayuda de una empresa de reformas integrales y baratas de pisos y viviendas en Tarragona, con una atenci\u00f3n personalizada y con tranquilidad, ReformaPisos.com es la empresa que buscabas. Llama ya a nuestros trabajadores en tu ciudad, ya que cuentan con a\u00f1os de[&#8230;]","protected":false},"author":2,"featured_media":0,"parent":0,"menu_order":0,"comment_status":"closed","ping_status":"closed","template":"","meta":{"footnotes":""},"yoast_head":"<!-- This site is optimized with the Yoast SEO plugin v22.9 - https:\/\/yoast.com\/wordpress\/plugins\/seo\/ -->\n<title>Empresas de reformas integrales para pisos y viviendas en Tarragona - Reformas integrales de pisos y viviendas<\/title>\n<meta name=\"robots\" content=\"index, follow, max-snippet:-1, max-image-preview:large, max-video-preview:-1\" \/>\n<link rel=\"canonical\" href=\"https:\/\/reformapisos.com\/index.php\/empresas-de-reformas-integrales-para-pisos-y-viviendas-en-tarragona\/\" \/>\n<meta property=\"og:locale\" content=\"es_ES\" \/>\n<meta property=\"og:type\" content=\"article\" \/>\n<meta property=\"og:title\" content=\"Empresas de reformas integrales para pisos y viviendas en Tarragona - Reformas integrales de pisos y viviendas\" \/>\n<meta property=\"og:description\" content=\"Empresas de Reformas Integrales para Pisos y Viviendas en Tarragona Si necesitas la ayuda de una empresa de reformas integrales y baratas de pisos y viviendas en Tarragona, con una atenci\u00f3n personalizada y con tranquilidad, ReformaPisos.com es la empresa que buscabas. Llama ya a nuestros trabajadores en tu ciudad, ya que cuentan con a\u00f1os de[...]\" \/>\n<meta property=\"og:url\" content=\"https:\/\/reformapisos.com\/index.php\/empresas-de-reformas-integrales-para-pisos-y-viviendas-en-tarragona\/\" \/>\n<meta property=\"og:site_name\" content=\"Reformas integrales de pisos y viviendas\" \/>\n<meta property=\"article:modified_time\" content=\"2025-05-27T10:50:07+00:00\" \/>\n<meta property=\"og:image\" content=\"https:\/\/reformapisos.com\/wp-content\/uploads\/2023\/10\/42-1024x288.png\" \/>\n<meta name=\"twitter:card\" content=\"summary_large_image\" \/>\n<meta name=\"twitter:label1\" content=\"Tiempo de lectura\" \/>\n\t<meta name=\"twitter:data1\" content=\"3 minutos\" \/>\n<script type=\"application\/ld+json\" class=\"yoast-schema-graph\">{\"@context\":\"https:\/\/schema.org\",\"@graph\":[{\"@type\":\"WebPage\",\"@id\":\"https:\/\/reformapisos.com\/index.php\/empresas-de-reformas-integrales-para-pisos-y-viviendas-en-tarragona\/\",\"url\":\"https:\/\/reformapisos.com\/index.php\/empresas-de-reformas-integrales-para-pisos-y-viviendas-en-tarragona\/\",\"name\":\"Empresas de reformas integrales para pisos y viviendas en Tarragona - Reformas integrales de pisos y viviendas\",\"isPartOf\":{\"@id\":\"https:\/\/reformapisos.com\/#website\"},\"primaryImageOfPage\":{\"@id\":\"https:\/\/reformapisos.com\/index.php\/empresas-de-reformas-integrales-para-pisos-y-viviendas-en-tarragona\/#primaryimage\"},\"image\":{\"@id\":\"https:\/\/reformapisos.com\/index.php\/empresas-de-reformas-integrales-para-pisos-y-viviendas-en-tarragona\/#primaryimage\"},\"thumbnailUrl\":\"https:\/\/reformapisos.com\/wp-content\/uploads\/2023\/10\/42-1024x288.png\",\"datePublished\":\"2023-10-05T16:01:25+00:00\",\"dateModified\":\"2025-05-27T10:50:07+00:00\",\"breadcrumb\":{\"@id\":\"https:\/\/reformapisos.com\/index.php\/empresas-de-reformas-integrales-para-pisos-y-viviendas-en-tarragona\/#breadcrumb\"},\"inLanguage\":\"es\",\"potentialAction\":[{\"@type\":\"ReadAction\",\"target\":[\"https:\/\/reformapisos.com\/index.php\/empresas-de-reformas-integrales-para-pisos-y-viviendas-en-tarragona\/\"]}]},{\"@type\":\"ImageObject\",\"inLanguage\":\"es\",\"@id\":\"https:\/\/reformapisos.com\/index.php\/empresas-de-reformas-integrales-para-pisos-y-viviendas-en-tarragona\/#primaryimage\",\"url\":\"https:\/\/reformapisos.com\/wp-content\/uploads\/2023\/10\/42.png\",\"contentUrl\":\"https:\/\/reformapisos.com\/wp-content\/uploads\/2023\/10\/42.png\",\"width\":1280,\"height\":360,\"caption\":\"Empresas de reformas integrales para pisos y viviendas en Tarragona\"},{\"@type\":\"BreadcrumbList\",\"@id\":\"https:\/\/reformapisos.com\/index.php\/empresas-de-reformas-integrales-para-pisos-y-viviendas-en-tarragona\/#breadcrumb\",\"itemListElement\":[{\"@type\":\"ListItem\",\"position\":1,\"name\":\"Portada\",\"item\":\"https:\/\/reformapisos.com\/\"},{\"@type\":\"ListItem\",\"position\":2,\"name\":\"Empresas de reformas integrales para pisos y viviendas en Tarragona\"}]},{\"@type\":\"WebSite\",\"@id\":\"https:\/\/reformapisos.com\/#website\",\"url\":\"https:\/\/reformapisos.com\/\",\"name\":\"Reformas integrales de pisos y viviendas\",\"description\":\"Otro sitio realizado con WordPress\",\"potentialAction\":[{\"@type\":\"SearchAction\",\"target\":{\"@type\":\"EntryPoint\",\"urlTemplate\":\"https:\/\/reformapisos.com\/?s={search_term_string}\"},\"query-input\":\"required name=search_term_string\"}],\"inLanguage\":\"es\"}]}<\/script>\n<!-- \/ Yoast SEO plugin. -->","yoast_head_json":{"title":"Empresas de reformas integrales para pisos y viviendas en Tarragona - Reformas integrales de pisos y viviendas","robots":{"index":"index","follow":"follow","max-snippet":"max-snippet:-1","max-image-preview":"max-image-preview:large","max-video-preview":"max-video-preview:-1"},"canonical":"https:\/\/reformapisos.com\/index.php\/empresas-de-reformas-integrales-para-pisos-y-viviendas-en-tarragona\/","og_locale":"es_ES","og_type":"article","og_title":"Empresas de reformas integrales para pisos y viviendas en Tarragona - Reformas integrales de pisos y viviendas","og_description":"Empresas de Reformas Integrales para Pisos y Viviendas en Tarragona Si necesitas la ayuda de una empresa de reformas integrales y baratas de pisos y viviendas en Tarragona, con una atenci\u00f3n personalizada y con tranquilidad, ReformaPisos.com es la empresa que buscabas. Llama ya a nuestros trabajadores en tu ciudad, ya que cuentan con a\u00f1os de[...]","og_url":"https:\/\/reformapisos.com\/index.php\/empresas-de-reformas-integrales-para-pisos-y-viviendas-en-tarragona\/","og_site_name":"Reformas integrales de pisos y viviendas","article_modified_time":"2025-05-27T10:50:07+00:00","og_image":[{"url":"https:\/\/reformapisos.com\/wp-content\/uploads\/2023\/10\/42-1024x288.png"}],"twitter_card":"summary_large_image","twitter_misc":{"Tiempo de lectura":"3 minutos"},"schema":{"@context":"https:\/\/schema.org","@graph":[{"@type":"WebPage","@id":"https:\/\/reformapisos.com\/index.php\/empresas-de-reformas-integrales-para-pisos-y-viviendas-en-tarragona\/","url":"https:\/\/reformapisos.com\/index.php\/empresas-de-reformas-integrales-para-pisos-y-viviendas-en-tarragona\/","name":"Empresas de reformas integrales para pisos y viviendas en Tarragona - Reformas integrales de pisos y viviendas","isPartOf":{"@id":"https:\/\/reformapisos.com\/#website"},"primaryImageOfPage":{"@id":"https:\/\/reformapisos.com\/index.php\/empresas-de-reformas-integrales-para-pisos-y-viviendas-en-tarragona\/#primaryimage"},"image":{"@id":"https:\/\/reformapisos.com\/index.php\/empresas-de-reformas-integrales-para-pisos-y-viviendas-en-tarragona\/#primaryimage"},"thumbnailUrl":"https:\/\/reformapisos.com\/wp-content\/uploads\/2023\/10\/42-1024x288.png","datePublished":"2023-10-05T16:01:25+00:00","dateModified":"2025-05-27T10:50:07+00:00","breadcrumb":{"@id":"https:\/\/reformapisos.com\/index.php\/empresas-de-reformas-integrales-para-pisos-y-viviendas-en-tarragona\/#breadcrumb"},"inLanguage":"es","potentialAction":[{"@type":"ReadAction","target":["https:\/\/reformapisos.com\/index.php\/empresas-de-reformas-integrales-para-pisos-y-viviendas-en-tarragona\/"]}]},{"@type":"ImageObject","inLanguage":"es","@id":"https:\/\/reformapisos.com\/index.php\/empresas-de-reformas-integrales-para-pisos-y-viviendas-en-tarragona\/#primaryimage","url":"https:\/\/reformapisos.com\/wp-content\/uploads\/2023\/10\/42.png","contentUrl":"https:\/\/reformapisos.com\/wp-content\/uploads\/2023\/10\/42.png","width":1280,"height":360,"caption":"Empresas de reformas integrales para pisos y viviendas en Tarragona"},{"@type":"BreadcrumbList","@id":"https:\/\/reformapisos.com\/index.php\/empresas-de-reformas-integrales-para-pisos-y-viviendas-en-tarragona\/#breadcrumb","itemListElement":[{"@type":"ListItem","position":1,"name":"Portada","item":"https:\/\/reformapisos.com\/"},{"@type":"ListItem","position":2,"name":"Empresas de reformas integrales para pisos y viviendas en Tarragona"}]},{"@type":"WebSite","@id":"https:\/\/reformapisos.com\/#website","url":"https:\/\/reformapisos.com\/","name":"Reformas integrales de pisos y viviendas","description":"Otro sitio realizado con WordPress","potentialAction":[{"@type":"SearchAction","target":{"@type":"EntryPoint","urlTemplate":"https:\/\/reformapisos.com\/?s={search_term_string}"},"query-input":"required name=search_term_string"}],"inLanguage":"es"}]}},"_links":{"self":[{"href":"https:\/\/reformapisos.com\/index.php\/wp-json\/wp\/v2\/pages\/2447"}],"collection":[{"href":"https:\/\/reformapisos.com\/index.php\/wp-json\/wp\/v2\/pages"}],"about":[{"href":"https:\/\/reformapisos.com\/index.php\/wp-json\/wp\/v2\/types\/page"}],"author":[{"embeddable":true,"href":"https:\/\/reformapisos.com\/index.php\/wp-json\/wp\/v2\/users\/2"}],"replies":[{"embeddable":true,"href":"https:\/\/reformapisos.com\/index.php\/wp-json\/wp\/v2\/comments?post=2447"}],"version-history":[{"count":7,"href":"https:\/\/reformapisos.com\/index.php\/wp-json\/wp\/v2\/pages\/2447\/revisions"}],"predecessor-version":[{"id":3374,"href":"https:\/\/reformapisos.com\/index.php\/wp-json\/wp\/v2\/pages\/2447\/revisions\/3374"}],"wp:attachment":[{"href":"https:\/\/reformapisos.com\/index.php\/wp-json\/wp\/v2\/media?parent=2447"}],"curies":[{"name":"wp","href":"https:\/\/api.w.org\/{rel}","templated":true}]}}