{"id":2459,"date":"2023-10-05T16:03:25","date_gmt":"2023-10-05T16:03:25","guid":{"rendered":"https:\/\/reformapisos.com\/?page_id=2459"},"modified":"2024-06-20T14:27:53","modified_gmt":"2024-06-20T14:27:53","slug":"empresas-de-reformas-integrales-para-pisos-y-viviendas-en-gerona","status":"publish","type":"page","link":"https:\/\/reformapisos.com\/index.php\/empresas-de-reformas-integrales-para-pisos-y-viviendas-en-gerona\/","title":{"rendered":"Empresas de reformas integrales para pisos y viviendas en Gerona"},"content":{"rendered":"\n<figure class=\"wp-block-image size-large\"><img loading=\"lazy\" decoding=\"async\" width=\"1024\" height=\"288\" src=\"https:\/\/reformapisos.com\/wp-content\/uploads\/2023\/10\/48-1024x288.png\" alt=\"\" class=\"wp-image-2986\" srcset=\"https:\/\/reformapisos.com\/wp-content\/uploads\/2023\/10\/48-1024x288.png 1024w, https:\/\/reformapisos.com\/wp-content\/uploads\/2023\/10\/48-300x84.png 300w, https:\/\/reformapisos.com\/wp-content\/uploads\/2023\/10\/48-768x216.png 768w, https:\/\/reformapisos.com\/wp-content\/uploads\/2023\/10\/48-444x125.png 444w, https:\/\/reformapisos.com\/wp-content\/uploads\/2023\/10\/48.png 1280w\" sizes=\"(max-width: 1024px) 100vw, 1024px\" \/><\/figure>\n\n\n\n<p>Si necesitas <strong>empresas de reformas integrales y baratas en Gerona<\/strong> con reformaPisos.com te ofrecemos un listado de empresas de reformas de viviendas y del hogar en Gerona. Contacta con profesionales con a\u00f1os de experiencia en reforma de cocina y reformas de ba\u00f1os en Gerona.<\/p>\n\n\n\n<figure class=\"wp-block-embed-youtube wp-block-embed is-type-video is-provider-youtube wp-embed-aspect-16-9 wp-has-aspect-ratio\"><div class=\"wp-block-embed__wrapper\">\n<iframe loading=\"lazy\" title=\"Empresas de reformas integrales y baratas de pisos y viviendas en Gerona | ReformaPisos.com\" width=\"1170\" height=\"658\" src=\"https:\/\/www.youtube.com\/embed\/-okdCbltbx0?feature=oembed\" frameborder=\"0\" allow=\"accelerometer; autoplay; clipboard-write; encrypted-media; gyroscope; picture-in-picture; web-share\" allowfullscreen><\/iframe>\n<\/div><\/figure>\n\n\n\n<p>Gerona, capital de la provincia hom\u00f3nima en Catalu\u00f1a, es un tesoro hist\u00f3rico y cultural en el noreste de Espa\u00f1a. Enclavada en una colina y rodeada por los r\u00edos Ter, O\u00f1ar, G\u00fcell y Galligans, la ciudad se eleva a 75 metros sobre el nivel del mar, ofreciendo un paisaje urbano de gran belleza y un entorno natural privilegiado que ha moldeado su rica historia y patrimonio.<\/p>\n\n\n\n<p>El conjunto hist\u00f3rico de Gerona es uno de los m\u00e1s impresionantes de Catalu\u00f1a. Sus calles medievales, adornadas con balcones floridos y edificios de piedra, transportan a los visitantes a \u00e9pocas pasadas. La imponente Catedral, con su fachada g\u00f3tica y claustro rom\u00e1nico, es una joya arquitect\u00f3nica que domina el horizonte urbano. Otros puntos de inter\u00e9s incluyen el Barrio Jud\u00edo, con sus callejuelas estrechas y sinagogas hist\u00f3ricas, las Murallas Romanas que ofrecen vistas panor\u00e1micas espectaculares, y los Ba\u00f1os \u00c1rabes, oasis de tranquilidad en el coraz\u00f3n de la ciudad.<\/p>\n\n\n\n<p>La gastronom\u00eda gerundense es una deliciosa fusi\u00f3n de sabores mediterr\u00e1neos y de monta\u00f1a, destacando por la calidad y variedad de sus platos. Especialidades como la butifarra, el suquet de peix, la escudella i carn d&#8217;olla, la crema catalana y los panellets llenan los men\u00fas de los restaurantes locales. Girona tambi\u00e9n es famosa por su dinamismo cultural, con artistas callejeros, m\u00fasicos y mercados tradicionales que animan las calles, adem\u00e1s de una vibrante oferta de museos, teatros y salas de conciertos.<\/p>\n\n\n\n<p>Para quienes sue\u00f1an con renovar su vivienda en Gerona, las <strong>reformas de pisos y viviendas en Gerona<\/strong> son la respuesta perfecta. En la ciudad, diversas empresas especializadas ofrecen <strong>reformas integrales en Gerona<\/strong> que van desde la planificaci\u00f3n y dise\u00f1o hasta la ejecuci\u00f3n final de la obra, ofreciendo opciones de <strong>reformas baratas en Gerona<\/strong> para personas con un presupuesto m\u00e1s apretado. Destacan nombres como Pilar Aguilar Studio, reconocida por su enfoque en dise\u00f1o de interiores y arquitectura.&nbsp;<\/p>\n\n\n\n<p>Model Arquitectes Girona, es una <strong>empresa de reformas en Gerona<\/strong> que se distingue por su atenci\u00f3n personalizada y compromiso con la calidad en<strong> reformas del hogar en Gerona<\/strong> y obra nueva.<\/p>\n\n\n\n<p>ERBO es otra opci\u00f3n destacada en Gerona, que realiza desde <strong>reformas de ba\u00f1os en Gerona<\/strong> hasta reformas integrales, construcci\u00f3n y obra nueva en Gerona, con un equipo de profesionales experimentados y el uso de materiales de primera calidad para garantizar resultados excepcionales. Estas <strong>empresas de construcci\u00f3n y reformas en Gerona<\/strong> no solo transforman espacios f\u00edsicos, sino que tambi\u00e9n contribuyen a mantener viva la esencia hist\u00f3rica y cultural de la ciudad, adaptando cada proyecto a las necesidades y estilo de vida de sus clientes.<\/p>\n\n\n\n<p>As\u00ed, Gerona se presenta como un lugar donde la historia y la modernidad se entrelazan en un paisaje \u00fanico, invitando tanto a residentes como a visitantes a explorar su legado cultural, disfrutar de su exquisita gastronom\u00eda y considerarla un hogar donde realizar <strong>proyectos y reformas del hogar en Gerona<\/strong> que superen las expectativas.<\/p>\n\n\n\n<p>El listado de las mejores <strong>Empresas de reformas integrales para pisos y viviendas en Gerona<\/strong>. Entra en reformapisos.com para conseguir los mejores precios y contactar con profesionales con muchos a\u00f1os de experiencia en reformas de cocinas.<\/p>\n","protected":false},"excerpt":{"rendered":"Si necesitas empresas de reformas integrales y baratas en Gerona con reformaPisos.com te ofrecemos un listado de empresas de reformas de viviendas y del hogar en Gerona. Contacta con profesionales con a\u00f1os de experiencia en reforma de cocina y reformas de ba\u00f1os en Gerona. Gerona, capital de la provincia hom\u00f3nima en Catalu\u00f1a, es un tesoro[&#8230;]","protected":false},"author":2,"featured_media":0,"parent":0,"menu_order":0,"comment_status":"closed","ping_status":"closed","template":"","meta":{"footnotes":""},"yoast_head":"<!-- This site is optimized with the Yoast SEO plugin v22.9 - https:\/\/yoast.com\/wordpress\/plugins\/seo\/ -->\n<title>Empresas de reformas integrales para pisos y viviendas en Gerona - Reformas integrales de pisos y viviendas<\/title>\n<meta name=\"robots\" content=\"index, follow, max-snippet:-1, max-image-preview:large, max-video-preview:-1\" \/>\n<link rel=\"canonical\" href=\"https:\/\/reformapisos.com\/index.php\/empresas-de-reformas-integrales-para-pisos-y-viviendas-en-gerona\/\" \/>\n<meta property=\"og:locale\" content=\"es_ES\" \/>\n<meta property=\"og:type\" content=\"article\" \/>\n<meta property=\"og:title\" content=\"Empresas de reformas integrales para pisos y viviendas en Gerona - Reformas integrales de pisos y viviendas\" \/>\n<meta property=\"og:description\" content=\"Si necesitas empresas de reformas integrales y baratas en Gerona con reformaPisos.com te ofrecemos un listado de empresas de reformas de viviendas y del hogar en Gerona. Contacta con profesionales con a\u00f1os de experiencia en reforma de cocina y reformas de ba\u00f1os en Gerona. Gerona, capital de la provincia hom\u00f3nima en Catalu\u00f1a, es un tesoro[...]\" \/>\n<meta property=\"og:url\" content=\"https:\/\/reformapisos.com\/index.php\/empresas-de-reformas-integrales-para-pisos-y-viviendas-en-gerona\/\" \/>\n<meta property=\"og:site_name\" content=\"Reformas integrales de pisos y viviendas\" \/>\n<meta property=\"article:modified_time\" content=\"2024-06-20T14:27:53+00:00\" \/>\n<meta property=\"og:image\" content=\"https:\/\/reformapisos.com\/wp-content\/uploads\/2023\/10\/48-1024x288.png\" \/>\n<meta name=\"twitter:card\" content=\"summary_large_image\" \/>\n<meta name=\"twitter:label1\" content=\"Tiempo de lectura\" \/>\n\t<meta name=\"twitter:data1\" content=\"3 minutos\" \/>\n<script type=\"application\/ld+json\" class=\"yoast-schema-graph\">{\"@context\":\"https:\/\/schema.org\",\"@graph\":[{\"@type\":\"WebPage\",\"@id\":\"https:\/\/reformapisos.com\/index.php\/empresas-de-reformas-integrales-para-pisos-y-viviendas-en-gerona\/\",\"url\":\"https:\/\/reformapisos.com\/index.php\/empresas-de-reformas-integrales-para-pisos-y-viviendas-en-gerona\/\",\"name\":\"Empresas de reformas integrales para pisos y viviendas en Gerona - Reformas integrales de pisos y viviendas\",\"isPartOf\":{\"@id\":\"https:\/\/reformapisos.com\/#website\"},\"primaryImageOfPage\":{\"@id\":\"https:\/\/reformapisos.com\/index.php\/empresas-de-reformas-integrales-para-pisos-y-viviendas-en-gerona\/#primaryimage\"},\"image\":{\"@id\":\"https:\/\/reformapisos.com\/index.php\/empresas-de-reformas-integrales-para-pisos-y-viviendas-en-gerona\/#primaryimage\"},\"thumbnailUrl\":\"https:\/\/reformapisos.com\/wp-content\/uploads\/2023\/10\/48-1024x288.png\",\"datePublished\":\"2023-10-05T16:03:25+00:00\",\"dateModified\":\"2024-06-20T14:27:53+00:00\",\"breadcrumb\":{\"@id\":\"https:\/\/reformapisos.com\/index.php\/empresas-de-reformas-integrales-para-pisos-y-viviendas-en-gerona\/#breadcrumb\"},\"inLanguage\":\"es\",\"potentialAction\":[{\"@type\":\"ReadAction\",\"target\":[\"https:\/\/reformapisos.com\/index.php\/empresas-de-reformas-integrales-para-pisos-y-viviendas-en-gerona\/\"]}]},{\"@type\":\"ImageObject\",\"inLanguage\":\"es\",\"@id\":\"https:\/\/reformapisos.com\/index.php\/empresas-de-reformas-integrales-para-pisos-y-viviendas-en-gerona\/#primaryimage\",\"url\":\"https:\/\/reformapisos.com\/wp-content\/uploads\/2023\/10\/48.png\",\"contentUrl\":\"https:\/\/reformapisos.com\/wp-content\/uploads\/2023\/10\/48.png\",\"width\":1280,\"height\":360,\"caption\":\"Empresas de reformas integrales para pisos y viviendas en Gerona\"},{\"@type\":\"BreadcrumbList\",\"@id\":\"https:\/\/reformapisos.com\/index.php\/empresas-de-reformas-integrales-para-pisos-y-viviendas-en-gerona\/#breadcrumb\",\"itemListElement\":[{\"@type\":\"ListItem\",\"position\":1,\"name\":\"Portada\",\"item\":\"https:\/\/reformapisos.com\/\"},{\"@type\":\"ListItem\",\"position\":2,\"name\":\"Empresas de reformas integrales para pisos y viviendas en Gerona\"}]},{\"@type\":\"WebSite\",\"@id\":\"https:\/\/reformapisos.com\/#website\",\"url\":\"https:\/\/reformapisos.com\/\",\"name\":\"Reformas integrales de pisos y viviendas\",\"description\":\"Otro sitio realizado con WordPress\",\"potentialAction\":[{\"@type\":\"SearchAction\",\"target\":{\"@type\":\"EntryPoint\",\"urlTemplate\":\"https:\/\/reformapisos.com\/?s={search_term_string}\"},\"query-input\":\"required name=search_term_string\"}],\"inLanguage\":\"es\"}]}<\/script>\n<!-- \/ Yoast SEO plugin. -->","yoast_head_json":{"title":"Empresas de reformas integrales para pisos y viviendas en Gerona - Reformas integrales de pisos y viviendas","robots":{"index":"index","follow":"follow","max-snippet":"max-snippet:-1","max-image-preview":"max-image-preview:large","max-video-preview":"max-video-preview:-1"},"canonical":"https:\/\/reformapisos.com\/index.php\/empresas-de-reformas-integrales-para-pisos-y-viviendas-en-gerona\/","og_locale":"es_ES","og_type":"article","og_title":"Empresas de reformas integrales para pisos y viviendas en Gerona - Reformas integrales de pisos y viviendas","og_description":"Si necesitas empresas de reformas integrales y baratas en Gerona con reformaPisos.com te ofrecemos un listado de empresas de reformas de viviendas y del hogar en Gerona. Contacta con profesionales con a\u00f1os de experiencia en reforma de cocina y reformas de ba\u00f1os en Gerona. Gerona, capital de la provincia hom\u00f3nima en Catalu\u00f1a, es un tesoro[...]","og_url":"https:\/\/reformapisos.com\/index.php\/empresas-de-reformas-integrales-para-pisos-y-viviendas-en-gerona\/","og_site_name":"Reformas integrales de pisos y viviendas","article_modified_time":"2024-06-20T14:27:53+00:00","og_image":[{"url":"https:\/\/reformapisos.com\/wp-content\/uploads\/2023\/10\/48-1024x288.png"}],"twitter_card":"summary_large_image","twitter_misc":{"Tiempo de lectura":"3 minutos"},"schema":{"@context":"https:\/\/schema.org","@graph":[{"@type":"WebPage","@id":"https:\/\/reformapisos.com\/index.php\/empresas-de-reformas-integrales-para-pisos-y-viviendas-en-gerona\/","url":"https:\/\/reformapisos.com\/index.php\/empresas-de-reformas-integrales-para-pisos-y-viviendas-en-gerona\/","name":"Empresas de reformas integrales para pisos y viviendas en Gerona - Reformas integrales de pisos y viviendas","isPartOf":{"@id":"https:\/\/reformapisos.com\/#website"},"primaryImageOfPage":{"@id":"https:\/\/reformapisos.com\/index.php\/empresas-de-reformas-integrales-para-pisos-y-viviendas-en-gerona\/#primaryimage"},"image":{"@id":"https:\/\/reformapisos.com\/index.php\/empresas-de-reformas-integrales-para-pisos-y-viviendas-en-gerona\/#primaryimage"},"thumbnailUrl":"https:\/\/reformapisos.com\/wp-content\/uploads\/2023\/10\/48-1024x288.png","datePublished":"2023-10-05T16:03:25+00:00","dateModified":"2024-06-20T14:27:53+00:00","breadcrumb":{"@id":"https:\/\/reformapisos.com\/index.php\/empresas-de-reformas-integrales-para-pisos-y-viviendas-en-gerona\/#breadcrumb"},"inLanguage":"es","potentialAction":[{"@type":"ReadAction","target":["https:\/\/reformapisos.com\/index.php\/empresas-de-reformas-integrales-para-pisos-y-viviendas-en-gerona\/"]}]},{"@type":"ImageObject","inLanguage":"es","@id":"https:\/\/reformapisos.com\/index.php\/empresas-de-reformas-integrales-para-pisos-y-viviendas-en-gerona\/#primaryimage","url":"https:\/\/reformapisos.com\/wp-content\/uploads\/2023\/10\/48.png","contentUrl":"https:\/\/reformapisos.com\/wp-content\/uploads\/2023\/10\/48.png","width":1280,"height":360,"caption":"Empresas de reformas integrales para pisos y viviendas en Gerona"},{"@type":"BreadcrumbList","@id":"https:\/\/reformapisos.com\/index.php\/empresas-de-reformas-integrales-para-pisos-y-viviendas-en-gerona\/#breadcrumb","itemListElement":[{"@type":"ListItem","position":1,"name":"Portada","item":"https:\/\/reformapisos.com\/"},{"@type":"ListItem","position":2,"name":"Empresas de reformas integrales para pisos y viviendas en Gerona"}]},{"@type":"WebSite","@id":"https:\/\/reformapisos.com\/#website","url":"https:\/\/reformapisos.com\/","name":"Reformas integrales de pisos y viviendas","description":"Otro sitio realizado con WordPress","potentialAction":[{"@type":"SearchAction","target":{"@type":"EntryPoint","urlTemplate":"https:\/\/reformapisos.com\/?s={search_term_string}"},"query-input":"required name=search_term_string"}],"inLanguage":"es"}]}},"_links":{"self":[{"href":"https:\/\/reformapisos.com\/index.php\/wp-json\/wp\/v2\/pages\/2459"}],"collection":[{"href":"https:\/\/reformapisos.com\/index.php\/wp-json\/wp\/v2\/pages"}],"about":[{"href":"https:\/\/reformapisos.com\/index.php\/wp-json\/wp\/v2\/types\/page"}],"author":[{"embeddable":true,"href":"https:\/\/reformapisos.com\/index.php\/wp-json\/wp\/v2\/users\/2"}],"replies":[{"embeddable":true,"href":"https:\/\/reformapisos.com\/index.php\/wp-json\/wp\/v2\/comments?post=2459"}],"version-history":[{"count":6,"href":"https:\/\/reformapisos.com\/index.php\/wp-json\/wp\/v2\/pages\/2459\/revisions"}],"predecessor-version":[{"id":3255,"href":"https:\/\/reformapisos.com\/index.php\/wp-json\/wp\/v2\/pages\/2459\/revisions\/3255"}],"wp:attachment":[{"href":"https:\/\/reformapisos.com\/index.php\/wp-json\/wp\/v2\/media?parent=2459"}],"curies":[{"name":"wp","href":"https:\/\/api.w.org\/{rel}","templated":true}]}}