{"id":2463,"date":"2023-10-05T16:03:52","date_gmt":"2023-10-05T16:03:52","guid":{"rendered":"https:\/\/reformapisos.com\/?page_id=2463"},"modified":"2025-05-27T11:35:41","modified_gmt":"2025-05-27T11:35:41","slug":"empresas-de-reformas-integrales-para-pisos-y-viviendas-en-toledo","status":"publish","type":"page","link":"https:\/\/reformapisos.com\/index.php\/empresas-de-reformas-integrales-para-pisos-y-viviendas-en-toledo\/","title":{"rendered":"Empresas de reformas integrales para pisos y viviendas en Toledo"},"content":{"rendered":"\n<p><\/p>\n\n\n\n<figure class=\"wp-block-image size-large\"><img loading=\"lazy\" decoding=\"async\" width=\"1024\" height=\"288\" src=\"https:\/\/reformapisos.com\/wp-content\/uploads\/2023\/10\/50-1024x288.png\" alt=\"\" class=\"wp-image-2990\" srcset=\"https:\/\/reformapisos.com\/wp-content\/uploads\/2023\/10\/50-1024x288.png 1024w, https:\/\/reformapisos.com\/wp-content\/uploads\/2023\/10\/50-300x84.png 300w, https:\/\/reformapisos.com\/wp-content\/uploads\/2023\/10\/50-768x216.png 768w, https:\/\/reformapisos.com\/wp-content\/uploads\/2023\/10\/50-444x125.png 444w, https:\/\/reformapisos.com\/wp-content\/uploads\/2023\/10\/50.png 1280w\" sizes=\"(max-width: 1024px) 100vw, 1024px\" \/><\/figure>\n\n\n\n<h1 class=\"wp-block-heading\"><strong>Empresas de Reformas Integrales para Pisos y Viviendas en Toledo<\/strong><\/h1>\n\n\n\n<p>Si necesitas la ayuda de una <strong>empresa de reformas integrales y baratas de pisos y viviendas en Toledo<\/strong>, con una atenci\u00f3n personalizada y con tranquilidad, ReformaPisos.com es la empresa que buscabas. Llama ya a nuestros trabajadores en tu ciudad, ya que cuentan con a\u00f1os de experiencia.<\/p>\n\n\n\n<p>Nuestros colaboradores son expertos en adaptar tu vivienda a tus necesidades y estilo de vida, incrementando su valor y transformando cada espacio. Nos enfocamos en conectarte con <strong>empresas de construcci\u00f3n y reformas en Toledo<\/strong> que garantizan servicios completos, desde el dise\u00f1o hasta la ejecuci\u00f3n, asegurando la excelencia y tu satisfacci\u00f3n en cada proyecto.<\/p>\n\n\n\n<h2 class=\"wp-block-heading\"><strong>Las Mejores Empresas de Reformas Integrales en Toledo<\/strong><\/h2>\n\n\n\n<p>Encontrar una empresa de reformas de confianza en Toledo es clave para el \u00e9xito de tu proyecto. Para ayudarte a elegir la mejor opci\u00f3n para tus necesidades y presupuesto, te presentamos algunas de las <strong>mejores empresas de reformas en Toledo<\/strong>:<\/p>\n\n\n\n<ul>\n<li><strong>Confiasistencia:<\/strong> Ofrecen <strong>reformas integrales completas<\/strong>, desde la planificaci\u00f3n hasta la ejecuci\u00f3n, incluyendo dise\u00f1o, alba\u00f1iler\u00eda, electricidad, fontaner\u00eda, pintura y decoraci\u00f3n. Cuentan con un equipo de profesionales altamente cualificados y con amplia experiencia, ofreciendo un servicio personalizado y cercano, atendiendo a las necesidades espec\u00edficas de cada cliente.<\/li>\n\n\n\n<li><strong>Reformas Toledo:<\/strong> Realizan <strong>reformas de pisos y viviendas en Toledo<\/strong>, as\u00ed como locales comerciales y comunidades de vecinos. Trabajan con materiales de primera calidad y garantizan un acabado impecable en cada proyecto, asegurando que el resultado final sea de la m\u00e1s alta calidad.<\/li>\n\n\n\n<li><strong>En Reformas:<\/strong> Se especializan en <strong>reformas del hogar en Toledo<\/strong>, ofreciendo un servicio integral que abarca desde el dise\u00f1o inicial hasta la ejecuci\u00f3n final. Se caracterizan por su profesionalidad, atenci\u00f3n al cliente y compromiso con la calidad, adem\u00e1s de ofrecer financiaci\u00f3n a medida para facilitar la realizaci\u00f3n de tu proyecto.<\/li>\n<\/ul>\n\n\n\n<p>Las <strong>reformas baratas en Toledo<\/strong> tambi\u00e9n son una opci\u00f3n viable gracias a la competencia y variedad de <strong>empresas de construcci\u00f3n en Toledo<\/strong>. Estas empresas permiten actualizar espacios de manera eficiente y econ\u00f3mica, sin sacrificar la calidad. Las <strong>reformas de ba\u00f1os en Toledo<\/strong> son otro aspecto esencial de las <strong>reformas del hogar en Toledo<\/strong>, permitiendo actualizar y mejorar la funcionalidad y est\u00e9tica de uno de los espacios m\u00e1s importantes del hogar.<\/p>\n\n\n\n<h2 class=\"wp-block-heading\"><strong>Encuentra los Mejores Precios para tus Reformas en Toledo<\/strong><\/h2>\n\n\n\n<p>Te ofrecemos un listado de las mejores <strong>Empresas de reformas integrales para pisos y viviendas en Toledo<\/strong>. Entra en ReformaPisos.com para conseguir los <strong>mejores precios<\/strong> y contactar con profesionales y <strong>empresas de construcci\u00f3n<\/strong> con muchos a\u00f1os de experiencia en <strong>reformas de ba\u00f1os<\/strong> y otras estancias de tu hogar.<\/p>\n","protected":false},"excerpt":{"rendered":"Empresas de Reformas Integrales para Pisos y Viviendas en Toledo Si necesitas la ayuda de una empresa de reformas integrales y baratas de pisos y viviendas en Toledo, con una atenci\u00f3n personalizada y con tranquilidad, ReformaPisos.com es la empresa que buscabas. Llama ya a nuestros trabajadores en tu ciudad, ya que cuentan con a\u00f1os de[&#8230;]","protected":false},"author":2,"featured_media":0,"parent":0,"menu_order":0,"comment_status":"closed","ping_status":"closed","template":"","meta":{"footnotes":""},"yoast_head":"<!-- This site is optimized with the Yoast SEO plugin v22.9 - https:\/\/yoast.com\/wordpress\/plugins\/seo\/ -->\n<title>Empresas de reformas integrales para pisos y viviendas en Toledo - Reformas integrales de pisos y viviendas<\/title>\n<meta name=\"robots\" content=\"index, follow, max-snippet:-1, max-image-preview:large, max-video-preview:-1\" \/>\n<link rel=\"canonical\" href=\"https:\/\/reformapisos.com\/index.php\/empresas-de-reformas-integrales-para-pisos-y-viviendas-en-toledo\/\" \/>\n<meta property=\"og:locale\" content=\"es_ES\" \/>\n<meta property=\"og:type\" content=\"article\" \/>\n<meta property=\"og:title\" content=\"Empresas de reformas integrales para pisos y viviendas en Toledo - Reformas integrales de pisos y viviendas\" \/>\n<meta property=\"og:description\" content=\"Empresas de Reformas Integrales para Pisos y Viviendas en Toledo Si necesitas la ayuda de una empresa de reformas integrales y baratas de pisos y viviendas en Toledo, con una atenci\u00f3n personalizada y con tranquilidad, ReformaPisos.com es la empresa que buscabas. Llama ya a nuestros trabajadores en tu ciudad, ya que cuentan con a\u00f1os de[...]\" \/>\n<meta property=\"og:url\" content=\"https:\/\/reformapisos.com\/index.php\/empresas-de-reformas-integrales-para-pisos-y-viviendas-en-toledo\/\" \/>\n<meta property=\"og:site_name\" content=\"Reformas integrales de pisos y viviendas\" \/>\n<meta property=\"article:modified_time\" content=\"2025-05-27T11:35:41+00:00\" \/>\n<meta property=\"og:image\" content=\"https:\/\/reformapisos.com\/wp-content\/uploads\/2023\/10\/50-1024x288.png\" \/>\n<meta name=\"twitter:card\" content=\"summary_large_image\" \/>\n<meta name=\"twitter:label1\" content=\"Tiempo de lectura\" \/>\n\t<meta name=\"twitter:data1\" content=\"3 minutos\" \/>\n<script type=\"application\/ld+json\" class=\"yoast-schema-graph\">{\"@context\":\"https:\/\/schema.org\",\"@graph\":[{\"@type\":\"WebPage\",\"@id\":\"https:\/\/reformapisos.com\/index.php\/empresas-de-reformas-integrales-para-pisos-y-viviendas-en-toledo\/\",\"url\":\"https:\/\/reformapisos.com\/index.php\/empresas-de-reformas-integrales-para-pisos-y-viviendas-en-toledo\/\",\"name\":\"Empresas de reformas integrales para pisos y viviendas en Toledo - Reformas integrales de pisos y viviendas\",\"isPartOf\":{\"@id\":\"https:\/\/reformapisos.com\/#website\"},\"primaryImageOfPage\":{\"@id\":\"https:\/\/reformapisos.com\/index.php\/empresas-de-reformas-integrales-para-pisos-y-viviendas-en-toledo\/#primaryimage\"},\"image\":{\"@id\":\"https:\/\/reformapisos.com\/index.php\/empresas-de-reformas-integrales-para-pisos-y-viviendas-en-toledo\/#primaryimage\"},\"thumbnailUrl\":\"https:\/\/reformapisos.com\/wp-content\/uploads\/2023\/10\/50-1024x288.png\",\"datePublished\":\"2023-10-05T16:03:52+00:00\",\"dateModified\":\"2025-05-27T11:35:41+00:00\",\"breadcrumb\":{\"@id\":\"https:\/\/reformapisos.com\/index.php\/empresas-de-reformas-integrales-para-pisos-y-viviendas-en-toledo\/#breadcrumb\"},\"inLanguage\":\"es\",\"potentialAction\":[{\"@type\":\"ReadAction\",\"target\":[\"https:\/\/reformapisos.com\/index.php\/empresas-de-reformas-integrales-para-pisos-y-viviendas-en-toledo\/\"]}]},{\"@type\":\"ImageObject\",\"inLanguage\":\"es\",\"@id\":\"https:\/\/reformapisos.com\/index.php\/empresas-de-reformas-integrales-para-pisos-y-viviendas-en-toledo\/#primaryimage\",\"url\":\"https:\/\/reformapisos.com\/wp-content\/uploads\/2023\/10\/50.png\",\"contentUrl\":\"https:\/\/reformapisos.com\/wp-content\/uploads\/2023\/10\/50.png\",\"width\":1280,\"height\":360,\"caption\":\"Empresas de reformas integrales para pisos y viviendas en Toledo\"},{\"@type\":\"BreadcrumbList\",\"@id\":\"https:\/\/reformapisos.com\/index.php\/empresas-de-reformas-integrales-para-pisos-y-viviendas-en-toledo\/#breadcrumb\",\"itemListElement\":[{\"@type\":\"ListItem\",\"position\":1,\"name\":\"Portada\",\"item\":\"https:\/\/reformapisos.com\/\"},{\"@type\":\"ListItem\",\"position\":2,\"name\":\"Empresas de reformas integrales para pisos y viviendas en Toledo\"}]},{\"@type\":\"WebSite\",\"@id\":\"https:\/\/reformapisos.com\/#website\",\"url\":\"https:\/\/reformapisos.com\/\",\"name\":\"Reformas integrales de pisos y viviendas\",\"description\":\"Otro sitio realizado con WordPress\",\"potentialAction\":[{\"@type\":\"SearchAction\",\"target\":{\"@type\":\"EntryPoint\",\"urlTemplate\":\"https:\/\/reformapisos.com\/?s={search_term_string}\"},\"query-input\":\"required name=search_term_string\"}],\"inLanguage\":\"es\"}]}<\/script>\n<!-- \/ Yoast SEO plugin. -->","yoast_head_json":{"title":"Empresas de reformas integrales para pisos y viviendas en Toledo - Reformas integrales de pisos y viviendas","robots":{"index":"index","follow":"follow","max-snippet":"max-snippet:-1","max-image-preview":"max-image-preview:large","max-video-preview":"max-video-preview:-1"},"canonical":"https:\/\/reformapisos.com\/index.php\/empresas-de-reformas-integrales-para-pisos-y-viviendas-en-toledo\/","og_locale":"es_ES","og_type":"article","og_title":"Empresas de reformas integrales para pisos y viviendas en Toledo - Reformas integrales de pisos y viviendas","og_description":"Empresas de Reformas Integrales para Pisos y Viviendas en Toledo Si necesitas la ayuda de una empresa de reformas integrales y baratas de pisos y viviendas en Toledo, con una atenci\u00f3n personalizada y con tranquilidad, ReformaPisos.com es la empresa que buscabas. Llama ya a nuestros trabajadores en tu ciudad, ya que cuentan con a\u00f1os de[...]","og_url":"https:\/\/reformapisos.com\/index.php\/empresas-de-reformas-integrales-para-pisos-y-viviendas-en-toledo\/","og_site_name":"Reformas integrales de pisos y viviendas","article_modified_time":"2025-05-27T11:35:41+00:00","og_image":[{"url":"https:\/\/reformapisos.com\/wp-content\/uploads\/2023\/10\/50-1024x288.png"}],"twitter_card":"summary_large_image","twitter_misc":{"Tiempo de lectura":"3 minutos"},"schema":{"@context":"https:\/\/schema.org","@graph":[{"@type":"WebPage","@id":"https:\/\/reformapisos.com\/index.php\/empresas-de-reformas-integrales-para-pisos-y-viviendas-en-toledo\/","url":"https:\/\/reformapisos.com\/index.php\/empresas-de-reformas-integrales-para-pisos-y-viviendas-en-toledo\/","name":"Empresas de reformas integrales para pisos y viviendas en Toledo - Reformas integrales de pisos y viviendas","isPartOf":{"@id":"https:\/\/reformapisos.com\/#website"},"primaryImageOfPage":{"@id":"https:\/\/reformapisos.com\/index.php\/empresas-de-reformas-integrales-para-pisos-y-viviendas-en-toledo\/#primaryimage"},"image":{"@id":"https:\/\/reformapisos.com\/index.php\/empresas-de-reformas-integrales-para-pisos-y-viviendas-en-toledo\/#primaryimage"},"thumbnailUrl":"https:\/\/reformapisos.com\/wp-content\/uploads\/2023\/10\/50-1024x288.png","datePublished":"2023-10-05T16:03:52+00:00","dateModified":"2025-05-27T11:35:41+00:00","breadcrumb":{"@id":"https:\/\/reformapisos.com\/index.php\/empresas-de-reformas-integrales-para-pisos-y-viviendas-en-toledo\/#breadcrumb"},"inLanguage":"es","potentialAction":[{"@type":"ReadAction","target":["https:\/\/reformapisos.com\/index.php\/empresas-de-reformas-integrales-para-pisos-y-viviendas-en-toledo\/"]}]},{"@type":"ImageObject","inLanguage":"es","@id":"https:\/\/reformapisos.com\/index.php\/empresas-de-reformas-integrales-para-pisos-y-viviendas-en-toledo\/#primaryimage","url":"https:\/\/reformapisos.com\/wp-content\/uploads\/2023\/10\/50.png","contentUrl":"https:\/\/reformapisos.com\/wp-content\/uploads\/2023\/10\/50.png","width":1280,"height":360,"caption":"Empresas de reformas integrales para pisos y viviendas en Toledo"},{"@type":"BreadcrumbList","@id":"https:\/\/reformapisos.com\/index.php\/empresas-de-reformas-integrales-para-pisos-y-viviendas-en-toledo\/#breadcrumb","itemListElement":[{"@type":"ListItem","position":1,"name":"Portada","item":"https:\/\/reformapisos.com\/"},{"@type":"ListItem","position":2,"name":"Empresas de reformas integrales para pisos y viviendas en Toledo"}]},{"@type":"WebSite","@id":"https:\/\/reformapisos.com\/#website","url":"https:\/\/reformapisos.com\/","name":"Reformas integrales de pisos y viviendas","description":"Otro sitio realizado con WordPress","potentialAction":[{"@type":"SearchAction","target":{"@type":"EntryPoint","urlTemplate":"https:\/\/reformapisos.com\/?s={search_term_string}"},"query-input":"required name=search_term_string"}],"inLanguage":"es"}]}},"_links":{"self":[{"href":"https:\/\/reformapisos.com\/index.php\/wp-json\/wp\/v2\/pages\/2463"}],"collection":[{"href":"https:\/\/reformapisos.com\/index.php\/wp-json\/wp\/v2\/pages"}],"about":[{"href":"https:\/\/reformapisos.com\/index.php\/wp-json\/wp\/v2\/types\/page"}],"author":[{"embeddable":true,"href":"https:\/\/reformapisos.com\/index.php\/wp-json\/wp\/v2\/users\/2"}],"replies":[{"embeddable":true,"href":"https:\/\/reformapisos.com\/index.php\/wp-json\/wp\/v2\/comments?post=2463"}],"version-history":[{"count":6,"href":"https:\/\/reformapisos.com\/index.php\/wp-json\/wp\/v2\/pages\/2463\/revisions"}],"predecessor-version":[{"id":3380,"href":"https:\/\/reformapisos.com\/index.php\/wp-json\/wp\/v2\/pages\/2463\/revisions\/3380"}],"wp:attachment":[{"href":"https:\/\/reformapisos.com\/index.php\/wp-json\/wp\/v2\/media?parent=2463"}],"curies":[{"name":"wp","href":"https:\/\/api.w.org\/{rel}","templated":true}]}}