{"id":2480,"date":"2023-10-05T16:06:51","date_gmt":"2023-10-05T16:06:51","guid":{"rendered":"https:\/\/reformapisos.com\/?page_id=2480"},"modified":"2025-05-27T16:03:35","modified_gmt":"2025-05-27T16:03:35","slug":"electricistas-a-domicilio-para-urgencias-24-horas-reparaciones-y-reformas-en-alicante","status":"publish","type":"page","link":"https:\/\/reformapisos.com\/index.php\/electricistas-a-domicilio-para-urgencias-24-horas-reparaciones-y-reformas-en-alicante\/","title":{"rendered":"Electricistas a domicilio para urgencias 24 horas, reparaciones y reformas en Alicante"},"content":{"rendered":"\n<figure class=\"wp-block-image size-large\"><img loading=\"lazy\" decoding=\"async\" width=\"1280\" height=\"360\" src=\"https:\/\/reformapisos.com\/wp-content\/uploads\/2023\/10\/88-1024x288.png\" alt=\"\" class=\"wp-image-2862\" srcset=\"https:\/\/reformapisos.com\/wp-content\/uploads\/2023\/10\/88-1024x288.png 1024w, https:\/\/reformapisos.com\/wp-content\/uploads\/2023\/10\/88-300x84.png 300w, https:\/\/reformapisos.com\/wp-content\/uploads\/2023\/10\/88-768x216.png 768w, https:\/\/reformapisos.com\/wp-content\/uploads\/2023\/10\/88-444x125.png 444w, https:\/\/reformapisos.com\/wp-content\/uploads\/2023\/10\/88.png 1280w\" sizes=\"(max-width: 1280px) 100vw, 1280px\" \/><\/figure>\n\n\n\n<h1 class=\"wp-block-heading\"><strong>Electricistas a Domicilio en Alicante: Reformas y Urgencias 24 Horas<\/strong><\/h1>\n\n\n\n<p>Si buscas <strong>electricistas a domicilio para hacer reformas en Alicante<\/strong> con toda tranquilidad para tu hogar, encuentra <strong>electricistas a domicilio 24 horas y electricista urgente en Alicante<\/strong> entrando en ReformaPisos.com para contactar con profesionales con a\u00f1os de experiencia y con <strong>electricistas baratos en Alicante cerca de ti<\/strong>.<\/p>\n\n\n\n<p>Nuestros colaboradores son expertos en resolver cualquier problema el\u00e9ctrico, desde instalaciones complejas hasta reparaciones urgentes. Nos enfocamos en conectarte con <strong>electricistas en Alicante<\/strong> que garantizan servicios eficaces, profesionalismo y rapidez para tus <strong>proyectos de reformas o emergencias el\u00e9ctricas<\/strong>.<\/p>\n\n\n\n<h2 class=\"wp-block-heading\"><strong>Los Mejores Electricistas para tu Hogar en Alicante<\/strong><\/h2>\n\n\n\n<p>Encontrar un electricista confiable en Alicante es crucial para la seguridad y el buen funcionamiento de tu hogar. Para ayudarte a elegir la mejor opci\u00f3n para tus necesidades y presupuesto, te presentamos algunas de las <strong>empresas de electricistas a domicilio en Alicante<\/strong> m\u00e1s recomendadas:<\/p>\n\n\n\n<ul>\n<li><strong>CYN Energ\u00eda | Electricistas en Alicante:<\/strong> Ofrecen servicios con <strong>electricistas que realizan reformas integrales en Alicante<\/strong> y cuentan con <strong>electricistas las 24 horas en Alicante<\/strong> para atender emergencias y necesidades programadas. Son una opci\u00f3n completa para cualquier proyecto el\u00e9ctrico.<\/li>\n\n\n\n<li><strong>Electricista Time Alicante:<\/strong> Se destaca por su profesionalismo y velocidad en la ejecuci\u00f3n de trabajos con un <strong>electricista para un caso urgente en Alicante<\/strong>. Si necesitas una soluci\u00f3n r\u00e1pida y eficiente, son una excelente elecci\u00f3n.<\/li>\n\n\n\n<li><strong>Diego Franc\u00e9s Electricista en Alicante:<\/strong> Se especializa en proyectos de instalaci\u00f3n y <strong>reformas el\u00e9ctricas<\/strong>, garantizando soluciones adaptadas a las necesidades espec\u00edficas de cada cliente con <strong>electricistas 24 horas en Alicante<\/strong>.<\/li>\n<\/ul>\n\n\n\n<p>Estas empresas no solo aseguran la funcionalidad de las instalaciones el\u00e9ctricas, sino que tambi\u00e9n ofrecen tranquilidad y confianza a los residentes y negocios de Alicante con <strong>electricistas que solucionan reparaciones urgentes en Alicante<\/strong>. Con opciones de <strong>electricistas baratos en Alicante<\/strong> disponibles para todos los presupuestos y necesidades, la ciudad se posiciona como un lugar donde la modernidad y la tradici\u00f3n se encuentran para ofrecer soluciones el\u00e9ctricas de calidad.<\/p>\n\n\n\n<h2 class=\"wp-block-heading\"><strong>Encuentra los Mejores Precios para tus Servicios El\u00e9ctricos en Alicante<\/strong><\/h2>\n\n\n\n<p>Si buscas profesionales <strong>Electricistas a domicilio para urgencias 24 horas, reparaciones y reformas en Alicante<\/strong>, entra en ReformaPisos.com para conseguir los <strong>mejores precios<\/strong> y contactar con profesionales con muchos a\u00f1os de experiencia en reformas de pisos y viviendas.<\/p>\n","protected":false},"excerpt":{"rendered":"Electricistas a Domicilio en Alicante: Reformas y Urgencias 24 Horas Si buscas electricistas a domicilio para hacer reformas en Alicante con toda tranquilidad para tu hogar, encuentra electricistas a domicilio 24 horas y electricista urgente en Alicante entrando en ReformaPisos.com para contactar con profesionales con a\u00f1os de experiencia y con electricistas baratos en Alicante cerca[&#8230;]","protected":false},"author":2,"featured_media":0,"parent":0,"menu_order":0,"comment_status":"closed","ping_status":"closed","template":"","meta":{"footnotes":""},"yoast_head":"<!-- This site is optimized with the Yoast SEO plugin v22.9 - https:\/\/yoast.com\/wordpress\/plugins\/seo\/ -->\n<title>Electricistas a domicilio para urgencias 24 horas, reparaciones y reformas en Alicante - Reformas integrales de pisos y viviendas<\/title>\n<meta name=\"robots\" content=\"index, follow, max-snippet:-1, max-image-preview:large, max-video-preview:-1\" \/>\n<link rel=\"canonical\" href=\"https:\/\/reformapisos.com\/index.php\/electricistas-a-domicilio-para-urgencias-24-horas-reparaciones-y-reformas-en-alicante\/\" \/>\n<meta property=\"og:locale\" content=\"es_ES\" \/>\n<meta property=\"og:type\" content=\"article\" \/>\n<meta property=\"og:title\" content=\"Electricistas a domicilio para urgencias 24 horas, reparaciones y reformas en Alicante - Reformas integrales de pisos y viviendas\" \/>\n<meta property=\"og:description\" content=\"Electricistas a Domicilio en Alicante: Reformas y Urgencias 24 Horas Si buscas electricistas a domicilio para hacer reformas en Alicante con toda tranquilidad para tu hogar, encuentra electricistas a domicilio 24 horas y electricista urgente en Alicante entrando en ReformaPisos.com para contactar con profesionales con a\u00f1os de experiencia y con electricistas baratos en Alicante cerca[...]\" \/>\n<meta property=\"og:url\" content=\"https:\/\/reformapisos.com\/index.php\/electricistas-a-domicilio-para-urgencias-24-horas-reparaciones-y-reformas-en-alicante\/\" \/>\n<meta property=\"og:site_name\" content=\"Reformas integrales de pisos y viviendas\" \/>\n<meta property=\"article:modified_time\" content=\"2025-05-27T16:03:35+00:00\" \/>\n<meta property=\"og:image\" content=\"https:\/\/reformapisos.com\/wp-content\/uploads\/2023\/10\/88-1024x288.png\" \/>\n<meta name=\"twitter:card\" content=\"summary_large_image\" \/>\n<meta name=\"twitter:label1\" content=\"Tiempo de lectura\" \/>\n\t<meta name=\"twitter:data1\" content=\"2 minutos\" \/>\n<script type=\"application\/ld+json\" class=\"yoast-schema-graph\">{\"@context\":\"https:\/\/schema.org\",\"@graph\":[{\"@type\":\"WebPage\",\"@id\":\"https:\/\/reformapisos.com\/index.php\/electricistas-a-domicilio-para-urgencias-24-horas-reparaciones-y-reformas-en-alicante\/\",\"url\":\"https:\/\/reformapisos.com\/index.php\/electricistas-a-domicilio-para-urgencias-24-horas-reparaciones-y-reformas-en-alicante\/\",\"name\":\"Electricistas a domicilio para urgencias 24 horas, reparaciones y reformas en Alicante - Reformas integrales de pisos y viviendas\",\"isPartOf\":{\"@id\":\"https:\/\/reformapisos.com\/#website\"},\"primaryImageOfPage\":{\"@id\":\"https:\/\/reformapisos.com\/index.php\/electricistas-a-domicilio-para-urgencias-24-horas-reparaciones-y-reformas-en-alicante\/#primaryimage\"},\"image\":{\"@id\":\"https:\/\/reformapisos.com\/index.php\/electricistas-a-domicilio-para-urgencias-24-horas-reparaciones-y-reformas-en-alicante\/#primaryimage\"},\"thumbnailUrl\":\"https:\/\/reformapisos.com\/wp-content\/uploads\/2023\/10\/88-1024x288.png\",\"datePublished\":\"2023-10-05T16:06:51+00:00\",\"dateModified\":\"2025-05-27T16:03:35+00:00\",\"breadcrumb\":{\"@id\":\"https:\/\/reformapisos.com\/index.php\/electricistas-a-domicilio-para-urgencias-24-horas-reparaciones-y-reformas-en-alicante\/#breadcrumb\"},\"inLanguage\":\"es\",\"potentialAction\":[{\"@type\":\"ReadAction\",\"target\":[\"https:\/\/reformapisos.com\/index.php\/electricistas-a-domicilio-para-urgencias-24-horas-reparaciones-y-reformas-en-alicante\/\"]}]},{\"@type\":\"ImageObject\",\"inLanguage\":\"es\",\"@id\":\"https:\/\/reformapisos.com\/index.php\/electricistas-a-domicilio-para-urgencias-24-horas-reparaciones-y-reformas-en-alicante\/#primaryimage\",\"url\":\"https:\/\/reformapisos.com\/wp-content\/uploads\/2023\/10\/88.png\",\"contentUrl\":\"https:\/\/reformapisos.com\/wp-content\/uploads\/2023\/10\/88.png\",\"width\":1280,\"height\":360,\"caption\":\"Electricistas a domicilio para urgencias 24 horas, reparaciones y reformas en Alicante\"},{\"@type\":\"BreadcrumbList\",\"@id\":\"https:\/\/reformapisos.com\/index.php\/electricistas-a-domicilio-para-urgencias-24-horas-reparaciones-y-reformas-en-alicante\/#breadcrumb\",\"itemListElement\":[{\"@type\":\"ListItem\",\"position\":1,\"name\":\"Portada\",\"item\":\"https:\/\/reformapisos.com\/\"},{\"@type\":\"ListItem\",\"position\":2,\"name\":\"Electricistas a domicilio para urgencias 24 horas, reparaciones y reformas en Alicante\"}]},{\"@type\":\"WebSite\",\"@id\":\"https:\/\/reformapisos.com\/#website\",\"url\":\"https:\/\/reformapisos.com\/\",\"name\":\"Reformas integrales de pisos y viviendas\",\"description\":\"Otro sitio realizado con WordPress\",\"potentialAction\":[{\"@type\":\"SearchAction\",\"target\":{\"@type\":\"EntryPoint\",\"urlTemplate\":\"https:\/\/reformapisos.com\/?s={search_term_string}\"},\"query-input\":\"required name=search_term_string\"}],\"inLanguage\":\"es\"}]}<\/script>\n<!-- \/ Yoast SEO plugin. -->","yoast_head_json":{"title":"Electricistas a domicilio para urgencias 24 horas, reparaciones y reformas en Alicante - Reformas integrales de pisos y viviendas","robots":{"index":"index","follow":"follow","max-snippet":"max-snippet:-1","max-image-preview":"max-image-preview:large","max-video-preview":"max-video-preview:-1"},"canonical":"https:\/\/reformapisos.com\/index.php\/electricistas-a-domicilio-para-urgencias-24-horas-reparaciones-y-reformas-en-alicante\/","og_locale":"es_ES","og_type":"article","og_title":"Electricistas a domicilio para urgencias 24 horas, reparaciones y reformas en Alicante - Reformas integrales de pisos y viviendas","og_description":"Electricistas a Domicilio en Alicante: Reformas y Urgencias 24 Horas Si buscas electricistas a domicilio para hacer reformas en Alicante con toda tranquilidad para tu hogar, encuentra electricistas a domicilio 24 horas y electricista urgente en Alicante entrando en ReformaPisos.com para contactar con profesionales con a\u00f1os de experiencia y con electricistas baratos en Alicante cerca[...]","og_url":"https:\/\/reformapisos.com\/index.php\/electricistas-a-domicilio-para-urgencias-24-horas-reparaciones-y-reformas-en-alicante\/","og_site_name":"Reformas integrales de pisos y viviendas","article_modified_time":"2025-05-27T16:03:35+00:00","og_image":[{"url":"https:\/\/reformapisos.com\/wp-content\/uploads\/2023\/10\/88-1024x288.png"}],"twitter_card":"summary_large_image","twitter_misc":{"Tiempo de lectura":"2 minutos"},"schema":{"@context":"https:\/\/schema.org","@graph":[{"@type":"WebPage","@id":"https:\/\/reformapisos.com\/index.php\/electricistas-a-domicilio-para-urgencias-24-horas-reparaciones-y-reformas-en-alicante\/","url":"https:\/\/reformapisos.com\/index.php\/electricistas-a-domicilio-para-urgencias-24-horas-reparaciones-y-reformas-en-alicante\/","name":"Electricistas a domicilio para urgencias 24 horas, reparaciones y reformas en Alicante - Reformas integrales de pisos y viviendas","isPartOf":{"@id":"https:\/\/reformapisos.com\/#website"},"primaryImageOfPage":{"@id":"https:\/\/reformapisos.com\/index.php\/electricistas-a-domicilio-para-urgencias-24-horas-reparaciones-y-reformas-en-alicante\/#primaryimage"},"image":{"@id":"https:\/\/reformapisos.com\/index.php\/electricistas-a-domicilio-para-urgencias-24-horas-reparaciones-y-reformas-en-alicante\/#primaryimage"},"thumbnailUrl":"https:\/\/reformapisos.com\/wp-content\/uploads\/2023\/10\/88-1024x288.png","datePublished":"2023-10-05T16:06:51+00:00","dateModified":"2025-05-27T16:03:35+00:00","breadcrumb":{"@id":"https:\/\/reformapisos.com\/index.php\/electricistas-a-domicilio-para-urgencias-24-horas-reparaciones-y-reformas-en-alicante\/#breadcrumb"},"inLanguage":"es","potentialAction":[{"@type":"ReadAction","target":["https:\/\/reformapisos.com\/index.php\/electricistas-a-domicilio-para-urgencias-24-horas-reparaciones-y-reformas-en-alicante\/"]}]},{"@type":"ImageObject","inLanguage":"es","@id":"https:\/\/reformapisos.com\/index.php\/electricistas-a-domicilio-para-urgencias-24-horas-reparaciones-y-reformas-en-alicante\/#primaryimage","url":"https:\/\/reformapisos.com\/wp-content\/uploads\/2023\/10\/88.png","contentUrl":"https:\/\/reformapisos.com\/wp-content\/uploads\/2023\/10\/88.png","width":1280,"height":360,"caption":"Electricistas a domicilio para urgencias 24 horas, reparaciones y reformas en Alicante"},{"@type":"BreadcrumbList","@id":"https:\/\/reformapisos.com\/index.php\/electricistas-a-domicilio-para-urgencias-24-horas-reparaciones-y-reformas-en-alicante\/#breadcrumb","itemListElement":[{"@type":"ListItem","position":1,"name":"Portada","item":"https:\/\/reformapisos.com\/"},{"@type":"ListItem","position":2,"name":"Electricistas a domicilio para urgencias 24 horas, reparaciones y reformas en Alicante"}]},{"@type":"WebSite","@id":"https:\/\/reformapisos.com\/#website","url":"https:\/\/reformapisos.com\/","name":"Reformas integrales de pisos y viviendas","description":"Otro sitio realizado con WordPress","potentialAction":[{"@type":"SearchAction","target":{"@type":"EntryPoint","urlTemplate":"https:\/\/reformapisos.com\/?s={search_term_string}"},"query-input":"required name=search_term_string"}],"inLanguage":"es"}]}},"_links":{"self":[{"href":"https:\/\/reformapisos.com\/index.php\/wp-json\/wp\/v2\/pages\/2480"}],"collection":[{"href":"https:\/\/reformapisos.com\/index.php\/wp-json\/wp\/v2\/pages"}],"about":[{"href":"https:\/\/reformapisos.com\/index.php\/wp-json\/wp\/v2\/types\/page"}],"author":[{"embeddable":true,"href":"https:\/\/reformapisos.com\/index.php\/wp-json\/wp\/v2\/users\/2"}],"replies":[{"embeddable":true,"href":"https:\/\/reformapisos.com\/index.php\/wp-json\/wp\/v2\/comments?post=2480"}],"version-history":[{"count":7,"href":"https:\/\/reformapisos.com\/index.php\/wp-json\/wp\/v2\/pages\/2480\/revisions"}],"predecessor-version":[{"id":3420,"href":"https:\/\/reformapisos.com\/index.php\/wp-json\/wp\/v2\/pages\/2480\/revisions\/3420"}],"wp:attachment":[{"href":"https:\/\/reformapisos.com\/index.php\/wp-json\/wp\/v2\/media?parent=2480"}],"curies":[{"name":"wp","href":"https:\/\/api.w.org\/{rel}","templated":true}]}}