{"id":2508,"date":"2023-10-05T16:18:16","date_gmt":"2023-10-05T16:18:16","guid":{"rendered":"https:\/\/reformapisos.com\/?page_id=2508"},"modified":"2025-05-27T15:18:58","modified_gmt":"2025-05-27T15:18:58","slug":"empresas-de-reformas-integrales-para-pisos-y-viviendas-en-valladolid","status":"publish","type":"page","link":"https:\/\/reformapisos.com\/index.php\/empresas-de-reformas-integrales-para-pisos-y-viviendas-en-valladolid\/","title":{"rendered":"Empresas de reformas integrales para pisos y viviendas en Valladolid"},"content":{"rendered":"\n<figure class=\"wp-block-image size-large\"><img loading=\"lazy\" decoding=\"async\" width=\"1024\" height=\"288\" src=\"https:\/\/reformapisos.com\/wp-content\/uploads\/2023\/10\/74-1024x288.png\" alt=\"\" class=\"wp-image-2813\" srcset=\"https:\/\/reformapisos.com\/wp-content\/uploads\/2023\/10\/74-1024x288.png 1024w, https:\/\/reformapisos.com\/wp-content\/uploads\/2023\/10\/74-300x84.png 300w, https:\/\/reformapisos.com\/wp-content\/uploads\/2023\/10\/74-768x216.png 768w, https:\/\/reformapisos.com\/wp-content\/uploads\/2023\/10\/74-444x125.png 444w, https:\/\/reformapisos.com\/wp-content\/uploads\/2023\/10\/74.png 1280w\" sizes=\"(max-width: 1024px) 100vw, 1024px\" \/><\/figure>\n\n\n\n<h1 class=\"wp-block-heading\"><strong>Empresas de Reformas Integrales para Pisos y Viviendas en Valladolid<\/strong><\/h1>\n\n\n\n<p>Si necesitas <strong>empresas de reformas integrales y baratas en Valladolid<\/strong>, con ReformaPisos.com te ofrecemos un listado de <strong>empresas de reformas de viviendas y del hogar en Valladolid<\/strong>. Contacta con profesionales con a\u00f1os de experiencia en <strong>reforma de cocina y reformas de ba\u00f1os en Valladolid<\/strong>.<\/p>\n\n\n\n<p>Nuestros colaboradores son expertos en adaptar tu vivienda a tus necesidades y estilo de vida, incrementando su valor y transformando cada espacio. Nos enfocamos en conectarte con <strong>empresas de construcci\u00f3n y reformas en Valladolid<\/strong> que garantizan servicios completos, desde el dise\u00f1o hasta la ejecuci\u00f3n, asegurando la excelencia y tu satisfacci\u00f3n en cada proyecto.<\/p>\n\n\n\n<h2 class=\"wp-block-heading\"><strong>Las Mejores Empresas de Reformas Integrales en Valladolid<\/strong><\/h2>\n\n\n\n<p>Encontrar una empresa de reformas de confianza en Valladolid es clave para el \u00e9xito de tu proyecto. Para ayudarte a elegir la mejor opci\u00f3n para tus necesidades y presupuesto, te presentamos algunas de las <strong>mejores empresas de reformas en Valladolid<\/strong>:<\/p>\n\n\n\n<ul>\n<li><strong>Reformas Valladolid \u2013 DOMUS Arquitectos:<\/strong> Con m\u00e1s de 10 a\u00f1os de experiencia, esta destacada <strong>empresa de reformas en Valladolid<\/strong> ofrece <strong>reformas de pisos y viviendas en Valladolid<\/strong>, locales comerciales y comunidades. Cuentan con un equipo de profesionales altamente cualificados y utilizan materiales de primera calidad para garantizar resultados excepcionales.<\/li>\n\n\n\n<li><strong>SOLCON Construcciones y Reformas:<\/strong> Es otra empresa especializada en <strong>reformas integrales en Valladolid<\/strong>. Ofrecen una amplia gama de servicios, desde la demolici\u00f3n y la alba\u00f1iler\u00eda hasta la fontaner\u00eda, la electricidad y la pintura, asegurando un servicio integral y personalizado para cada proyecto.<\/li>\n\n\n\n<li><strong>Empresa de Reformas en Valladolid | REFORMAS.CO:<\/strong> Se caracteriza por su atenci\u00f3n personalizada y su compromiso con la calidad. Ofrecen <strong>reformas del hogar en Valladolid<\/strong>, incluyendo <strong>reformas de ba\u00f1os en Valladolid<\/strong>, as\u00ed como servicios de carpinter\u00eda, pintura y electricidad, adapt\u00e1ndose a las necesidades espec\u00edficas de cada cliente.<\/li>\n<\/ul>\n\n\n\n<p>Estas <strong>empresas de construcci\u00f3n y reformas en Valladolid<\/strong> no solo te ayudan a cumplir con tus <strong>proyectos y reformas del hogar en Valladolid<\/strong>, sino que tambi\u00e9n contribuyen al desarrollo y modernizaci\u00f3n de la ciudad, preservando su rico patrimonio cultural y arquitect\u00f3nico. Si buscas <strong>reformas baratas en Valladolid<\/strong>, estas empresas tambi\u00e9n ofrecen opciones que se ajustan a diferentes presupuestos.<\/p>\n\n\n\n<h2 class=\"wp-block-heading\"><strong>Encuentra los Mejores Precios para tus Reformas en Valladolid<\/strong><\/h2>\n\n\n\n<p>El listado de las mejores <strong>Empresas de reformas integrales para pisos y viviendas en Valladolid<\/strong> est\u00e1 en ReformaPisos.com. Entra para conseguir los <strong>mejores precios<\/strong> y contacta con profesionales y <strong>empresas de construcci\u00f3n<\/strong> con muchos a\u00f1os de experiencia en reformas de pisos y viviendas.<\/p>\n","protected":false},"excerpt":{"rendered":"Empresas de Reformas Integrales para Pisos y Viviendas en Valladolid Si necesitas empresas de reformas integrales y baratas en Valladolid, con ReformaPisos.com te ofrecemos un listado de empresas de reformas de viviendas y del hogar en Valladolid. Contacta con profesionales con a\u00f1os de experiencia en reforma de cocina y reformas de ba\u00f1os en Valladolid. Nuestros[&#8230;]","protected":false},"author":2,"featured_media":0,"parent":0,"menu_order":0,"comment_status":"closed","ping_status":"closed","template":"","meta":{"footnotes":""},"yoast_head":"<!-- This site is optimized with the Yoast SEO plugin v22.9 - https:\/\/yoast.com\/wordpress\/plugins\/seo\/ -->\n<title>Empresas de reformas integrales para pisos y viviendas en Valladolid - Reformas integrales de pisos y viviendas<\/title>\n<meta name=\"robots\" content=\"index, follow, max-snippet:-1, max-image-preview:large, max-video-preview:-1\" \/>\n<link rel=\"canonical\" href=\"https:\/\/reformapisos.com\/index.php\/empresas-de-reformas-integrales-para-pisos-y-viviendas-en-valladolid\/\" \/>\n<meta property=\"og:locale\" content=\"es_ES\" \/>\n<meta property=\"og:type\" content=\"article\" \/>\n<meta property=\"og:title\" content=\"Empresas de reformas integrales para pisos y viviendas en Valladolid - Reformas integrales de pisos y viviendas\" \/>\n<meta property=\"og:description\" content=\"Empresas de Reformas Integrales para Pisos y Viviendas en Valladolid Si necesitas empresas de reformas integrales y baratas en Valladolid, con ReformaPisos.com te ofrecemos un listado de empresas de reformas de viviendas y del hogar en Valladolid. Contacta con profesionales con a\u00f1os de experiencia en reforma de cocina y reformas de ba\u00f1os en Valladolid. Nuestros[...]\" \/>\n<meta property=\"og:url\" content=\"https:\/\/reformapisos.com\/index.php\/empresas-de-reformas-integrales-para-pisos-y-viviendas-en-valladolid\/\" \/>\n<meta property=\"og:site_name\" content=\"Reformas integrales de pisos y viviendas\" \/>\n<meta property=\"article:modified_time\" content=\"2025-05-27T15:18:58+00:00\" \/>\n<meta property=\"og:image\" content=\"https:\/\/reformapisos.com\/wp-content\/uploads\/2023\/10\/74-1024x288.png\" \/>\n<meta name=\"twitter:card\" content=\"summary_large_image\" \/>\n<meta name=\"twitter:label1\" content=\"Tiempo de lectura\" \/>\n\t<meta name=\"twitter:data1\" content=\"3 minutos\" \/>\n<script type=\"application\/ld+json\" class=\"yoast-schema-graph\">{\"@context\":\"https:\/\/schema.org\",\"@graph\":[{\"@type\":\"WebPage\",\"@id\":\"https:\/\/reformapisos.com\/index.php\/empresas-de-reformas-integrales-para-pisos-y-viviendas-en-valladolid\/\",\"url\":\"https:\/\/reformapisos.com\/index.php\/empresas-de-reformas-integrales-para-pisos-y-viviendas-en-valladolid\/\",\"name\":\"Empresas de reformas integrales para pisos y viviendas en Valladolid - Reformas integrales de pisos y viviendas\",\"isPartOf\":{\"@id\":\"https:\/\/reformapisos.com\/#website\"},\"primaryImageOfPage\":{\"@id\":\"https:\/\/reformapisos.com\/index.php\/empresas-de-reformas-integrales-para-pisos-y-viviendas-en-valladolid\/#primaryimage\"},\"image\":{\"@id\":\"https:\/\/reformapisos.com\/index.php\/empresas-de-reformas-integrales-para-pisos-y-viviendas-en-valladolid\/#primaryimage\"},\"thumbnailUrl\":\"https:\/\/reformapisos.com\/wp-content\/uploads\/2023\/10\/74-1024x288.png\",\"datePublished\":\"2023-10-05T16:18:16+00:00\",\"dateModified\":\"2025-05-27T15:18:58+00:00\",\"breadcrumb\":{\"@id\":\"https:\/\/reformapisos.com\/index.php\/empresas-de-reformas-integrales-para-pisos-y-viviendas-en-valladolid\/#breadcrumb\"},\"inLanguage\":\"es\",\"potentialAction\":[{\"@type\":\"ReadAction\",\"target\":[\"https:\/\/reformapisos.com\/index.php\/empresas-de-reformas-integrales-para-pisos-y-viviendas-en-valladolid\/\"]}]},{\"@type\":\"ImageObject\",\"inLanguage\":\"es\",\"@id\":\"https:\/\/reformapisos.com\/index.php\/empresas-de-reformas-integrales-para-pisos-y-viviendas-en-valladolid\/#primaryimage\",\"url\":\"https:\/\/reformapisos.com\/wp-content\/uploads\/2023\/10\/74.png\",\"contentUrl\":\"https:\/\/reformapisos.com\/wp-content\/uploads\/2023\/10\/74.png\",\"width\":1280,\"height\":360,\"caption\":\"Empresas de reformas integrales para pisos y viviendas en Valladolid\"},{\"@type\":\"BreadcrumbList\",\"@id\":\"https:\/\/reformapisos.com\/index.php\/empresas-de-reformas-integrales-para-pisos-y-viviendas-en-valladolid\/#breadcrumb\",\"itemListElement\":[{\"@type\":\"ListItem\",\"position\":1,\"name\":\"Portada\",\"item\":\"https:\/\/reformapisos.com\/\"},{\"@type\":\"ListItem\",\"position\":2,\"name\":\"Empresas de reformas integrales para pisos y viviendas en Valladolid\"}]},{\"@type\":\"WebSite\",\"@id\":\"https:\/\/reformapisos.com\/#website\",\"url\":\"https:\/\/reformapisos.com\/\",\"name\":\"Reformas integrales de pisos y viviendas\",\"description\":\"Otro sitio realizado con WordPress\",\"potentialAction\":[{\"@type\":\"SearchAction\",\"target\":{\"@type\":\"EntryPoint\",\"urlTemplate\":\"https:\/\/reformapisos.com\/?s={search_term_string}\"},\"query-input\":\"required name=search_term_string\"}],\"inLanguage\":\"es\"}]}<\/script>\n<!-- \/ Yoast SEO plugin. -->","yoast_head_json":{"title":"Empresas de reformas integrales para pisos y viviendas en Valladolid - Reformas integrales de pisos y viviendas","robots":{"index":"index","follow":"follow","max-snippet":"max-snippet:-1","max-image-preview":"max-image-preview:large","max-video-preview":"max-video-preview:-1"},"canonical":"https:\/\/reformapisos.com\/index.php\/empresas-de-reformas-integrales-para-pisos-y-viviendas-en-valladolid\/","og_locale":"es_ES","og_type":"article","og_title":"Empresas de reformas integrales para pisos y viviendas en Valladolid - Reformas integrales de pisos y viviendas","og_description":"Empresas de Reformas Integrales para Pisos y Viviendas en Valladolid Si necesitas empresas de reformas integrales y baratas en Valladolid, con ReformaPisos.com te ofrecemos un listado de empresas de reformas de viviendas y del hogar en Valladolid. Contacta con profesionales con a\u00f1os de experiencia en reforma de cocina y reformas de ba\u00f1os en Valladolid. Nuestros[...]","og_url":"https:\/\/reformapisos.com\/index.php\/empresas-de-reformas-integrales-para-pisos-y-viviendas-en-valladolid\/","og_site_name":"Reformas integrales de pisos y viviendas","article_modified_time":"2025-05-27T15:18:58+00:00","og_image":[{"url":"https:\/\/reformapisos.com\/wp-content\/uploads\/2023\/10\/74-1024x288.png"}],"twitter_card":"summary_large_image","twitter_misc":{"Tiempo de lectura":"3 minutos"},"schema":{"@context":"https:\/\/schema.org","@graph":[{"@type":"WebPage","@id":"https:\/\/reformapisos.com\/index.php\/empresas-de-reformas-integrales-para-pisos-y-viviendas-en-valladolid\/","url":"https:\/\/reformapisos.com\/index.php\/empresas-de-reformas-integrales-para-pisos-y-viviendas-en-valladolid\/","name":"Empresas de reformas integrales para pisos y viviendas en Valladolid - Reformas integrales de pisos y viviendas","isPartOf":{"@id":"https:\/\/reformapisos.com\/#website"},"primaryImageOfPage":{"@id":"https:\/\/reformapisos.com\/index.php\/empresas-de-reformas-integrales-para-pisos-y-viviendas-en-valladolid\/#primaryimage"},"image":{"@id":"https:\/\/reformapisos.com\/index.php\/empresas-de-reformas-integrales-para-pisos-y-viviendas-en-valladolid\/#primaryimage"},"thumbnailUrl":"https:\/\/reformapisos.com\/wp-content\/uploads\/2023\/10\/74-1024x288.png","datePublished":"2023-10-05T16:18:16+00:00","dateModified":"2025-05-27T15:18:58+00:00","breadcrumb":{"@id":"https:\/\/reformapisos.com\/index.php\/empresas-de-reformas-integrales-para-pisos-y-viviendas-en-valladolid\/#breadcrumb"},"inLanguage":"es","potentialAction":[{"@type":"ReadAction","target":["https:\/\/reformapisos.com\/index.php\/empresas-de-reformas-integrales-para-pisos-y-viviendas-en-valladolid\/"]}]},{"@type":"ImageObject","inLanguage":"es","@id":"https:\/\/reformapisos.com\/index.php\/empresas-de-reformas-integrales-para-pisos-y-viviendas-en-valladolid\/#primaryimage","url":"https:\/\/reformapisos.com\/wp-content\/uploads\/2023\/10\/74.png","contentUrl":"https:\/\/reformapisos.com\/wp-content\/uploads\/2023\/10\/74.png","width":1280,"height":360,"caption":"Empresas de reformas integrales para pisos y viviendas en Valladolid"},{"@type":"BreadcrumbList","@id":"https:\/\/reformapisos.com\/index.php\/empresas-de-reformas-integrales-para-pisos-y-viviendas-en-valladolid\/#breadcrumb","itemListElement":[{"@type":"ListItem","position":1,"name":"Portada","item":"https:\/\/reformapisos.com\/"},{"@type":"ListItem","position":2,"name":"Empresas de reformas integrales para pisos y viviendas en Valladolid"}]},{"@type":"WebSite","@id":"https:\/\/reformapisos.com\/#website","url":"https:\/\/reformapisos.com\/","name":"Reformas integrales de pisos y viviendas","description":"Otro sitio realizado con WordPress","potentialAction":[{"@type":"SearchAction","target":{"@type":"EntryPoint","urlTemplate":"https:\/\/reformapisos.com\/?s={search_term_string}"},"query-input":"required name=search_term_string"}],"inLanguage":"es"}]}},"_links":{"self":[{"href":"https:\/\/reformapisos.com\/index.php\/wp-json\/wp\/v2\/pages\/2508"}],"collection":[{"href":"https:\/\/reformapisos.com\/index.php\/wp-json\/wp\/v2\/pages"}],"about":[{"href":"https:\/\/reformapisos.com\/index.php\/wp-json\/wp\/v2\/types\/page"}],"author":[{"embeddable":true,"href":"https:\/\/reformapisos.com\/index.php\/wp-json\/wp\/v2\/users\/2"}],"replies":[{"embeddable":true,"href":"https:\/\/reformapisos.com\/index.php\/wp-json\/wp\/v2\/comments?post=2508"}],"version-history":[{"count":7,"href":"https:\/\/reformapisos.com\/index.php\/wp-json\/wp\/v2\/pages\/2508\/revisions"}],"predecessor-version":[{"id":3406,"href":"https:\/\/reformapisos.com\/index.php\/wp-json\/wp\/v2\/pages\/2508\/revisions\/3406"}],"wp:attachment":[{"href":"https:\/\/reformapisos.com\/index.php\/wp-json\/wp\/v2\/media?parent=2508"}],"curies":[{"name":"wp","href":"https:\/\/api.w.org\/{rel}","templated":true}]}}