{"id":2510,"date":"2023-10-05T16:18:29","date_gmt":"2023-10-05T16:18:29","guid":{"rendered":"https:\/\/reformapisos.com\/?page_id=2510"},"modified":"2025-05-27T15:15:55","modified_gmt":"2025-05-27T15:15:55","slug":"empresas-de-reformas-integrales-para-pisos-y-viviendas-en-soria","status":"publish","type":"page","link":"https:\/\/reformapisos.com\/index.php\/empresas-de-reformas-integrales-para-pisos-y-viviendas-en-soria\/","title":{"rendered":"Empresas de reformas integrales para pisos y viviendas en Soria"},"content":{"rendered":"\n<figure class=\"wp-block-image size-large\"><img loading=\"lazy\" decoding=\"async\" width=\"1024\" height=\"288\" src=\"https:\/\/reformapisos.com\/wp-content\/uploads\/2023\/10\/73-1024x288.png\" alt=\"\" class=\"wp-image-2809\" srcset=\"https:\/\/reformapisos.com\/wp-content\/uploads\/2023\/10\/73-1024x288.png 1024w, https:\/\/reformapisos.com\/wp-content\/uploads\/2023\/10\/73-300x84.png 300w, https:\/\/reformapisos.com\/wp-content\/uploads\/2023\/10\/73-768x216.png 768w, https:\/\/reformapisos.com\/wp-content\/uploads\/2023\/10\/73-444x125.png 444w, https:\/\/reformapisos.com\/wp-content\/uploads\/2023\/10\/73.png 1280w\" sizes=\"(max-width: 1024px) 100vw, 1024px\" \/><\/figure>\n\n\n\n<h1 class=\"wp-block-heading\"><strong>Empresas de Reformas Integrales para Pisos y Viviendas en Soria<\/strong><\/h1>\n\n\n\n<p>Si necesitas la ayuda de una <strong>empresa de reformas integrales y baratas de pisos y viviendas en Soria<\/strong>, con una atenci\u00f3n personalizada y con tranquilidad, ReformaPisos.com es la empresa que buscabas. Llama ya a nuestros trabajadores en tu ciudad, ya que cuentan con a\u00f1os de experiencia.<\/p>\n\n\n\n<p>Nuestros colaboradores son expertos en adaptar tu vivienda a tus necesidades y estilo de vida, incrementando su valor y transformando cada espacio. Nos enfocamos en conectarte con <strong>empresas de construcci\u00f3n y reformas en Soria<\/strong> que garantizan servicios completos, desde el dise\u00f1o hasta la ejecuci\u00f3n, asegurando la excelencia y tu satisfacci\u00f3n en cada proyecto.<\/p>\n\n\n\n<h2 class=\"wp-block-heading\"><strong>Las Mejores Empresas de Reformas Integrales en Soria<\/strong><\/h2>\n\n\n\n<p>Encontrar una empresa de reformas de confianza en Soria es clave para el \u00e9xito de tu proyecto. Para ayudarte a elegir la mejor opci\u00f3n para tus necesidades y presupuesto, te presentamos algunas de las <strong>mejores empresas de reformas en Soria<\/strong>:<\/p>\n\n\n\n<ul>\n<li><strong>P.O.S, S.L.:<\/strong> Con m\u00e1s de 20 a\u00f1os de experiencia, P.O.S, S.L. se especializa en <strong>reformas integrales de viviendas<\/strong>, locales comerciales y oficinas. Esta <strong>empresa de reformas en Soria<\/strong> cuenta con un equipo de profesionales altamente cualificados y ofrece una amplia gama de servicios, desde la demolici\u00f3n hasta los acabados finales.<\/li>\n\n\n\n<li><strong>CONSTRUMA S.A. | Construcciones y Reformas:<\/strong> Esta empresa ofrece servicios de <strong>reformas integrales en Soria<\/strong>, <strong>reformas de ba\u00f1os en Soria<\/strong> y cocinas, as\u00ed como obra nueva. Cuentan con un equipo de arquitectos e ingenieros que pueden ayudarte a dise\u00f1ar la reforma de tus sue\u00f1os. Como una de las destacadas <strong>empresas de construcci\u00f3n en Soria<\/strong>, garantizan calidad y profesionalidad.<\/li>\n\n\n\n<li><strong>Veisa Iniciativas Urbanas S.L.:<\/strong> Con m\u00e1s de 15 a\u00f1os de experiencia, Veisa Iniciativas Urbanas S.L. ofrece <strong>reformas integrales en Soria<\/strong> de viviendas, locales comerciales y oficinas. Tambi\u00e9n realizan <strong>reformas de ba\u00f1os en Soria<\/strong>, as\u00ed como instalaciones el\u00e9ctricas y de fontaner\u00eda, asegurando <strong>proyectos y reformas del hogar en Soria<\/strong> que se adapten a tus necesidades.<\/li>\n<\/ul>\n\n\n\n<p>Estas <strong>empresas de construcci\u00f3n y reformas en Soria<\/strong> no solo transforman espacios f\u00edsicos, sino que tambi\u00e9n contribuyen a la revitalizaci\u00f3n y modernizaci\u00f3n de la arquitectura local, manteniendo un equilibrio entre la tradici\u00f3n y la innovaci\u00f3n. Con su experiencia y compromiso, puedes estar seguro de que tu proyecto de reforma ser\u00e1 manejado con la m\u00e1xima profesionalidad y dedicaci\u00f3n, sin olvidar la posibilidad de encontrar opciones de <strong>reformas baratas en Soria<\/strong> que se ajusten a tu presupuesto.<\/p>\n\n\n\n<h2 class=\"wp-block-heading\"><strong>Encuentra los Mejores Precios para tus Reformas en Soria<\/strong><\/h2>\n\n\n\n<p>Si buscas las mejores <strong>Empresas de reformas integrales para pisos y viviendas en Soria<\/strong>, entra en ReformaPisos.com para conseguir los <strong>mejores precios<\/strong> y contactar con profesionales y <strong>empresas de construcci\u00f3n<\/strong> con muchos a\u00f1os de experiencia en reformas de pisos y viviendas.<\/p>\n","protected":false},"excerpt":{"rendered":"Empresas de Reformas Integrales para Pisos y Viviendas en Soria Si necesitas la ayuda de una empresa de reformas integrales y baratas de pisos y viviendas en Soria, con una atenci\u00f3n personalizada y con tranquilidad, ReformaPisos.com es la empresa que buscabas. Llama ya a nuestros trabajadores en tu ciudad, ya que cuentan con a\u00f1os de[&#8230;]","protected":false},"author":2,"featured_media":0,"parent":0,"menu_order":0,"comment_status":"closed","ping_status":"closed","template":"","meta":{"footnotes":""},"yoast_head":"<!-- This site is optimized with the Yoast SEO plugin v22.9 - https:\/\/yoast.com\/wordpress\/plugins\/seo\/ -->\n<title>Empresas de reformas integrales para pisos y viviendas en Soria - Reformas integrales de pisos y viviendas<\/title>\n<meta name=\"robots\" content=\"index, follow, max-snippet:-1, max-image-preview:large, max-video-preview:-1\" \/>\n<link rel=\"canonical\" href=\"https:\/\/reformapisos.com\/index.php\/empresas-de-reformas-integrales-para-pisos-y-viviendas-en-soria\/\" \/>\n<meta property=\"og:locale\" content=\"es_ES\" \/>\n<meta property=\"og:type\" content=\"article\" \/>\n<meta property=\"og:title\" content=\"Empresas de reformas integrales para pisos y viviendas en Soria - Reformas integrales de pisos y viviendas\" \/>\n<meta property=\"og:description\" content=\"Empresas de Reformas Integrales para Pisos y Viviendas en Soria Si necesitas la ayuda de una empresa de reformas integrales y baratas de pisos y viviendas en Soria, con una atenci\u00f3n personalizada y con tranquilidad, ReformaPisos.com es la empresa que buscabas. Llama ya a nuestros trabajadores en tu ciudad, ya que cuentan con a\u00f1os de[...]\" \/>\n<meta property=\"og:url\" content=\"https:\/\/reformapisos.com\/index.php\/empresas-de-reformas-integrales-para-pisos-y-viviendas-en-soria\/\" \/>\n<meta property=\"og:site_name\" content=\"Reformas integrales de pisos y viviendas\" \/>\n<meta property=\"article:modified_time\" content=\"2025-05-27T15:15:55+00:00\" \/>\n<meta property=\"og:image\" content=\"https:\/\/reformapisos.com\/wp-content\/uploads\/2023\/10\/73-1024x288.png\" \/>\n<meta name=\"twitter:card\" content=\"summary_large_image\" \/>\n<meta name=\"twitter:label1\" content=\"Tiempo de lectura\" \/>\n\t<meta name=\"twitter:data1\" content=\"3 minutos\" \/>\n<script type=\"application\/ld+json\" class=\"yoast-schema-graph\">{\"@context\":\"https:\/\/schema.org\",\"@graph\":[{\"@type\":\"WebPage\",\"@id\":\"https:\/\/reformapisos.com\/index.php\/empresas-de-reformas-integrales-para-pisos-y-viviendas-en-soria\/\",\"url\":\"https:\/\/reformapisos.com\/index.php\/empresas-de-reformas-integrales-para-pisos-y-viviendas-en-soria\/\",\"name\":\"Empresas de reformas integrales para pisos y viviendas en Soria - Reformas integrales de pisos y viviendas\",\"isPartOf\":{\"@id\":\"https:\/\/reformapisos.com\/#website\"},\"primaryImageOfPage\":{\"@id\":\"https:\/\/reformapisos.com\/index.php\/empresas-de-reformas-integrales-para-pisos-y-viviendas-en-soria\/#primaryimage\"},\"image\":{\"@id\":\"https:\/\/reformapisos.com\/index.php\/empresas-de-reformas-integrales-para-pisos-y-viviendas-en-soria\/#primaryimage\"},\"thumbnailUrl\":\"https:\/\/reformapisos.com\/wp-content\/uploads\/2023\/10\/73-1024x288.png\",\"datePublished\":\"2023-10-05T16:18:29+00:00\",\"dateModified\":\"2025-05-27T15:15:55+00:00\",\"breadcrumb\":{\"@id\":\"https:\/\/reformapisos.com\/index.php\/empresas-de-reformas-integrales-para-pisos-y-viviendas-en-soria\/#breadcrumb\"},\"inLanguage\":\"es\",\"potentialAction\":[{\"@type\":\"ReadAction\",\"target\":[\"https:\/\/reformapisos.com\/index.php\/empresas-de-reformas-integrales-para-pisos-y-viviendas-en-soria\/\"]}]},{\"@type\":\"ImageObject\",\"inLanguage\":\"es\",\"@id\":\"https:\/\/reformapisos.com\/index.php\/empresas-de-reformas-integrales-para-pisos-y-viviendas-en-soria\/#primaryimage\",\"url\":\"https:\/\/reformapisos.com\/wp-content\/uploads\/2023\/10\/73.png\",\"contentUrl\":\"https:\/\/reformapisos.com\/wp-content\/uploads\/2023\/10\/73.png\",\"width\":1280,\"height\":360,\"caption\":\"Empresas de reformas integrales para pisos y viviendas en Soria\"},{\"@type\":\"BreadcrumbList\",\"@id\":\"https:\/\/reformapisos.com\/index.php\/empresas-de-reformas-integrales-para-pisos-y-viviendas-en-soria\/#breadcrumb\",\"itemListElement\":[{\"@type\":\"ListItem\",\"position\":1,\"name\":\"Portada\",\"item\":\"https:\/\/reformapisos.com\/\"},{\"@type\":\"ListItem\",\"position\":2,\"name\":\"Empresas de reformas integrales para pisos y viviendas en Soria\"}]},{\"@type\":\"WebSite\",\"@id\":\"https:\/\/reformapisos.com\/#website\",\"url\":\"https:\/\/reformapisos.com\/\",\"name\":\"Reformas integrales de pisos y viviendas\",\"description\":\"Otro sitio realizado con WordPress\",\"potentialAction\":[{\"@type\":\"SearchAction\",\"target\":{\"@type\":\"EntryPoint\",\"urlTemplate\":\"https:\/\/reformapisos.com\/?s={search_term_string}\"},\"query-input\":\"required name=search_term_string\"}],\"inLanguage\":\"es\"}]}<\/script>\n<!-- \/ Yoast SEO plugin. -->","yoast_head_json":{"title":"Empresas de reformas integrales para pisos y viviendas en Soria - Reformas integrales de pisos y viviendas","robots":{"index":"index","follow":"follow","max-snippet":"max-snippet:-1","max-image-preview":"max-image-preview:large","max-video-preview":"max-video-preview:-1"},"canonical":"https:\/\/reformapisos.com\/index.php\/empresas-de-reformas-integrales-para-pisos-y-viviendas-en-soria\/","og_locale":"es_ES","og_type":"article","og_title":"Empresas de reformas integrales para pisos y viviendas en Soria - Reformas integrales de pisos y viviendas","og_description":"Empresas de Reformas Integrales para Pisos y Viviendas en Soria Si necesitas la ayuda de una empresa de reformas integrales y baratas de pisos y viviendas en Soria, con una atenci\u00f3n personalizada y con tranquilidad, ReformaPisos.com es la empresa que buscabas. Llama ya a nuestros trabajadores en tu ciudad, ya que cuentan con a\u00f1os de[...]","og_url":"https:\/\/reformapisos.com\/index.php\/empresas-de-reformas-integrales-para-pisos-y-viviendas-en-soria\/","og_site_name":"Reformas integrales de pisos y viviendas","article_modified_time":"2025-05-27T15:15:55+00:00","og_image":[{"url":"https:\/\/reformapisos.com\/wp-content\/uploads\/2023\/10\/73-1024x288.png"}],"twitter_card":"summary_large_image","twitter_misc":{"Tiempo de lectura":"3 minutos"},"schema":{"@context":"https:\/\/schema.org","@graph":[{"@type":"WebPage","@id":"https:\/\/reformapisos.com\/index.php\/empresas-de-reformas-integrales-para-pisos-y-viviendas-en-soria\/","url":"https:\/\/reformapisos.com\/index.php\/empresas-de-reformas-integrales-para-pisos-y-viviendas-en-soria\/","name":"Empresas de reformas integrales para pisos y viviendas en Soria - Reformas integrales de pisos y viviendas","isPartOf":{"@id":"https:\/\/reformapisos.com\/#website"},"primaryImageOfPage":{"@id":"https:\/\/reformapisos.com\/index.php\/empresas-de-reformas-integrales-para-pisos-y-viviendas-en-soria\/#primaryimage"},"image":{"@id":"https:\/\/reformapisos.com\/index.php\/empresas-de-reformas-integrales-para-pisos-y-viviendas-en-soria\/#primaryimage"},"thumbnailUrl":"https:\/\/reformapisos.com\/wp-content\/uploads\/2023\/10\/73-1024x288.png","datePublished":"2023-10-05T16:18:29+00:00","dateModified":"2025-05-27T15:15:55+00:00","breadcrumb":{"@id":"https:\/\/reformapisos.com\/index.php\/empresas-de-reformas-integrales-para-pisos-y-viviendas-en-soria\/#breadcrumb"},"inLanguage":"es","potentialAction":[{"@type":"ReadAction","target":["https:\/\/reformapisos.com\/index.php\/empresas-de-reformas-integrales-para-pisos-y-viviendas-en-soria\/"]}]},{"@type":"ImageObject","inLanguage":"es","@id":"https:\/\/reformapisos.com\/index.php\/empresas-de-reformas-integrales-para-pisos-y-viviendas-en-soria\/#primaryimage","url":"https:\/\/reformapisos.com\/wp-content\/uploads\/2023\/10\/73.png","contentUrl":"https:\/\/reformapisos.com\/wp-content\/uploads\/2023\/10\/73.png","width":1280,"height":360,"caption":"Empresas de reformas integrales para pisos y viviendas en Soria"},{"@type":"BreadcrumbList","@id":"https:\/\/reformapisos.com\/index.php\/empresas-de-reformas-integrales-para-pisos-y-viviendas-en-soria\/#breadcrumb","itemListElement":[{"@type":"ListItem","position":1,"name":"Portada","item":"https:\/\/reformapisos.com\/"},{"@type":"ListItem","position":2,"name":"Empresas de reformas integrales para pisos y viviendas en Soria"}]},{"@type":"WebSite","@id":"https:\/\/reformapisos.com\/#website","url":"https:\/\/reformapisos.com\/","name":"Reformas integrales de pisos y viviendas","description":"Otro sitio realizado con WordPress","potentialAction":[{"@type":"SearchAction","target":{"@type":"EntryPoint","urlTemplate":"https:\/\/reformapisos.com\/?s={search_term_string}"},"query-input":"required name=search_term_string"}],"inLanguage":"es"}]}},"_links":{"self":[{"href":"https:\/\/reformapisos.com\/index.php\/wp-json\/wp\/v2\/pages\/2510"}],"collection":[{"href":"https:\/\/reformapisos.com\/index.php\/wp-json\/wp\/v2\/pages"}],"about":[{"href":"https:\/\/reformapisos.com\/index.php\/wp-json\/wp\/v2\/types\/page"}],"author":[{"embeddable":true,"href":"https:\/\/reformapisos.com\/index.php\/wp-json\/wp\/v2\/users\/2"}],"replies":[{"embeddable":true,"href":"https:\/\/reformapisos.com\/index.php\/wp-json\/wp\/v2\/comments?post=2510"}],"version-history":[{"count":7,"href":"https:\/\/reformapisos.com\/index.php\/wp-json\/wp\/v2\/pages\/2510\/revisions"}],"predecessor-version":[{"id":3405,"href":"https:\/\/reformapisos.com\/index.php\/wp-json\/wp\/v2\/pages\/2510\/revisions\/3405"}],"wp:attachment":[{"href":"https:\/\/reformapisos.com\/index.php\/wp-json\/wp\/v2\/media?parent=2510"}],"curies":[{"name":"wp","href":"https:\/\/api.w.org\/{rel}","templated":true}]}}