{"id":2540,"date":"2023-10-05T16:21:05","date_gmt":"2023-10-05T16:21:05","guid":{"rendered":"https:\/\/reformapisos.com\/?page_id=2540"},"modified":"2025-05-27T12:20:57","modified_gmt":"2025-05-27T12:20:57","slug":"pintores-de-pisos-para-reformas-y-reparaciones-del-hogar-en-teruel","status":"publish","type":"page","link":"https:\/\/reformapisos.com\/index.php\/pintores-de-pisos-para-reformas-y-reparaciones-del-hogar-en-teruel\/","title":{"rendered":"Pintores de pisos para reformas y reparaciones del hogar en Teruel"},"content":{"rendered":"\n<figure class=\"wp-block-image size-large\"><img loading=\"lazy\" decoding=\"async\" width=\"1024\" height=\"288\" src=\"https:\/\/reformapisos.com\/wp-content\/uploads\/2023\/10\/58-1024x288.png\" alt=\"\" class=\"wp-image-3006\" srcset=\"https:\/\/reformapisos.com\/wp-content\/uploads\/2023\/10\/58-1024x288.png 1024w, https:\/\/reformapisos.com\/wp-content\/uploads\/2023\/10\/58-300x84.png 300w, https:\/\/reformapisos.com\/wp-content\/uploads\/2023\/10\/58-768x216.png 768w, https:\/\/reformapisos.com\/wp-content\/uploads\/2023\/10\/58-444x125.png 444w, https:\/\/reformapisos.com\/wp-content\/uploads\/2023\/10\/58.png 1280w\" sizes=\"(max-width: 1024px) 100vw, 1024px\" \/><\/figure>\n\n\n\n<h1 class=\"wp-block-heading\"><strong>Pintores a Domicilio en Teruel: Reformas y Reparaciones<\/strong><\/h1>\n\n\n\n<p>Si necesitas <strong>pintores profesionales para reformas y reparaciones en Teruel<\/strong>, en ReformaPisos.com tienes <strong>empresas de pintores en Teruel<\/strong> para poder contactar con profesionales con a\u00f1os de experiencia, y encontrar <strong>pintores baratos cerca de ti<\/strong>. Y tambi\u00e9n si buscas profesionales para <strong>reparaciones urgentes y reformas integrales en Teruel<\/strong> o incluso <strong>pintores a domicilio cerca de ti<\/strong>.<\/p>\n\n\n\n<p>Nuestros colaboradores son expertos en transformar tu piso, haciendo que el ambiente sea m\u00e1s luminoso, acogedor o moderno, seg\u00fan tus preferencias. Nos enfocamos en conectarte con <strong>empresas de pintura en Teruel<\/strong> que garantizan servicios de alta calidad y se adaptan a tus necesidades, siempre considerando una excelente relaci\u00f3n entre calidad y el <strong>precio de pintar un piso en Teruel<\/strong>.<\/p>\n\n\n\n<h2 class=\"wp-block-heading\"><strong>Las Mejores Empresas de Pintores para tu Hogar en Teruel<\/strong><\/h2>\n\n\n\n<p>Encontrar una empresa de pintores de confianza en Teruel es esencial para un acabado impecable. Para ayudarte a elegir la mejor opci\u00f3n para tus necesidades y presupuesto, te presentamos algunas de las <strong>empresas de pintores en Teruel<\/strong> m\u00e1s recomendadas:<\/p>\n\n\n\n<ul>\n<li><strong>Pintura y Decoraci\u00f3n LUIS:<\/strong> Esta empresa de pintores en Teruel ofrece una amplia gama de servicios de pintura y decoraci\u00f3n para viviendas, locales comerciales y comunidades de vecinos. Cuentan con una amplia experiencia en el sector y est\u00e1n especializados en la aplicaci\u00f3n de pinturas de alta calidad.<\/li>\n\n\n\n<li><strong>Pintura y Decoraci\u00f3n Gorriz y Tartaj:<\/strong> Ofrece una amplia gama de servicios de pintura y decoraci\u00f3n, incluyendo la aplicaci\u00f3n de pinturas murales, la colocaci\u00f3n de papel pintado y la realizaci\u00f3n de trabajos de estuco y escayola.<\/li>\n\n\n\n<li><strong>Pinturas y Lacados Macipe:<\/strong> Especialistas en la aplicaci\u00f3n de pinturas para interiores y exteriores, as\u00ed como en la realizaci\u00f3n de trabajos de lacado de muebles. Esta empresa de pintores en Teruel cuenta con una amplia experiencia en el sector y utiliza materiales de primeras marcas.<\/li>\n<\/ul>\n\n\n\n<p>Para aquellos que buscan <strong>pintores en Teruel a precios competitivos<\/strong>, encontrar un <strong>pintor barato en Teruel<\/strong> es posible gracias a la variedad de opciones disponibles. Ya sea que necesites <strong>pintar un piso en Teruel<\/strong> o necesitas un servicio de <strong>pintura y reformas en Teruel<\/strong>, estos <strong>pintores de pisos en Teruel<\/strong> est\u00e1n preparados para ofrecerte el mejor servicio. El <strong>precio de pintar piso en Teruel<\/strong> puede variar seg\u00fan el tama\u00f1o y las necesidades espec\u00edficas de cada proyecto, pero siempre hay opciones adecuadas para todos los presupuestos.<\/p>\n\n\n\n<h2 class=\"wp-block-heading\"><strong>Encuentra los Mejores Precios para tus Proyectos de Pintura en Teruel<\/strong><\/h2>\n\n\n\n<p>Contacta con los mejores <strong>pintores de pisos para reformas y reparaciones del hogar en Teruel<\/strong>. Entra en ReformaPisos.com para conseguir los <strong>mejores precios<\/strong> y contactar con profesionales con muchos a\u00f1os de experiencia en reformas de ba\u00f1os y otras estancias de tu hogar.<\/p>\n","protected":false},"excerpt":{"rendered":"Pintores a Domicilio en Teruel: Reformas y Reparaciones Si necesitas pintores profesionales para reformas y reparaciones en Teruel, en ReformaPisos.com tienes empresas de pintores en Teruel para poder contactar con profesionales con a\u00f1os de experiencia, y encontrar pintores baratos cerca de ti. Y tambi\u00e9n si buscas profesionales para reparaciones urgentes y reformas integrales en Teruel[&#8230;]","protected":false},"author":2,"featured_media":0,"parent":0,"menu_order":0,"comment_status":"closed","ping_status":"closed","template":"","meta":{"footnotes":""},"yoast_head":"<!-- This site is optimized with the Yoast SEO plugin v22.9 - https:\/\/yoast.com\/wordpress\/plugins\/seo\/ -->\n<title>Pintores de pisos para reformas y reparaciones del hogar en Teruel - Reformas integrales de pisos y viviendas<\/title>\n<meta name=\"robots\" content=\"index, follow, max-snippet:-1, max-image-preview:large, max-video-preview:-1\" \/>\n<link rel=\"canonical\" href=\"https:\/\/reformapisos.com\/index.php\/pintores-de-pisos-para-reformas-y-reparaciones-del-hogar-en-teruel\/\" \/>\n<meta property=\"og:locale\" content=\"es_ES\" \/>\n<meta property=\"og:type\" content=\"article\" \/>\n<meta property=\"og:title\" content=\"Pintores de pisos para reformas y reparaciones del hogar en Teruel - Reformas integrales de pisos y viviendas\" \/>\n<meta property=\"og:description\" content=\"Pintores a Domicilio en Teruel: Reformas y Reparaciones Si necesitas pintores profesionales para reformas y reparaciones en Teruel, en ReformaPisos.com tienes empresas de pintores en Teruel para poder contactar con profesionales con a\u00f1os de experiencia, y encontrar pintores baratos cerca de ti. Y tambi\u00e9n si buscas profesionales para reparaciones urgentes y reformas integrales en Teruel[...]\" \/>\n<meta property=\"og:url\" content=\"https:\/\/reformapisos.com\/index.php\/pintores-de-pisos-para-reformas-y-reparaciones-del-hogar-en-teruel\/\" \/>\n<meta property=\"og:site_name\" content=\"Reformas integrales de pisos y viviendas\" \/>\n<meta property=\"article:modified_time\" content=\"2025-05-27T12:20:57+00:00\" \/>\n<meta property=\"og:image\" content=\"https:\/\/reformapisos.com\/wp-content\/uploads\/2023\/10\/58-1024x288.png\" \/>\n<meta name=\"twitter:card\" content=\"summary_large_image\" \/>\n<meta name=\"twitter:label1\" content=\"Tiempo de lectura\" \/>\n\t<meta name=\"twitter:data1\" content=\"3 minutos\" \/>\n<script type=\"application\/ld+json\" class=\"yoast-schema-graph\">{\"@context\":\"https:\/\/schema.org\",\"@graph\":[{\"@type\":\"WebPage\",\"@id\":\"https:\/\/reformapisos.com\/index.php\/pintores-de-pisos-para-reformas-y-reparaciones-del-hogar-en-teruel\/\",\"url\":\"https:\/\/reformapisos.com\/index.php\/pintores-de-pisos-para-reformas-y-reparaciones-del-hogar-en-teruel\/\",\"name\":\"Pintores de pisos para reformas y reparaciones del hogar en Teruel - Reformas integrales de pisos y viviendas\",\"isPartOf\":{\"@id\":\"https:\/\/reformapisos.com\/#website\"},\"primaryImageOfPage\":{\"@id\":\"https:\/\/reformapisos.com\/index.php\/pintores-de-pisos-para-reformas-y-reparaciones-del-hogar-en-teruel\/#primaryimage\"},\"image\":{\"@id\":\"https:\/\/reformapisos.com\/index.php\/pintores-de-pisos-para-reformas-y-reparaciones-del-hogar-en-teruel\/#primaryimage\"},\"thumbnailUrl\":\"https:\/\/reformapisos.com\/wp-content\/uploads\/2023\/10\/58-1024x288.png\",\"datePublished\":\"2023-10-05T16:21:05+00:00\",\"dateModified\":\"2025-05-27T12:20:57+00:00\",\"breadcrumb\":{\"@id\":\"https:\/\/reformapisos.com\/index.php\/pintores-de-pisos-para-reformas-y-reparaciones-del-hogar-en-teruel\/#breadcrumb\"},\"inLanguage\":\"es\",\"potentialAction\":[{\"@type\":\"ReadAction\",\"target\":[\"https:\/\/reformapisos.com\/index.php\/pintores-de-pisos-para-reformas-y-reparaciones-del-hogar-en-teruel\/\"]}]},{\"@type\":\"ImageObject\",\"inLanguage\":\"es\",\"@id\":\"https:\/\/reformapisos.com\/index.php\/pintores-de-pisos-para-reformas-y-reparaciones-del-hogar-en-teruel\/#primaryimage\",\"url\":\"https:\/\/reformapisos.com\/wp-content\/uploads\/2023\/10\/58.png\",\"contentUrl\":\"https:\/\/reformapisos.com\/wp-content\/uploads\/2023\/10\/58.png\",\"width\":1280,\"height\":360,\"caption\":\"Pintores de pisos para reformas y reparaciones del hogar en Teruel\"},{\"@type\":\"BreadcrumbList\",\"@id\":\"https:\/\/reformapisos.com\/index.php\/pintores-de-pisos-para-reformas-y-reparaciones-del-hogar-en-teruel\/#breadcrumb\",\"itemListElement\":[{\"@type\":\"ListItem\",\"position\":1,\"name\":\"Portada\",\"item\":\"https:\/\/reformapisos.com\/\"},{\"@type\":\"ListItem\",\"position\":2,\"name\":\"Pintores de pisos para reformas y reparaciones del hogar en Teruel\"}]},{\"@type\":\"WebSite\",\"@id\":\"https:\/\/reformapisos.com\/#website\",\"url\":\"https:\/\/reformapisos.com\/\",\"name\":\"Reformas integrales de pisos y viviendas\",\"description\":\"Otro sitio realizado con WordPress\",\"potentialAction\":[{\"@type\":\"SearchAction\",\"target\":{\"@type\":\"EntryPoint\",\"urlTemplate\":\"https:\/\/reformapisos.com\/?s={search_term_string}\"},\"query-input\":\"required name=search_term_string\"}],\"inLanguage\":\"es\"}]}<\/script>\n<!-- \/ Yoast SEO plugin. -->","yoast_head_json":{"title":"Pintores de pisos para reformas y reparaciones del hogar en Teruel - Reformas integrales de pisos y viviendas","robots":{"index":"index","follow":"follow","max-snippet":"max-snippet:-1","max-image-preview":"max-image-preview:large","max-video-preview":"max-video-preview:-1"},"canonical":"https:\/\/reformapisos.com\/index.php\/pintores-de-pisos-para-reformas-y-reparaciones-del-hogar-en-teruel\/","og_locale":"es_ES","og_type":"article","og_title":"Pintores de pisos para reformas y reparaciones del hogar en Teruel - Reformas integrales de pisos y viviendas","og_description":"Pintores a Domicilio en Teruel: Reformas y Reparaciones Si necesitas pintores profesionales para reformas y reparaciones en Teruel, en ReformaPisos.com tienes empresas de pintores en Teruel para poder contactar con profesionales con a\u00f1os de experiencia, y encontrar pintores baratos cerca de ti. Y tambi\u00e9n si buscas profesionales para reparaciones urgentes y reformas integrales en Teruel[...]","og_url":"https:\/\/reformapisos.com\/index.php\/pintores-de-pisos-para-reformas-y-reparaciones-del-hogar-en-teruel\/","og_site_name":"Reformas integrales de pisos y viviendas","article_modified_time":"2025-05-27T12:20:57+00:00","og_image":[{"url":"https:\/\/reformapisos.com\/wp-content\/uploads\/2023\/10\/58-1024x288.png"}],"twitter_card":"summary_large_image","twitter_misc":{"Tiempo de lectura":"3 minutos"},"schema":{"@context":"https:\/\/schema.org","@graph":[{"@type":"WebPage","@id":"https:\/\/reformapisos.com\/index.php\/pintores-de-pisos-para-reformas-y-reparaciones-del-hogar-en-teruel\/","url":"https:\/\/reformapisos.com\/index.php\/pintores-de-pisos-para-reformas-y-reparaciones-del-hogar-en-teruel\/","name":"Pintores de pisos para reformas y reparaciones del hogar en Teruel - Reformas integrales de pisos y viviendas","isPartOf":{"@id":"https:\/\/reformapisos.com\/#website"},"primaryImageOfPage":{"@id":"https:\/\/reformapisos.com\/index.php\/pintores-de-pisos-para-reformas-y-reparaciones-del-hogar-en-teruel\/#primaryimage"},"image":{"@id":"https:\/\/reformapisos.com\/index.php\/pintores-de-pisos-para-reformas-y-reparaciones-del-hogar-en-teruel\/#primaryimage"},"thumbnailUrl":"https:\/\/reformapisos.com\/wp-content\/uploads\/2023\/10\/58-1024x288.png","datePublished":"2023-10-05T16:21:05+00:00","dateModified":"2025-05-27T12:20:57+00:00","breadcrumb":{"@id":"https:\/\/reformapisos.com\/index.php\/pintores-de-pisos-para-reformas-y-reparaciones-del-hogar-en-teruel\/#breadcrumb"},"inLanguage":"es","potentialAction":[{"@type":"ReadAction","target":["https:\/\/reformapisos.com\/index.php\/pintores-de-pisos-para-reformas-y-reparaciones-del-hogar-en-teruel\/"]}]},{"@type":"ImageObject","inLanguage":"es","@id":"https:\/\/reformapisos.com\/index.php\/pintores-de-pisos-para-reformas-y-reparaciones-del-hogar-en-teruel\/#primaryimage","url":"https:\/\/reformapisos.com\/wp-content\/uploads\/2023\/10\/58.png","contentUrl":"https:\/\/reformapisos.com\/wp-content\/uploads\/2023\/10\/58.png","width":1280,"height":360,"caption":"Pintores de pisos para reformas y reparaciones del hogar en Teruel"},{"@type":"BreadcrumbList","@id":"https:\/\/reformapisos.com\/index.php\/pintores-de-pisos-para-reformas-y-reparaciones-del-hogar-en-teruel\/#breadcrumb","itemListElement":[{"@type":"ListItem","position":1,"name":"Portada","item":"https:\/\/reformapisos.com\/"},{"@type":"ListItem","position":2,"name":"Pintores de pisos para reformas y reparaciones del hogar en Teruel"}]},{"@type":"WebSite","@id":"https:\/\/reformapisos.com\/#website","url":"https:\/\/reformapisos.com\/","name":"Reformas integrales de pisos y viviendas","description":"Otro sitio realizado con WordPress","potentialAction":[{"@type":"SearchAction","target":{"@type":"EntryPoint","urlTemplate":"https:\/\/reformapisos.com\/?s={search_term_string}"},"query-input":"required name=search_term_string"}],"inLanguage":"es"}]}},"_links":{"self":[{"href":"https:\/\/reformapisos.com\/index.php\/wp-json\/wp\/v2\/pages\/2540"}],"collection":[{"href":"https:\/\/reformapisos.com\/index.php\/wp-json\/wp\/v2\/pages"}],"about":[{"href":"https:\/\/reformapisos.com\/index.php\/wp-json\/wp\/v2\/types\/page"}],"author":[{"embeddable":true,"href":"https:\/\/reformapisos.com\/index.php\/wp-json\/wp\/v2\/users\/2"}],"replies":[{"embeddable":true,"href":"https:\/\/reformapisos.com\/index.php\/wp-json\/wp\/v2\/comments?post=2540"}],"version-history":[{"count":7,"href":"https:\/\/reformapisos.com\/index.php\/wp-json\/wp\/v2\/pages\/2540\/revisions"}],"predecessor-version":[{"id":3389,"href":"https:\/\/reformapisos.com\/index.php\/wp-json\/wp\/v2\/pages\/2540\/revisions\/3389"}],"wp:attachment":[{"href":"https:\/\/reformapisos.com\/index.php\/wp-json\/wp\/v2\/media?parent=2540"}],"curies":[{"name":"wp","href":"https:\/\/api.w.org\/{rel}","templated":true}]}}