{"id":2717,"date":"2023-10-10T11:48:05","date_gmt":"2023-10-10T11:48:05","guid":{"rendered":"https:\/\/reformapisos.com\/?page_id=2717"},"modified":"2025-05-28T09:02:01","modified_gmt":"2025-05-28T09:02:01","slug":"empresas-de-reformas-integrales-para-pisos-y-viviendas-en-ceuta","status":"publish","type":"page","link":"https:\/\/reformapisos.com\/index.php\/empresas-de-reformas-integrales-para-pisos-y-viviendas-en-ceuta\/","title":{"rendered":"Empresas de reformas integrales para pisos y viviendas en Ceuta"},"content":{"rendered":"\n<figure class=\"wp-block-image size-large\"><img loading=\"lazy\" decoding=\"async\" width=\"1024\" height=\"288\" src=\"https:\/\/reformapisos.com\/wp-content\/uploads\/2023\/10\/116-1024x288.png\" alt=\"\" class=\"wp-image-2934\" srcset=\"https:\/\/reformapisos.com\/wp-content\/uploads\/2023\/10\/116-1024x288.png 1024w, https:\/\/reformapisos.com\/wp-content\/uploads\/2023\/10\/116-300x84.png 300w, https:\/\/reformapisos.com\/wp-content\/uploads\/2023\/10\/116-768x216.png 768w, https:\/\/reformapisos.com\/wp-content\/uploads\/2023\/10\/116-444x125.png 444w, https:\/\/reformapisos.com\/wp-content\/uploads\/2023\/10\/116.png 1280w\" sizes=\"(max-width: 1024px) 100vw, 1024px\" \/><\/figure>\n\n\n\n<h1 class=\"wp-block-heading\"><strong>Empresas de Reformas Integrales para Pisos y Viviendas en Ceuta<\/strong><\/h1>\n\n\n\n<p>Si necesitas <strong>empresas de reformas integrales y baratas en Ceuta<\/strong>, con ReformaPisos.com te ofrecemos un listado de <strong>empresas de reformas de viviendas y del hogar en Ceuta<\/strong>. Contacta con profesionales con a\u00f1os de experiencia en <strong>reforma de cocina y reformas de ba\u00f1os en Ceuta<\/strong>.<\/p>\n\n\n\n<p>Nuestros colaboradores son expertos en adaptar tu vivienda a tus necesidades y estilo de vida, incrementando su valor y transformando cada espacio. Nos enfocamos en conectarte con <strong>empresas de construcci\u00f3n y reformas en Ceuta<\/strong> que garantizan servicios completos, desde el dise\u00f1o hasta la ejecuci\u00f3n, asegurando la excelencia y tu satisfacci\u00f3n en cada proyecto.<\/p>\n\n\n\n<h2 class=\"wp-block-heading\"><strong>Las Mejores Empresas de Reformas Integrales en Ceuta<\/strong><\/h2>\n\n\n\n<p>Encontrar una empresa de reformas de confianza en Ceuta es clave para el \u00e9xito de tu proyecto. Para ayudarte a elegir la mejor opci\u00f3n para tus necesidades y presupuesto, te presentamos algunas de las <strong>mejores empresas de reformas en Ceuta<\/strong>:<\/p>\n\n\n\n<ul>\n<li><strong>Reformas y servicios Amenchar:<\/strong> Con una amplia experiencia, esta empresa abarca <strong>reformas baratas en Ceuta<\/strong>, desde <strong>reformas de ba\u00f1os en Ceuta<\/strong> hasta trabajos especializados en pintura, electricidad y fontaner\u00eda.<\/li>\n\n\n\n<li><strong>Reformas Babel:<\/strong> Se destaca por su servicio personalizado y de alta calidad en las <strong>reformas del hogar en Ceuta<\/strong>, ajustando presupuestos seg\u00fan tus requerimientos espec\u00edficos.<\/li>\n\n\n\n<li><strong>Refco Ceuta S.L.:<\/strong> Esta <strong>empresa de reformas en Ceuta<\/strong> se especializa en soluciones integrales para la construcci\u00f3n y reforma de viviendas, locales comerciales y naves industriales. Aseguran el uso de materiales de primera calidad y cuentan con un equipo profesional altamente cualificado.<\/li>\n<\/ul>\n\n\n\n<p>El <strong>precio medio de una reforma integral en Ceuta<\/strong> para un piso de 80 m\u00b2 se sit\u00faa en torno a los 35.051 \u20ac. Ten en cuenta que este precio puede variar seg\u00fan la calidad de los materiales elegidos y la complejidad del proyecto.<\/p>\n\n\n\n<h2 class=\"wp-block-heading\"><strong>Encuentra los Mejores Precios para tus Reformas en Ceuta<\/strong><\/h2>\n\n\n\n<p>Si buscas las mejores <strong>Empresas de reformas integrales para pisos y viviendas en Ceuta<\/strong>, entra en ReformaPisos.com para conseguir los <strong>mejores precios<\/strong> y contactar con profesionales y <strong>empresas de construcci\u00f3n<\/strong> con muchos a\u00f1os de experiencia en reformas de ba\u00f1os y otras estancias de tu hogar.<\/p>\n","protected":false},"excerpt":{"rendered":"Empresas de Reformas Integrales para Pisos y Viviendas en Ceuta Si necesitas empresas de reformas integrales y baratas en Ceuta, con ReformaPisos.com te ofrecemos un listado de empresas de reformas de viviendas y del hogar en Ceuta. Contacta con profesionales con a\u00f1os de experiencia en reforma de cocina y reformas de ba\u00f1os en Ceuta. Nuestros[&#8230;]","protected":false},"author":2,"featured_media":0,"parent":0,"menu_order":0,"comment_status":"closed","ping_status":"closed","template":"","meta":{"footnotes":""},"yoast_head":"<!-- This site is optimized with the Yoast SEO plugin v22.9 - https:\/\/yoast.com\/wordpress\/plugins\/seo\/ -->\n<title>Empresas de reformas integrales para pisos y viviendas en Ceuta - Reformas integrales de pisos y viviendas<\/title>\n<meta name=\"robots\" content=\"index, follow, max-snippet:-1, max-image-preview:large, max-video-preview:-1\" \/>\n<link rel=\"canonical\" href=\"https:\/\/reformapisos.com\/index.php\/empresas-de-reformas-integrales-para-pisos-y-viviendas-en-ceuta\/\" \/>\n<meta property=\"og:locale\" content=\"es_ES\" \/>\n<meta property=\"og:type\" content=\"article\" \/>\n<meta property=\"og:title\" content=\"Empresas de reformas integrales para pisos y viviendas en Ceuta - Reformas integrales de pisos y viviendas\" \/>\n<meta property=\"og:description\" content=\"Empresas de Reformas Integrales para Pisos y Viviendas en Ceuta Si necesitas empresas de reformas integrales y baratas en Ceuta, con ReformaPisos.com te ofrecemos un listado de empresas de reformas de viviendas y del hogar en Ceuta. Contacta con profesionales con a\u00f1os de experiencia en reforma de cocina y reformas de ba\u00f1os en Ceuta. Nuestros[...]\" \/>\n<meta property=\"og:url\" content=\"https:\/\/reformapisos.com\/index.php\/empresas-de-reformas-integrales-para-pisos-y-viviendas-en-ceuta\/\" \/>\n<meta property=\"og:site_name\" content=\"Reformas integrales de pisos y viviendas\" \/>\n<meta property=\"article:modified_time\" content=\"2025-05-28T09:02:01+00:00\" \/>\n<meta property=\"og:image\" content=\"https:\/\/reformapisos.com\/wp-content\/uploads\/2023\/10\/116-1024x288.png\" \/>\n<meta name=\"twitter:card\" content=\"summary_large_image\" \/>\n<meta name=\"twitter:label1\" content=\"Tiempo de lectura\" \/>\n\t<meta name=\"twitter:data1\" content=\"2 minutos\" \/>\n<script type=\"application\/ld+json\" class=\"yoast-schema-graph\">{\"@context\":\"https:\/\/schema.org\",\"@graph\":[{\"@type\":\"WebPage\",\"@id\":\"https:\/\/reformapisos.com\/index.php\/empresas-de-reformas-integrales-para-pisos-y-viviendas-en-ceuta\/\",\"url\":\"https:\/\/reformapisos.com\/index.php\/empresas-de-reformas-integrales-para-pisos-y-viviendas-en-ceuta\/\",\"name\":\"Empresas de reformas integrales para pisos y viviendas en Ceuta - Reformas integrales de pisos y viviendas\",\"isPartOf\":{\"@id\":\"https:\/\/reformapisos.com\/#website\"},\"primaryImageOfPage\":{\"@id\":\"https:\/\/reformapisos.com\/index.php\/empresas-de-reformas-integrales-para-pisos-y-viviendas-en-ceuta\/#primaryimage\"},\"image\":{\"@id\":\"https:\/\/reformapisos.com\/index.php\/empresas-de-reformas-integrales-para-pisos-y-viviendas-en-ceuta\/#primaryimage\"},\"thumbnailUrl\":\"https:\/\/reformapisos.com\/wp-content\/uploads\/2023\/10\/116-1024x288.png\",\"datePublished\":\"2023-10-10T11:48:05+00:00\",\"dateModified\":\"2025-05-28T09:02:01+00:00\",\"breadcrumb\":{\"@id\":\"https:\/\/reformapisos.com\/index.php\/empresas-de-reformas-integrales-para-pisos-y-viviendas-en-ceuta\/#breadcrumb\"},\"inLanguage\":\"es\",\"potentialAction\":[{\"@type\":\"ReadAction\",\"target\":[\"https:\/\/reformapisos.com\/index.php\/empresas-de-reformas-integrales-para-pisos-y-viviendas-en-ceuta\/\"]}]},{\"@type\":\"ImageObject\",\"inLanguage\":\"es\",\"@id\":\"https:\/\/reformapisos.com\/index.php\/empresas-de-reformas-integrales-para-pisos-y-viviendas-en-ceuta\/#primaryimage\",\"url\":\"https:\/\/reformapisos.com\/wp-content\/uploads\/2023\/10\/116.png\",\"contentUrl\":\"https:\/\/reformapisos.com\/wp-content\/uploads\/2023\/10\/116.png\",\"width\":1280,\"height\":360,\"caption\":\"Empresas de reformas integrales para pisos y viviendas en Ceuta\"},{\"@type\":\"BreadcrumbList\",\"@id\":\"https:\/\/reformapisos.com\/index.php\/empresas-de-reformas-integrales-para-pisos-y-viviendas-en-ceuta\/#breadcrumb\",\"itemListElement\":[{\"@type\":\"ListItem\",\"position\":1,\"name\":\"Portada\",\"item\":\"https:\/\/reformapisos.com\/\"},{\"@type\":\"ListItem\",\"position\":2,\"name\":\"Empresas de reformas integrales para pisos y viviendas en Ceuta\"}]},{\"@type\":\"WebSite\",\"@id\":\"https:\/\/reformapisos.com\/#website\",\"url\":\"https:\/\/reformapisos.com\/\",\"name\":\"Reformas integrales de pisos y viviendas\",\"description\":\"Otro sitio realizado con WordPress\",\"potentialAction\":[{\"@type\":\"SearchAction\",\"target\":{\"@type\":\"EntryPoint\",\"urlTemplate\":\"https:\/\/reformapisos.com\/?s={search_term_string}\"},\"query-input\":\"required name=search_term_string\"}],\"inLanguage\":\"es\"}]}<\/script>\n<!-- \/ Yoast SEO plugin. -->","yoast_head_json":{"title":"Empresas de reformas integrales para pisos y viviendas en Ceuta - Reformas integrales de pisos y viviendas","robots":{"index":"index","follow":"follow","max-snippet":"max-snippet:-1","max-image-preview":"max-image-preview:large","max-video-preview":"max-video-preview:-1"},"canonical":"https:\/\/reformapisos.com\/index.php\/empresas-de-reformas-integrales-para-pisos-y-viviendas-en-ceuta\/","og_locale":"es_ES","og_type":"article","og_title":"Empresas de reformas integrales para pisos y viviendas en Ceuta - Reformas integrales de pisos y viviendas","og_description":"Empresas de Reformas Integrales para Pisos y Viviendas en Ceuta Si necesitas empresas de reformas integrales y baratas en Ceuta, con ReformaPisos.com te ofrecemos un listado de empresas de reformas de viviendas y del hogar en Ceuta. Contacta con profesionales con a\u00f1os de experiencia en reforma de cocina y reformas de ba\u00f1os en Ceuta. Nuestros[...]","og_url":"https:\/\/reformapisos.com\/index.php\/empresas-de-reformas-integrales-para-pisos-y-viviendas-en-ceuta\/","og_site_name":"Reformas integrales de pisos y viviendas","article_modified_time":"2025-05-28T09:02:01+00:00","og_image":[{"url":"https:\/\/reformapisos.com\/wp-content\/uploads\/2023\/10\/116-1024x288.png"}],"twitter_card":"summary_large_image","twitter_misc":{"Tiempo de lectura":"2 minutos"},"schema":{"@context":"https:\/\/schema.org","@graph":[{"@type":"WebPage","@id":"https:\/\/reformapisos.com\/index.php\/empresas-de-reformas-integrales-para-pisos-y-viviendas-en-ceuta\/","url":"https:\/\/reformapisos.com\/index.php\/empresas-de-reformas-integrales-para-pisos-y-viviendas-en-ceuta\/","name":"Empresas de reformas integrales para pisos y viviendas en Ceuta - Reformas integrales de pisos y viviendas","isPartOf":{"@id":"https:\/\/reformapisos.com\/#website"},"primaryImageOfPage":{"@id":"https:\/\/reformapisos.com\/index.php\/empresas-de-reformas-integrales-para-pisos-y-viviendas-en-ceuta\/#primaryimage"},"image":{"@id":"https:\/\/reformapisos.com\/index.php\/empresas-de-reformas-integrales-para-pisos-y-viviendas-en-ceuta\/#primaryimage"},"thumbnailUrl":"https:\/\/reformapisos.com\/wp-content\/uploads\/2023\/10\/116-1024x288.png","datePublished":"2023-10-10T11:48:05+00:00","dateModified":"2025-05-28T09:02:01+00:00","breadcrumb":{"@id":"https:\/\/reformapisos.com\/index.php\/empresas-de-reformas-integrales-para-pisos-y-viviendas-en-ceuta\/#breadcrumb"},"inLanguage":"es","potentialAction":[{"@type":"ReadAction","target":["https:\/\/reformapisos.com\/index.php\/empresas-de-reformas-integrales-para-pisos-y-viviendas-en-ceuta\/"]}]},{"@type":"ImageObject","inLanguage":"es","@id":"https:\/\/reformapisos.com\/index.php\/empresas-de-reformas-integrales-para-pisos-y-viviendas-en-ceuta\/#primaryimage","url":"https:\/\/reformapisos.com\/wp-content\/uploads\/2023\/10\/116.png","contentUrl":"https:\/\/reformapisos.com\/wp-content\/uploads\/2023\/10\/116.png","width":1280,"height":360,"caption":"Empresas de reformas integrales para pisos y viviendas en Ceuta"},{"@type":"BreadcrumbList","@id":"https:\/\/reformapisos.com\/index.php\/empresas-de-reformas-integrales-para-pisos-y-viviendas-en-ceuta\/#breadcrumb","itemListElement":[{"@type":"ListItem","position":1,"name":"Portada","item":"https:\/\/reformapisos.com\/"},{"@type":"ListItem","position":2,"name":"Empresas de reformas integrales para pisos y viviendas en Ceuta"}]},{"@type":"WebSite","@id":"https:\/\/reformapisos.com\/#website","url":"https:\/\/reformapisos.com\/","name":"Reformas integrales de pisos y viviendas","description":"Otro sitio realizado con WordPress","potentialAction":[{"@type":"SearchAction","target":{"@type":"EntryPoint","urlTemplate":"https:\/\/reformapisos.com\/?s={search_term_string}"},"query-input":"required name=search_term_string"}],"inLanguage":"es"}]}},"_links":{"self":[{"href":"https:\/\/reformapisos.com\/index.php\/wp-json\/wp\/v2\/pages\/2717"}],"collection":[{"href":"https:\/\/reformapisos.com\/index.php\/wp-json\/wp\/v2\/pages"}],"about":[{"href":"https:\/\/reformapisos.com\/index.php\/wp-json\/wp\/v2\/types\/page"}],"author":[{"embeddable":true,"href":"https:\/\/reformapisos.com\/index.php\/wp-json\/wp\/v2\/users\/2"}],"replies":[{"embeddable":true,"href":"https:\/\/reformapisos.com\/index.php\/wp-json\/wp\/v2\/comments?post=2717"}],"version-history":[{"count":6,"href":"https:\/\/reformapisos.com\/index.php\/wp-json\/wp\/v2\/pages\/2717\/revisions"}],"predecessor-version":[{"id":3446,"href":"https:\/\/reformapisos.com\/index.php\/wp-json\/wp\/v2\/pages\/2717\/revisions\/3446"}],"wp:attachment":[{"href":"https:\/\/reformapisos.com\/index.php\/wp-json\/wp\/v2\/media?parent=2717"}],"curies":[{"name":"wp","href":"https:\/\/api.w.org\/{rel}","templated":true}]}}