{"id":2720,"date":"2023-10-10T11:48:57","date_gmt":"2023-10-10T11:48:57","guid":{"rendered":"https:\/\/reformapisos.com\/?page_id=2720"},"modified":"2025-05-28T09:08:38","modified_gmt":"2025-05-28T09:08:38","slug":"pintores-de-pisos-para-reformas-y-reparaciones-del-hogar-en-melilla","status":"publish","type":"page","link":"https:\/\/reformapisos.com\/index.php\/pintores-de-pisos-para-reformas-y-reparaciones-del-hogar-en-melilla\/","title":{"rendered":"Pintores de pisos para reformas y reparaciones del hogar en Melilla"},"content":{"rendered":"\n<figure class=\"wp-block-image size-large\"><img loading=\"lazy\" decoding=\"async\" width=\"1024\" height=\"288\" src=\"https:\/\/reformapisos.com\/wp-content\/uploads\/2023\/10\/119-1024x288.png\" alt=\"\" class=\"wp-image-2940\" srcset=\"https:\/\/reformapisos.com\/wp-content\/uploads\/2023\/10\/119-1024x288.png 1024w, https:\/\/reformapisos.com\/wp-content\/uploads\/2023\/10\/119-300x84.png 300w, https:\/\/reformapisos.com\/wp-content\/uploads\/2023\/10\/119-768x216.png 768w, https:\/\/reformapisos.com\/wp-content\/uploads\/2023\/10\/119-444x125.png 444w, https:\/\/reformapisos.com\/wp-content\/uploads\/2023\/10\/119.png 1280w\" sizes=\"(max-width: 1024px) 100vw, 1024px\" \/><\/figure>\n\n\n\n<h1 class=\"wp-block-heading\"><strong>Pintores a Domicilio en Melilla: Reformas y Reparaciones<\/strong><\/h1>\n\n\n\n<p>Si necesitas <strong>pintores para reformas en la vivienda<\/strong> o si te surgen <strong>reparaciones y urgencias 24 horas en Melilla<\/strong>, en ReformaPisos.com busca tu <strong>empresa de pintores baratos en Melilla<\/strong>. Contacta f\u00e1cil y r\u00e1pido con profesionales con a\u00f1os de experiencia que sean <strong>pintores en Melilla<\/strong>, a los mejores precios para tus <strong>reparaciones urgentes y reformas en Melilla<\/strong>.<\/p>\n\n\n\n<p>Nuestros colaboradores son expertos en transformar tu piso, haciendo que el ambiente sea m\u00e1s luminoso, acogedor o moderno, seg\u00fan tus preferencias. Nos enfocamos en conectarte con <strong>empresas de pintura en Melilla<\/strong> que garantizan servicios de alta calidad y se adaptan a tus necesidades, siempre considerando una excelente relaci\u00f3n entre calidad y el <strong>precio de pintar un piso en Melilla<\/strong>.<\/p>\n\n\n\n<h2 class=\"wp-block-heading\"><strong>Las Mejores Empresas de Pintores para tu Hogar en Melilla<\/strong><\/h2>\n\n\n\n<p>Encontrar una empresa de pintores de confianza en Melilla es esencial para un acabado impecable. Para ayudarte a elegir la mejor opci\u00f3n para tus necesidades y presupuesto, te presentamos algunas de las <strong>empresas de pintores de pisos en Melilla<\/strong> m\u00e1s recomendadas:<\/p>\n\n\n\n<ul>\n<li><strong>Taskia:<\/strong> Esta plataforma online te conecta con <strong>pintores profesionales en Melilla<\/strong>. Puedes solicitar presupuestos gratuitos y comparar ofertas de diferentes pintores, garantizando un servicio de calidad y a precios competitivos. Es una excelente opci\u00f3n para encontrar un <strong>pintor barato en Melilla<\/strong>.<\/li>\n\n\n\n<li><strong>HomeServe:<\/strong> Empresa internacional l\u00edder en servicios para el hogar, con presencia en Espa\u00f1a, que ofrece planes de protecci\u00f3n y mantenimiento. Cuentan con un equipo de profesionales cualificados y experimentados, brindando asesoramiento personalizado y atenci\u00f3n al cliente de primera calidad.<\/li>\n\n\n\n<li><strong>Habitissimo:<\/strong> En esta plataforma podr\u00e1s contactar con <strong>pintores profesionales en Melilla<\/strong>. Ofrecen una amplia gama de servicios, como pintura de paredes y techos, lacado de puertas y muebles, impermeabilizaciones y aplicaci\u00f3n de pinturas especiales. Adem\u00e1s, proporcionan presupuestos gratuitos y sin compromiso.<\/li>\n<\/ul>\n\n\n\n<p>Si buscas <strong>pintores de pisos en Melilla<\/strong> o quieres conocer el <strong>precio para pintar un piso en Melilla<\/strong>, estas empresas garantizan resultados de calidad. Contratar una <strong>empresa de pintores en Melilla<\/strong> es una inversi\u00f3n segura para darle un nuevo aspecto a tu hogar.<\/p>\n\n\n\n<h2 class=\"wp-block-heading\"><strong>Encuentra los Mejores Precios para tus Proyectos de Pintura en Melilla<\/strong><\/h2>\n\n\n\n<p>Para tu tranquilidad, consulta el listado de <strong>pintores de pisos para reformas y reparaciones del hogar en Melilla<\/strong>. Entra en ReformaPisos.com para conseguir los <strong>mejores precios<\/strong> y contactar con profesionales con muchos a\u00f1os de experiencia en reformas de pisos y viviendas.<\/p>\n","protected":false},"excerpt":{"rendered":"Pintores a Domicilio en Melilla: Reformas y Reparaciones Si necesitas pintores para reformas en la vivienda o si te surgen reparaciones y urgencias 24 horas en Melilla, en ReformaPisos.com busca tu empresa de pintores baratos en Melilla. Contacta f\u00e1cil y r\u00e1pido con profesionales con a\u00f1os de experiencia que sean pintores en Melilla, a los mejores[&#8230;]","protected":false},"author":2,"featured_media":0,"parent":0,"menu_order":0,"comment_status":"closed","ping_status":"closed","template":"","meta":{"footnotes":""},"yoast_head":"<!-- This site is optimized with the Yoast SEO plugin v22.9 - https:\/\/yoast.com\/wordpress\/plugins\/seo\/ -->\n<title>Pintores de pisos para reformas y reparaciones del hogar en Melilla - Reformas integrales de pisos y viviendas<\/title>\n<meta name=\"robots\" content=\"index, follow, max-snippet:-1, max-image-preview:large, max-video-preview:-1\" \/>\n<link rel=\"canonical\" href=\"https:\/\/reformapisos.com\/index.php\/pintores-de-pisos-para-reformas-y-reparaciones-del-hogar-en-melilla\/\" \/>\n<meta property=\"og:locale\" content=\"es_ES\" \/>\n<meta property=\"og:type\" content=\"article\" \/>\n<meta property=\"og:title\" content=\"Pintores de pisos para reformas y reparaciones del hogar en Melilla - Reformas integrales de pisos y viviendas\" \/>\n<meta property=\"og:description\" content=\"Pintores a Domicilio en Melilla: Reformas y Reparaciones Si necesitas pintores para reformas en la vivienda o si te surgen reparaciones y urgencias 24 horas en Melilla, en ReformaPisos.com busca tu empresa de pintores baratos en Melilla. Contacta f\u00e1cil y r\u00e1pido con profesionales con a\u00f1os de experiencia que sean pintores en Melilla, a los mejores[...]\" \/>\n<meta property=\"og:url\" content=\"https:\/\/reformapisos.com\/index.php\/pintores-de-pisos-para-reformas-y-reparaciones-del-hogar-en-melilla\/\" \/>\n<meta property=\"og:site_name\" content=\"Reformas integrales de pisos y viviendas\" \/>\n<meta property=\"article:modified_time\" content=\"2025-05-28T09:08:38+00:00\" \/>\n<meta property=\"og:image\" content=\"https:\/\/reformapisos.com\/wp-content\/uploads\/2023\/10\/119-1024x288.png\" \/>\n<meta name=\"twitter:card\" content=\"summary_large_image\" \/>\n<meta name=\"twitter:label1\" content=\"Tiempo de lectura\" \/>\n\t<meta name=\"twitter:data1\" content=\"2 minutos\" \/>\n<script type=\"application\/ld+json\" class=\"yoast-schema-graph\">{\"@context\":\"https:\/\/schema.org\",\"@graph\":[{\"@type\":\"WebPage\",\"@id\":\"https:\/\/reformapisos.com\/index.php\/pintores-de-pisos-para-reformas-y-reparaciones-del-hogar-en-melilla\/\",\"url\":\"https:\/\/reformapisos.com\/index.php\/pintores-de-pisos-para-reformas-y-reparaciones-del-hogar-en-melilla\/\",\"name\":\"Pintores de pisos para reformas y reparaciones del hogar en Melilla - Reformas integrales de pisos y viviendas\",\"isPartOf\":{\"@id\":\"https:\/\/reformapisos.com\/#website\"},\"primaryImageOfPage\":{\"@id\":\"https:\/\/reformapisos.com\/index.php\/pintores-de-pisos-para-reformas-y-reparaciones-del-hogar-en-melilla\/#primaryimage\"},\"image\":{\"@id\":\"https:\/\/reformapisos.com\/index.php\/pintores-de-pisos-para-reformas-y-reparaciones-del-hogar-en-melilla\/#primaryimage\"},\"thumbnailUrl\":\"https:\/\/reformapisos.com\/wp-content\/uploads\/2023\/10\/119-1024x288.png\",\"datePublished\":\"2023-10-10T11:48:57+00:00\",\"dateModified\":\"2025-05-28T09:08:38+00:00\",\"breadcrumb\":{\"@id\":\"https:\/\/reformapisos.com\/index.php\/pintores-de-pisos-para-reformas-y-reparaciones-del-hogar-en-melilla\/#breadcrumb\"},\"inLanguage\":\"es\",\"potentialAction\":[{\"@type\":\"ReadAction\",\"target\":[\"https:\/\/reformapisos.com\/index.php\/pintores-de-pisos-para-reformas-y-reparaciones-del-hogar-en-melilla\/\"]}]},{\"@type\":\"ImageObject\",\"inLanguage\":\"es\",\"@id\":\"https:\/\/reformapisos.com\/index.php\/pintores-de-pisos-para-reformas-y-reparaciones-del-hogar-en-melilla\/#primaryimage\",\"url\":\"https:\/\/reformapisos.com\/wp-content\/uploads\/2023\/10\/119.png\",\"contentUrl\":\"https:\/\/reformapisos.com\/wp-content\/uploads\/2023\/10\/119.png\",\"width\":1280,\"height\":360,\"caption\":\"Pintores de pisos para reformas y reparaciones del hogar en Melilla\"},{\"@type\":\"BreadcrumbList\",\"@id\":\"https:\/\/reformapisos.com\/index.php\/pintores-de-pisos-para-reformas-y-reparaciones-del-hogar-en-melilla\/#breadcrumb\",\"itemListElement\":[{\"@type\":\"ListItem\",\"position\":1,\"name\":\"Portada\",\"item\":\"https:\/\/reformapisos.com\/\"},{\"@type\":\"ListItem\",\"position\":2,\"name\":\"Pintores de pisos para reformas y reparaciones del hogar en Melilla\"}]},{\"@type\":\"WebSite\",\"@id\":\"https:\/\/reformapisos.com\/#website\",\"url\":\"https:\/\/reformapisos.com\/\",\"name\":\"Reformas integrales de pisos y viviendas\",\"description\":\"Otro sitio realizado con WordPress\",\"potentialAction\":[{\"@type\":\"SearchAction\",\"target\":{\"@type\":\"EntryPoint\",\"urlTemplate\":\"https:\/\/reformapisos.com\/?s={search_term_string}\"},\"query-input\":\"required name=search_term_string\"}],\"inLanguage\":\"es\"}]}<\/script>\n<!-- \/ Yoast SEO plugin. -->","yoast_head_json":{"title":"Pintores de pisos para reformas y reparaciones del hogar en Melilla - Reformas integrales de pisos y viviendas","robots":{"index":"index","follow":"follow","max-snippet":"max-snippet:-1","max-image-preview":"max-image-preview:large","max-video-preview":"max-video-preview:-1"},"canonical":"https:\/\/reformapisos.com\/index.php\/pintores-de-pisos-para-reformas-y-reparaciones-del-hogar-en-melilla\/","og_locale":"es_ES","og_type":"article","og_title":"Pintores de pisos para reformas y reparaciones del hogar en Melilla - Reformas integrales de pisos y viviendas","og_description":"Pintores a Domicilio en Melilla: Reformas y Reparaciones Si necesitas pintores para reformas en la vivienda o si te surgen reparaciones y urgencias 24 horas en Melilla, en ReformaPisos.com busca tu empresa de pintores baratos en Melilla. Contacta f\u00e1cil y r\u00e1pido con profesionales con a\u00f1os de experiencia que sean pintores en Melilla, a los mejores[...]","og_url":"https:\/\/reformapisos.com\/index.php\/pintores-de-pisos-para-reformas-y-reparaciones-del-hogar-en-melilla\/","og_site_name":"Reformas integrales de pisos y viviendas","article_modified_time":"2025-05-28T09:08:38+00:00","og_image":[{"url":"https:\/\/reformapisos.com\/wp-content\/uploads\/2023\/10\/119-1024x288.png"}],"twitter_card":"summary_large_image","twitter_misc":{"Tiempo de lectura":"2 minutos"},"schema":{"@context":"https:\/\/schema.org","@graph":[{"@type":"WebPage","@id":"https:\/\/reformapisos.com\/index.php\/pintores-de-pisos-para-reformas-y-reparaciones-del-hogar-en-melilla\/","url":"https:\/\/reformapisos.com\/index.php\/pintores-de-pisos-para-reformas-y-reparaciones-del-hogar-en-melilla\/","name":"Pintores de pisos para reformas y reparaciones del hogar en Melilla - Reformas integrales de pisos y viviendas","isPartOf":{"@id":"https:\/\/reformapisos.com\/#website"},"primaryImageOfPage":{"@id":"https:\/\/reformapisos.com\/index.php\/pintores-de-pisos-para-reformas-y-reparaciones-del-hogar-en-melilla\/#primaryimage"},"image":{"@id":"https:\/\/reformapisos.com\/index.php\/pintores-de-pisos-para-reformas-y-reparaciones-del-hogar-en-melilla\/#primaryimage"},"thumbnailUrl":"https:\/\/reformapisos.com\/wp-content\/uploads\/2023\/10\/119-1024x288.png","datePublished":"2023-10-10T11:48:57+00:00","dateModified":"2025-05-28T09:08:38+00:00","breadcrumb":{"@id":"https:\/\/reformapisos.com\/index.php\/pintores-de-pisos-para-reformas-y-reparaciones-del-hogar-en-melilla\/#breadcrumb"},"inLanguage":"es","potentialAction":[{"@type":"ReadAction","target":["https:\/\/reformapisos.com\/index.php\/pintores-de-pisos-para-reformas-y-reparaciones-del-hogar-en-melilla\/"]}]},{"@type":"ImageObject","inLanguage":"es","@id":"https:\/\/reformapisos.com\/index.php\/pintores-de-pisos-para-reformas-y-reparaciones-del-hogar-en-melilla\/#primaryimage","url":"https:\/\/reformapisos.com\/wp-content\/uploads\/2023\/10\/119.png","contentUrl":"https:\/\/reformapisos.com\/wp-content\/uploads\/2023\/10\/119.png","width":1280,"height":360,"caption":"Pintores de pisos para reformas y reparaciones del hogar en Melilla"},{"@type":"BreadcrumbList","@id":"https:\/\/reformapisos.com\/index.php\/pintores-de-pisos-para-reformas-y-reparaciones-del-hogar-en-melilla\/#breadcrumb","itemListElement":[{"@type":"ListItem","position":1,"name":"Portada","item":"https:\/\/reformapisos.com\/"},{"@type":"ListItem","position":2,"name":"Pintores de pisos para reformas y reparaciones del hogar en Melilla"}]},{"@type":"WebSite","@id":"https:\/\/reformapisos.com\/#website","url":"https:\/\/reformapisos.com\/","name":"Reformas integrales de pisos y viviendas","description":"Otro sitio realizado con WordPress","potentialAction":[{"@type":"SearchAction","target":{"@type":"EntryPoint","urlTemplate":"https:\/\/reformapisos.com\/?s={search_term_string}"},"query-input":"required name=search_term_string"}],"inLanguage":"es"}]}},"_links":{"self":[{"href":"https:\/\/reformapisos.com\/index.php\/wp-json\/wp\/v2\/pages\/2720"}],"collection":[{"href":"https:\/\/reformapisos.com\/index.php\/wp-json\/wp\/v2\/pages"}],"about":[{"href":"https:\/\/reformapisos.com\/index.php\/wp-json\/wp\/v2\/types\/page"}],"author":[{"embeddable":true,"href":"https:\/\/reformapisos.com\/index.php\/wp-json\/wp\/v2\/users\/2"}],"replies":[{"embeddable":true,"href":"https:\/\/reformapisos.com\/index.php\/wp-json\/wp\/v2\/comments?post=2720"}],"version-history":[{"count":5,"href":"https:\/\/reformapisos.com\/index.php\/wp-json\/wp\/v2\/pages\/2720\/revisions"}],"predecessor-version":[{"id":3449,"href":"https:\/\/reformapisos.com\/index.php\/wp-json\/wp\/v2\/pages\/2720\/revisions\/3449"}],"wp:attachment":[{"href":"https:\/\/reformapisos.com\/index.php\/wp-json\/wp\/v2\/media?parent=2720"}],"curies":[{"name":"wp","href":"https:\/\/api.w.org\/{rel}","templated":true}]}}