{"id":2170,"date":"2021-05-12T10:49:39","date_gmt":"2021-05-12T10:49:39","guid":{"rendered":"https:\/\/reformapisos.com\/?post_type=product&#038;p=2170"},"modified":"2021-05-21T08:05:48","modified_gmt":"2021-05-21T08:05:48","slug":"hychika-taladro-atornillador-destorinillador-electrico-inalambrico-con-23-accesorios-1-hora-de-carga-rapida","status":"publish","type":"product","link":"https:\/\/reformapisos.com\/index.php\/product\/hychika-taladro-atornillador-destorinillador-electrico-inalambrico-con-23-accesorios-1-hora-de-carga-rapida\/","title":{"rendered":"Hychika: Taladro Atornillador  destorinillador el\u00e9ctrico Inal\u00e1mbrico con 23 accesorios, 1 hora de carga r\u00e1pida"},"content":{"rendered":"","protected":false},"excerpt":{"rendered":"Hychika, Taladro Atornillador, aprovehca los chollos de heramientas en Amazon compra ya herramientas electricas, Amazon herramientas taller, herramientas amazon ofertas, herramientas para madera, herramientas de carpinteria.","protected":false},"featured_media":2294,"comment_status":"open","ping_status":"closed","template":"","meta":[],"yoast_head":"<!-- This site is optimized with the Yoast SEO plugin v22.9 - https:\/\/yoast.com\/wordpress\/plugins\/seo\/ -->\n<title>Hychika: Taladro Atornillador destorinillador el\u00e9ctrico Inal\u00e1mbrico con 23 accesorios, 1 hora de carga r\u00e1pida - Reformas integrales de pisos y viviendas<\/title>\n<meta name=\"robots\" content=\"index, follow, max-snippet:-1, max-image-preview:large, max-video-preview:-1\" \/>\n<link rel=\"canonical\" href=\"https:\/\/reformapisos.com\/index.php\/product\/hychika-taladro-atornillador-destorinillador-electrico-inalambrico-con-23-accesorios-1-hora-de-carga-rapida\/\" \/>\n<meta property=\"og:locale\" content=\"es_ES\" \/>\n<meta property=\"og:type\" content=\"article\" \/>\n<meta property=\"og:title\" content=\"Hychika: Taladro Atornillador destorinillador el\u00e9ctrico Inal\u00e1mbrico con 23 accesorios, 1 hora de carga r\u00e1pida - Reformas integrales de pisos y viviendas\" \/>\n<meta property=\"og:description\" content=\"Hychika, Taladro Atornillador, aprovehca los chollos de heramientas en Amazon compra ya herramientas electricas, Amazon herramientas taller, herramientas amazon ofertas, herramientas para madera, herramientas de carpinteria.\" \/>\n<meta property=\"og:url\" content=\"https:\/\/reformapisos.com\/index.php\/product\/hychika-taladro-atornillador-destorinillador-electrico-inalambrico-con-23-accesorios-1-hora-de-carga-rapida\/\" \/>\n<meta property=\"og:site_name\" content=\"Reformas integrales de pisos y viviendas\" \/>\n<meta property=\"article:modified_time\" content=\"2021-05-21T08:05:48+00:00\" \/>\n<meta property=\"og:image\" content=\"https:\/\/reformapisos.com\/wp-content\/uploads\/2021\/05\/comprar-hychika-taladro-electrico-23-accesorios-amazon.jpg\" \/>\n\t<meta property=\"og:image:width\" content=\"346\" \/>\n\t<meta property=\"og:image:height\" content=\"321\" \/>\n\t<meta property=\"og:image:type\" content=\"image\/jpeg\" \/>\n<meta name=\"twitter:card\" content=\"summary_large_image\" \/>\n<script type=\"application\/ld+json\" class=\"yoast-schema-graph\">{\"@context\":\"https:\/\/schema.org\",\"@graph\":[{\"@type\":\"WebPage\",\"@id\":\"https:\/\/reformapisos.com\/index.php\/product\/hychika-taladro-atornillador-destorinillador-electrico-inalambrico-con-23-accesorios-1-hora-de-carga-rapida\/\",\"url\":\"https:\/\/reformapisos.com\/index.php\/product\/hychika-taladro-atornillador-destorinillador-electrico-inalambrico-con-23-accesorios-1-hora-de-carga-rapida\/\",\"name\":\"Hychika: Taladro Atornillador destorinillador el\u00e9ctrico Inal\u00e1mbrico con 23 accesorios, 1 hora de carga r\u00e1pida - Reformas integrales de pisos y viviendas\",\"isPartOf\":{\"@id\":\"https:\/\/reformapisos.com\/#website\"},\"primaryImageOfPage\":{\"@id\":\"https:\/\/reformapisos.com\/index.php\/product\/hychika-taladro-atornillador-destorinillador-electrico-inalambrico-con-23-accesorios-1-hora-de-carga-rapida\/#primaryimage\"},\"image\":{\"@id\":\"https:\/\/reformapisos.com\/index.php\/product\/hychika-taladro-atornillador-destorinillador-electrico-inalambrico-con-23-accesorios-1-hora-de-carga-rapida\/#primaryimage\"},\"thumbnailUrl\":\"https:\/\/reformapisos.com\/wp-content\/uploads\/2021\/05\/comprar-hychika-taladro-electrico-23-accesorios-amazon.jpg\",\"datePublished\":\"2021-05-12T10:49:39+00:00\",\"dateModified\":\"2021-05-21T08:05:48+00:00\",\"breadcrumb\":{\"@id\":\"https:\/\/reformapisos.com\/index.php\/product\/hychika-taladro-atornillador-destorinillador-electrico-inalambrico-con-23-accesorios-1-hora-de-carga-rapida\/#breadcrumb\"},\"inLanguage\":\"es\",\"potentialAction\":[{\"@type\":\"ReadAction\",\"target\":[\"https:\/\/reformapisos.com\/index.php\/product\/hychika-taladro-atornillador-destorinillador-electrico-inalambrico-con-23-accesorios-1-hora-de-carga-rapida\/\"]}]},{\"@type\":\"ImageObject\",\"inLanguage\":\"es\",\"@id\":\"https:\/\/reformapisos.com\/index.php\/product\/hychika-taladro-atornillador-destorinillador-electrico-inalambrico-con-23-accesorios-1-hora-de-carga-rapida\/#primaryimage\",\"url\":\"https:\/\/reformapisos.com\/wp-content\/uploads\/2021\/05\/comprar-hychika-taladro-electrico-23-accesorios-amazon.jpg\",\"contentUrl\":\"https:\/\/reformapisos.com\/wp-content\/uploads\/2021\/05\/comprar-hychika-taladro-electrico-23-accesorios-amazon.jpg\",\"width\":346,\"height\":321,\"caption\":\"comprar hychika taladro electrico 23 accesorios amazon\"},{\"@type\":\"BreadcrumbList\",\"@id\":\"https:\/\/reformapisos.com\/index.php\/product\/hychika-taladro-atornillador-destorinillador-electrico-inalambrico-con-23-accesorios-1-hora-de-carga-rapida\/#breadcrumb\",\"itemListElement\":[{\"@type\":\"ListItem\",\"position\":1,\"name\":\"Portada\",\"item\":\"https:\/\/reformapisos.com\/\"},{\"@type\":\"ListItem\",\"position\":2,\"name\":\"Shop\",\"item\":\"https:\/\/reformapisos.com\/index.php\/shop\/\"},{\"@type\":\"ListItem\",\"position\":3,\"name\":\"Hychika: Taladro Atornillador destorinillador el\u00e9ctrico Inal\u00e1mbrico con 23 accesorios, 1 hora de carga r\u00e1pida\"}]},{\"@type\":\"WebSite\",\"@id\":\"https:\/\/reformapisos.com\/#website\",\"url\":\"https:\/\/reformapisos.com\/\",\"name\":\"Reformas integrales de pisos y viviendas\",\"description\":\"Otro sitio realizado con WordPress\",\"potentialAction\":[{\"@type\":\"SearchAction\",\"target\":{\"@type\":\"EntryPoint\",\"urlTemplate\":\"https:\/\/reformapisos.com\/?s={search_term_string}\"},\"query-input\":\"required name=search_term_string\"}],\"inLanguage\":\"es\"}]}<\/script>\n<!-- \/ Yoast SEO plugin. -->","yoast_head_json":{"title":"Hychika: Taladro Atornillador destorinillador el\u00e9ctrico Inal\u00e1mbrico con 23 accesorios, 1 hora de carga r\u00e1pida - Reformas integrales de pisos y viviendas","robots":{"index":"index","follow":"follow","max-snippet":"max-snippet:-1","max-image-preview":"max-image-preview:large","max-video-preview":"max-video-preview:-1"},"canonical":"https:\/\/reformapisos.com\/index.php\/product\/hychika-taladro-atornillador-destorinillador-electrico-inalambrico-con-23-accesorios-1-hora-de-carga-rapida\/","og_locale":"es_ES","og_type":"article","og_title":"Hychika: Taladro Atornillador destorinillador el\u00e9ctrico Inal\u00e1mbrico con 23 accesorios, 1 hora de carga r\u00e1pida - Reformas integrales de pisos y viviendas","og_description":"Hychika, Taladro Atornillador, aprovehca los chollos de heramientas en Amazon compra ya herramientas electricas, Amazon herramientas taller, herramientas amazon ofertas, herramientas para madera, herramientas de carpinteria.","og_url":"https:\/\/reformapisos.com\/index.php\/product\/hychika-taladro-atornillador-destorinillador-electrico-inalambrico-con-23-accesorios-1-hora-de-carga-rapida\/","og_site_name":"Reformas integrales de pisos y viviendas","article_modified_time":"2021-05-21T08:05:48+00:00","og_image":[{"width":346,"height":321,"url":"https:\/\/reformapisos.com\/wp-content\/uploads\/2021\/05\/comprar-hychika-taladro-electrico-23-accesorios-amazon.jpg","type":"image\/jpeg"}],"twitter_card":"summary_large_image","schema":{"@context":"https:\/\/schema.org","@graph":[{"@type":"WebPage","@id":"https:\/\/reformapisos.com\/index.php\/product\/hychika-taladro-atornillador-destorinillador-electrico-inalambrico-con-23-accesorios-1-hora-de-carga-rapida\/","url":"https:\/\/reformapisos.com\/index.php\/product\/hychika-taladro-atornillador-destorinillador-electrico-inalambrico-con-23-accesorios-1-hora-de-carga-rapida\/","name":"Hychika: Taladro Atornillador destorinillador el\u00e9ctrico Inal\u00e1mbrico con 23 accesorios, 1 hora de carga r\u00e1pida - Reformas integrales de pisos y viviendas","isPartOf":{"@id":"https:\/\/reformapisos.com\/#website"},"primaryImageOfPage":{"@id":"https:\/\/reformapisos.com\/index.php\/product\/hychika-taladro-atornillador-destorinillador-electrico-inalambrico-con-23-accesorios-1-hora-de-carga-rapida\/#primaryimage"},"image":{"@id":"https:\/\/reformapisos.com\/index.php\/product\/hychika-taladro-atornillador-destorinillador-electrico-inalambrico-con-23-accesorios-1-hora-de-carga-rapida\/#primaryimage"},"thumbnailUrl":"https:\/\/reformapisos.com\/wp-content\/uploads\/2021\/05\/comprar-hychika-taladro-electrico-23-accesorios-amazon.jpg","datePublished":"2021-05-12T10:49:39+00:00","dateModified":"2021-05-21T08:05:48+00:00","breadcrumb":{"@id":"https:\/\/reformapisos.com\/index.php\/product\/hychika-taladro-atornillador-destorinillador-electrico-inalambrico-con-23-accesorios-1-hora-de-carga-rapida\/#breadcrumb"},"inLanguage":"es","potentialAction":[{"@type":"ReadAction","target":["https:\/\/reformapisos.com\/index.php\/product\/hychika-taladro-atornillador-destorinillador-electrico-inalambrico-con-23-accesorios-1-hora-de-carga-rapida\/"]}]},{"@type":"ImageObject","inLanguage":"es","@id":"https:\/\/reformapisos.com\/index.php\/product\/hychika-taladro-atornillador-destorinillador-electrico-inalambrico-con-23-accesorios-1-hora-de-carga-rapida\/#primaryimage","url":"https:\/\/reformapisos.com\/wp-content\/uploads\/2021\/05\/comprar-hychika-taladro-electrico-23-accesorios-amazon.jpg","contentUrl":"https:\/\/reformapisos.com\/wp-content\/uploads\/2021\/05\/comprar-hychika-taladro-electrico-23-accesorios-amazon.jpg","width":346,"height":321,"caption":"comprar hychika taladro electrico 23 accesorios amazon"},{"@type":"BreadcrumbList","@id":"https:\/\/reformapisos.com\/index.php\/product\/hychika-taladro-atornillador-destorinillador-electrico-inalambrico-con-23-accesorios-1-hora-de-carga-rapida\/#breadcrumb","itemListElement":[{"@type":"ListItem","position":1,"name":"Portada","item":"https:\/\/reformapisos.com\/"},{"@type":"ListItem","position":2,"name":"Shop","item":"https:\/\/reformapisos.com\/index.php\/shop\/"},{"@type":"ListItem","position":3,"name":"Hychika: Taladro Atornillador destorinillador el\u00e9ctrico Inal\u00e1mbrico con 23 accesorios, 1 hora de carga r\u00e1pida"}]},{"@type":"WebSite","@id":"https:\/\/reformapisos.com\/#website","url":"https:\/\/reformapisos.com\/","name":"Reformas integrales de pisos y viviendas","description":"Otro sitio realizado con WordPress","potentialAction":[{"@type":"SearchAction","target":{"@type":"EntryPoint","urlTemplate":"https:\/\/reformapisos.com\/?s={search_term_string}"},"query-input":"required name=search_term_string"}],"inLanguage":"es"}]}},"_links":{"self":[{"href":"https:\/\/reformapisos.com\/index.php\/wp-json\/wp\/v2\/product\/2170"}],"collection":[{"href":"https:\/\/reformapisos.com\/index.php\/wp-json\/wp\/v2\/product"}],"about":[{"href":"https:\/\/reformapisos.com\/index.php\/wp-json\/wp\/v2\/types\/product"}],"replies":[{"embeddable":true,"href":"https:\/\/reformapisos.com\/index.php\/wp-json\/wp\/v2\/comments?post=2170"}],"wp:featuredmedia":[{"embeddable":true,"href":"https:\/\/reformapisos.com\/index.php\/wp-json\/wp\/v2\/media\/2294"}],"wp:attachment":[{"href":"https:\/\/reformapisos.com\/index.php\/wp-json\/wp\/v2\/media?parent=2170"}],"curies":[{"name":"wp","href":"https:\/\/api.w.org\/{rel}","templated":true}]}}