{"id":2191,"date":"2021-05-13T07:18:29","date_gmt":"2021-05-13T07:18:29","guid":{"rendered":"https:\/\/reformapisos.com\/?post_type=product&#038;p=2191"},"modified":"2021-05-21T08:55:09","modified_gmt":"2021-05-21T08:55:09","slug":"kambo-lampara-de-techo-cuadrada-para-bano-cocina-sala-dormitorio-pasillo-habitacion-clase-de-eficiencia-energetica-a","status":"publish","type":"product","link":"https:\/\/reformapisos.com\/index.php\/product\/kambo-lampara-de-techo-cuadrada-para-bano-cocina-sala-dormitorio-pasillo-habitacion-clase-de-eficiencia-energetica-a\/","title":{"rendered":"Kambo: L\u00e1mpara de Techo cuadrada para Ba\u00f1o, Cocina, Sala, Dormitorio, Pasillo, Habitaci\u00f3n clase de eficiencia energ\u00e9tica A+"},"content":{"rendered":"","protected":false},"excerpt":{"rendered":"Kambo, L\u00e1mpara de Techo, s\u00ed buscas l\u00e1mparas baratas en Amazon este producto te encantar\u00e1 compra ya amazon l\u00e1mparas de techo led, amazon lamparas de techo modernas, l\u00e1mparas amazon dormitorio","protected":false},"featured_media":2325,"comment_status":"open","ping_status":"closed","template":"","meta":[],"yoast_head":"<!-- This site is optimized with the Yoast SEO plugin v22.9 - https:\/\/yoast.com\/wordpress\/plugins\/seo\/ -->\n<title>Kambo: L\u00e1mpara de Techo cuadrada para Ba\u00f1o, Cocina, Sala, Dormitorio, Pasillo, Habitaci\u00f3n clase de eficiencia energ\u00e9tica A+ - Reformas integrales de pisos y viviendas<\/title>\n<meta name=\"robots\" content=\"index, follow, max-snippet:-1, max-image-preview:large, max-video-preview:-1\" \/>\n<link rel=\"canonical\" href=\"https:\/\/reformapisos.com\/index.php\/product\/kambo-lampara-de-techo-cuadrada-para-bano-cocina-sala-dormitorio-pasillo-habitacion-clase-de-eficiencia-energetica-a\/\" \/>\n<meta property=\"og:locale\" content=\"es_ES\" \/>\n<meta property=\"og:type\" content=\"article\" \/>\n<meta property=\"og:title\" content=\"Kambo: L\u00e1mpara de Techo cuadrada para Ba\u00f1o, Cocina, Sala, Dormitorio, Pasillo, Habitaci\u00f3n clase de eficiencia energ\u00e9tica A+ - Reformas integrales de pisos y viviendas\" \/>\n<meta property=\"og:description\" content=\"Kambo, L\u00e1mpara de Techo, s\u00ed buscas l\u00e1mparas baratas en Amazon este producto te encantar\u00e1 compra ya amazon l\u00e1mparas de techo led, amazon lamparas de techo modernas, l\u00e1mparas amazon dormitorio\" \/>\n<meta property=\"og:url\" content=\"https:\/\/reformapisos.com\/index.php\/product\/kambo-lampara-de-techo-cuadrada-para-bano-cocina-sala-dormitorio-pasillo-habitacion-clase-de-eficiencia-energetica-a\/\" \/>\n<meta property=\"og:site_name\" content=\"Reformas integrales de pisos y viviendas\" \/>\n<meta property=\"article:modified_time\" content=\"2021-05-21T08:55:09+00:00\" \/>\n<meta property=\"og:image\" content=\"https:\/\/reformapisos.com\/wp-content\/uploads\/2021\/05\/comprar-l\u00e1mpara-techo-amazon-2.jpg\" \/>\n\t<meta property=\"og:image:width\" content=\"664\" \/>\n\t<meta property=\"og:image:height\" content=\"485\" \/>\n\t<meta property=\"og:image:type\" content=\"image\/jpeg\" \/>\n<meta name=\"twitter:card\" content=\"summary_large_image\" \/>\n<script type=\"application\/ld+json\" class=\"yoast-schema-graph\">{\"@context\":\"https:\/\/schema.org\",\"@graph\":[{\"@type\":\"WebPage\",\"@id\":\"https:\/\/reformapisos.com\/index.php\/product\/kambo-lampara-de-techo-cuadrada-para-bano-cocina-sala-dormitorio-pasillo-habitacion-clase-de-eficiencia-energetica-a\/\",\"url\":\"https:\/\/reformapisos.com\/index.php\/product\/kambo-lampara-de-techo-cuadrada-para-bano-cocina-sala-dormitorio-pasillo-habitacion-clase-de-eficiencia-energetica-a\/\",\"name\":\"Kambo: L\u00e1mpara de Techo cuadrada para Ba\u00f1o, Cocina, Sala, Dormitorio, Pasillo, Habitaci\u00f3n clase de eficiencia energ\u00e9tica A+ - Reformas integrales de pisos y viviendas\",\"isPartOf\":{\"@id\":\"https:\/\/reformapisos.com\/#website\"},\"primaryImageOfPage\":{\"@id\":\"https:\/\/reformapisos.com\/index.php\/product\/kambo-lampara-de-techo-cuadrada-para-bano-cocina-sala-dormitorio-pasillo-habitacion-clase-de-eficiencia-energetica-a\/#primaryimage\"},\"image\":{\"@id\":\"https:\/\/reformapisos.com\/index.php\/product\/kambo-lampara-de-techo-cuadrada-para-bano-cocina-sala-dormitorio-pasillo-habitacion-clase-de-eficiencia-energetica-a\/#primaryimage\"},\"thumbnailUrl\":\"https:\/\/reformapisos.com\/wp-content\/uploads\/2021\/05\/comprar-l\u00e1mpara-techo-amazon-2.jpg\",\"datePublished\":\"2021-05-13T07:18:29+00:00\",\"dateModified\":\"2021-05-21T08:55:09+00:00\",\"breadcrumb\":{\"@id\":\"https:\/\/reformapisos.com\/index.php\/product\/kambo-lampara-de-techo-cuadrada-para-bano-cocina-sala-dormitorio-pasillo-habitacion-clase-de-eficiencia-energetica-a\/#breadcrumb\"},\"inLanguage\":\"es\",\"potentialAction\":[{\"@type\":\"ReadAction\",\"target\":[\"https:\/\/reformapisos.com\/index.php\/product\/kambo-lampara-de-techo-cuadrada-para-bano-cocina-sala-dormitorio-pasillo-habitacion-clase-de-eficiencia-energetica-a\/\"]}]},{\"@type\":\"ImageObject\",\"inLanguage\":\"es\",\"@id\":\"https:\/\/reformapisos.com\/index.php\/product\/kambo-lampara-de-techo-cuadrada-para-bano-cocina-sala-dormitorio-pasillo-habitacion-clase-de-eficiencia-energetica-a\/#primaryimage\",\"url\":\"https:\/\/reformapisos.com\/wp-content\/uploads\/2021\/05\/comprar-l\u00e1mpara-techo-amazon-2.jpg\",\"contentUrl\":\"https:\/\/reformapisos.com\/wp-content\/uploads\/2021\/05\/comprar-l\u00e1mpara-techo-amazon-2.jpg\",\"width\":664,\"height\":485},{\"@type\":\"BreadcrumbList\",\"@id\":\"https:\/\/reformapisos.com\/index.php\/product\/kambo-lampara-de-techo-cuadrada-para-bano-cocina-sala-dormitorio-pasillo-habitacion-clase-de-eficiencia-energetica-a\/#breadcrumb\",\"itemListElement\":[{\"@type\":\"ListItem\",\"position\":1,\"name\":\"Portada\",\"item\":\"https:\/\/reformapisos.com\/\"},{\"@type\":\"ListItem\",\"position\":2,\"name\":\"Shop\",\"item\":\"https:\/\/reformapisos.com\/index.php\/shop\/\"},{\"@type\":\"ListItem\",\"position\":3,\"name\":\"Kambo: L\u00e1mpara de Techo cuadrada para Ba\u00f1o, Cocina, Sala, Dormitorio, Pasillo, Habitaci\u00f3n clase de eficiencia energ\u00e9tica A+\"}]},{\"@type\":\"WebSite\",\"@id\":\"https:\/\/reformapisos.com\/#website\",\"url\":\"https:\/\/reformapisos.com\/\",\"name\":\"Reformas integrales de pisos y viviendas\",\"description\":\"Otro sitio realizado con WordPress\",\"potentialAction\":[{\"@type\":\"SearchAction\",\"target\":{\"@type\":\"EntryPoint\",\"urlTemplate\":\"https:\/\/reformapisos.com\/?s={search_term_string}\"},\"query-input\":\"required name=search_term_string\"}],\"inLanguage\":\"es\"}]}<\/script>\n<!-- \/ Yoast SEO plugin. -->","yoast_head_json":{"title":"Kambo: L\u00e1mpara de Techo cuadrada para Ba\u00f1o, Cocina, Sala, Dormitorio, Pasillo, Habitaci\u00f3n clase de eficiencia energ\u00e9tica A+ - Reformas integrales de pisos y viviendas","robots":{"index":"index","follow":"follow","max-snippet":"max-snippet:-1","max-image-preview":"max-image-preview:large","max-video-preview":"max-video-preview:-1"},"canonical":"https:\/\/reformapisos.com\/index.php\/product\/kambo-lampara-de-techo-cuadrada-para-bano-cocina-sala-dormitorio-pasillo-habitacion-clase-de-eficiencia-energetica-a\/","og_locale":"es_ES","og_type":"article","og_title":"Kambo: L\u00e1mpara de Techo cuadrada para Ba\u00f1o, Cocina, Sala, Dormitorio, Pasillo, Habitaci\u00f3n clase de eficiencia energ\u00e9tica A+ - Reformas integrales de pisos y viviendas","og_description":"Kambo, L\u00e1mpara de Techo, s\u00ed buscas l\u00e1mparas baratas en Amazon este producto te encantar\u00e1 compra ya amazon l\u00e1mparas de techo led, amazon lamparas de techo modernas, l\u00e1mparas amazon dormitorio","og_url":"https:\/\/reformapisos.com\/index.php\/product\/kambo-lampara-de-techo-cuadrada-para-bano-cocina-sala-dormitorio-pasillo-habitacion-clase-de-eficiencia-energetica-a\/","og_site_name":"Reformas integrales de pisos y viviendas","article_modified_time":"2021-05-21T08:55:09+00:00","og_image":[{"width":664,"height":485,"url":"https:\/\/reformapisos.com\/wp-content\/uploads\/2021\/05\/comprar-l\u00e1mpara-techo-amazon-2.jpg","type":"image\/jpeg"}],"twitter_card":"summary_large_image","schema":{"@context":"https:\/\/schema.org","@graph":[{"@type":"WebPage","@id":"https:\/\/reformapisos.com\/index.php\/product\/kambo-lampara-de-techo-cuadrada-para-bano-cocina-sala-dormitorio-pasillo-habitacion-clase-de-eficiencia-energetica-a\/","url":"https:\/\/reformapisos.com\/index.php\/product\/kambo-lampara-de-techo-cuadrada-para-bano-cocina-sala-dormitorio-pasillo-habitacion-clase-de-eficiencia-energetica-a\/","name":"Kambo: L\u00e1mpara de Techo cuadrada para Ba\u00f1o, Cocina, Sala, Dormitorio, Pasillo, Habitaci\u00f3n clase de eficiencia energ\u00e9tica A+ - Reformas integrales de pisos y viviendas","isPartOf":{"@id":"https:\/\/reformapisos.com\/#website"},"primaryImageOfPage":{"@id":"https:\/\/reformapisos.com\/index.php\/product\/kambo-lampara-de-techo-cuadrada-para-bano-cocina-sala-dormitorio-pasillo-habitacion-clase-de-eficiencia-energetica-a\/#primaryimage"},"image":{"@id":"https:\/\/reformapisos.com\/index.php\/product\/kambo-lampara-de-techo-cuadrada-para-bano-cocina-sala-dormitorio-pasillo-habitacion-clase-de-eficiencia-energetica-a\/#primaryimage"},"thumbnailUrl":"https:\/\/reformapisos.com\/wp-content\/uploads\/2021\/05\/comprar-l\u00e1mpara-techo-amazon-2.jpg","datePublished":"2021-05-13T07:18:29+00:00","dateModified":"2021-05-21T08:55:09+00:00","breadcrumb":{"@id":"https:\/\/reformapisos.com\/index.php\/product\/kambo-lampara-de-techo-cuadrada-para-bano-cocina-sala-dormitorio-pasillo-habitacion-clase-de-eficiencia-energetica-a\/#breadcrumb"},"inLanguage":"es","potentialAction":[{"@type":"ReadAction","target":["https:\/\/reformapisos.com\/index.php\/product\/kambo-lampara-de-techo-cuadrada-para-bano-cocina-sala-dormitorio-pasillo-habitacion-clase-de-eficiencia-energetica-a\/"]}]},{"@type":"ImageObject","inLanguage":"es","@id":"https:\/\/reformapisos.com\/index.php\/product\/kambo-lampara-de-techo-cuadrada-para-bano-cocina-sala-dormitorio-pasillo-habitacion-clase-de-eficiencia-energetica-a\/#primaryimage","url":"https:\/\/reformapisos.com\/wp-content\/uploads\/2021\/05\/comprar-l\u00e1mpara-techo-amazon-2.jpg","contentUrl":"https:\/\/reformapisos.com\/wp-content\/uploads\/2021\/05\/comprar-l\u00e1mpara-techo-amazon-2.jpg","width":664,"height":485},{"@type":"BreadcrumbList","@id":"https:\/\/reformapisos.com\/index.php\/product\/kambo-lampara-de-techo-cuadrada-para-bano-cocina-sala-dormitorio-pasillo-habitacion-clase-de-eficiencia-energetica-a\/#breadcrumb","itemListElement":[{"@type":"ListItem","position":1,"name":"Portada","item":"https:\/\/reformapisos.com\/"},{"@type":"ListItem","position":2,"name":"Shop","item":"https:\/\/reformapisos.com\/index.php\/shop\/"},{"@type":"ListItem","position":3,"name":"Kambo: L\u00e1mpara de Techo cuadrada para Ba\u00f1o, Cocina, Sala, Dormitorio, Pasillo, Habitaci\u00f3n clase de eficiencia energ\u00e9tica A+"}]},{"@type":"WebSite","@id":"https:\/\/reformapisos.com\/#website","url":"https:\/\/reformapisos.com\/","name":"Reformas integrales de pisos y viviendas","description":"Otro sitio realizado con WordPress","potentialAction":[{"@type":"SearchAction","target":{"@type":"EntryPoint","urlTemplate":"https:\/\/reformapisos.com\/?s={search_term_string}"},"query-input":"required name=search_term_string"}],"inLanguage":"es"}]}},"_links":{"self":[{"href":"https:\/\/reformapisos.com\/index.php\/wp-json\/wp\/v2\/product\/2191"}],"collection":[{"href":"https:\/\/reformapisos.com\/index.php\/wp-json\/wp\/v2\/product"}],"about":[{"href":"https:\/\/reformapisos.com\/index.php\/wp-json\/wp\/v2\/types\/product"}],"replies":[{"embeddable":true,"href":"https:\/\/reformapisos.com\/index.php\/wp-json\/wp\/v2\/comments?post=2191"}],"wp:featuredmedia":[{"embeddable":true,"href":"https:\/\/reformapisos.com\/index.php\/wp-json\/wp\/v2\/media\/2325"}],"wp:attachment":[{"href":"https:\/\/reformapisos.com\/index.php\/wp-json\/wp\/v2\/media?parent=2191"}],"curies":[{"name":"wp","href":"https:\/\/api.w.org\/{rel}","templated":true}]}}