{"id":2193,"date":"2021-05-13T07:23:45","date_gmt":"2021-05-13T07:23:45","guid":{"rendered":"https:\/\/reformapisos.com\/?post_type=product&#038;p=2193"},"modified":"2021-05-21T08:39:51","modified_gmt":"2021-05-21T08:39:51","slug":"lampara-led-para-habitaciones-humedas-garaje-sotano-oficina-tallern-4000-4500k-luz-diurna-resistente-al-agua-1-pieza-clase-de-eficiencia-enrgetica-a","status":"publish","type":"product","link":"https:\/\/reformapisos.com\/index.php\/product\/lampara-led-para-habitaciones-humedas-garaje-sotano-oficina-tallern-4000-4500k-luz-diurna-resistente-al-agua-1-pieza-clase-de-eficiencia-enrgetica-a\/","title":{"rendered":"L\u00e1mpara led para Habitaciones h\u00famedas garaje, s\u00f3tano, oficina, tallern 4000 4500k luz diurna resistente al agua 1 pieza clase de eficiencia enrg\u00e9tica A+"},"content":{"rendered":"","protected":false},"excerpt":{"rendered":"L\u00e1mpara led, s\u00ed buscas l\u00e1mparas baratas en Amazon este producto te encantar\u00e1, compra ya amazon lamparas de techo led, amazon iluminaci\u00f3n interior","protected":false},"featured_media":2321,"comment_status":"open","ping_status":"closed","template":"","meta":[],"yoast_head":"<!-- This site is optimized with the Yoast SEO plugin v22.9 - https:\/\/yoast.com\/wordpress\/plugins\/seo\/ -->\n<title>L\u00e1mpara led para Habitaciones h\u00famedas garaje, s\u00f3tano, oficina, tallern 4000 4500k luz diurna resistente al agua 1 pieza clase de eficiencia enrg\u00e9tica A+ - Reformas integrales de pisos y viviendas<\/title>\n<meta name=\"robots\" content=\"index, follow, max-snippet:-1, max-image-preview:large, max-video-preview:-1\" \/>\n<link rel=\"canonical\" href=\"https:\/\/reformapisos.com\/index.php\/product\/lampara-led-para-habitaciones-humedas-garaje-sotano-oficina-tallern-4000-4500k-luz-diurna-resistente-al-agua-1-pieza-clase-de-eficiencia-enrgetica-a\/\" \/>\n<meta property=\"og:locale\" content=\"es_ES\" \/>\n<meta property=\"og:type\" content=\"article\" \/>\n<meta property=\"og:title\" content=\"L\u00e1mpara led para Habitaciones h\u00famedas garaje, s\u00f3tano, oficina, tallern 4000 4500k luz diurna resistente al agua 1 pieza clase de eficiencia enrg\u00e9tica A+ - Reformas integrales de pisos y viviendas\" \/>\n<meta property=\"og:description\" content=\"L\u00e1mpara led, s\u00ed buscas l\u00e1mparas baratas en Amazon este producto te encantar\u00e1, compra ya amazon lamparas de techo led, amazon iluminaci\u00f3n interior\" \/>\n<meta property=\"og:url\" content=\"https:\/\/reformapisos.com\/index.php\/product\/lampara-led-para-habitaciones-humedas-garaje-sotano-oficina-tallern-4000-4500k-luz-diurna-resistente-al-agua-1-pieza-clase-de-eficiencia-enrgetica-a\/\" \/>\n<meta property=\"og:site_name\" content=\"Reformas integrales de pisos y viviendas\" \/>\n<meta property=\"article:modified_time\" content=\"2021-05-21T08:39:51+00:00\" \/>\n<meta property=\"og:image\" content=\"https:\/\/reformapisos.com\/wp-content\/uploads\/2021\/05\/comprar-l\u00e1mpara-led-interior-resistente-al-agua-amazon.jpg\" \/>\n\t<meta property=\"og:image:width\" content=\"666\" \/>\n\t<meta property=\"og:image:height\" content=\"549\" \/>\n\t<meta property=\"og:image:type\" content=\"image\/jpeg\" \/>\n<meta name=\"twitter:card\" content=\"summary_large_image\" \/>\n<script type=\"application\/ld+json\" class=\"yoast-schema-graph\">{\"@context\":\"https:\/\/schema.org\",\"@graph\":[{\"@type\":\"WebPage\",\"@id\":\"https:\/\/reformapisos.com\/index.php\/product\/lampara-led-para-habitaciones-humedas-garaje-sotano-oficina-tallern-4000-4500k-luz-diurna-resistente-al-agua-1-pieza-clase-de-eficiencia-enrgetica-a\/\",\"url\":\"https:\/\/reformapisos.com\/index.php\/product\/lampara-led-para-habitaciones-humedas-garaje-sotano-oficina-tallern-4000-4500k-luz-diurna-resistente-al-agua-1-pieza-clase-de-eficiencia-enrgetica-a\/\",\"name\":\"L\u00e1mpara led para Habitaciones h\u00famedas garaje, s\u00f3tano, oficina, tallern 4000 4500k luz diurna resistente al agua 1 pieza clase de eficiencia enrg\u00e9tica A+ - Reformas integrales de pisos y viviendas\",\"isPartOf\":{\"@id\":\"https:\/\/reformapisos.com\/#website\"},\"primaryImageOfPage\":{\"@id\":\"https:\/\/reformapisos.com\/index.php\/product\/lampara-led-para-habitaciones-humedas-garaje-sotano-oficina-tallern-4000-4500k-luz-diurna-resistente-al-agua-1-pieza-clase-de-eficiencia-enrgetica-a\/#primaryimage\"},\"image\":{\"@id\":\"https:\/\/reformapisos.com\/index.php\/product\/lampara-led-para-habitaciones-humedas-garaje-sotano-oficina-tallern-4000-4500k-luz-diurna-resistente-al-agua-1-pieza-clase-de-eficiencia-enrgetica-a\/#primaryimage\"},\"thumbnailUrl\":\"https:\/\/reformapisos.com\/wp-content\/uploads\/2021\/05\/comprar-l\u00e1mpara-led-interior-resistente-al-agua-amazon.jpg\",\"datePublished\":\"2021-05-13T07:23:45+00:00\",\"dateModified\":\"2021-05-21T08:39:51+00:00\",\"breadcrumb\":{\"@id\":\"https:\/\/reformapisos.com\/index.php\/product\/lampara-led-para-habitaciones-humedas-garaje-sotano-oficina-tallern-4000-4500k-luz-diurna-resistente-al-agua-1-pieza-clase-de-eficiencia-enrgetica-a\/#breadcrumb\"},\"inLanguage\":\"es\",\"potentialAction\":[{\"@type\":\"ReadAction\",\"target\":[\"https:\/\/reformapisos.com\/index.php\/product\/lampara-led-para-habitaciones-humedas-garaje-sotano-oficina-tallern-4000-4500k-luz-diurna-resistente-al-agua-1-pieza-clase-de-eficiencia-enrgetica-a\/\"]}]},{\"@type\":\"ImageObject\",\"inLanguage\":\"es\",\"@id\":\"https:\/\/reformapisos.com\/index.php\/product\/lampara-led-para-habitaciones-humedas-garaje-sotano-oficina-tallern-4000-4500k-luz-diurna-resistente-al-agua-1-pieza-clase-de-eficiencia-enrgetica-a\/#primaryimage\",\"url\":\"https:\/\/reformapisos.com\/wp-content\/uploads\/2021\/05\/comprar-l\u00e1mpara-led-interior-resistente-al-agua-amazon.jpg\",\"contentUrl\":\"https:\/\/reformapisos.com\/wp-content\/uploads\/2021\/05\/comprar-l\u00e1mpara-led-interior-resistente-al-agua-amazon.jpg\",\"width\":666,\"height\":549,\"caption\":\"comprar l\u00e1mpara led interior resistente al agua amazon\"},{\"@type\":\"BreadcrumbList\",\"@id\":\"https:\/\/reformapisos.com\/index.php\/product\/lampara-led-para-habitaciones-humedas-garaje-sotano-oficina-tallern-4000-4500k-luz-diurna-resistente-al-agua-1-pieza-clase-de-eficiencia-enrgetica-a\/#breadcrumb\",\"itemListElement\":[{\"@type\":\"ListItem\",\"position\":1,\"name\":\"Portada\",\"item\":\"https:\/\/reformapisos.com\/\"},{\"@type\":\"ListItem\",\"position\":2,\"name\":\"Shop\",\"item\":\"https:\/\/reformapisos.com\/index.php\/shop\/\"},{\"@type\":\"ListItem\",\"position\":3,\"name\":\"L\u00e1mpara led para Habitaciones h\u00famedas garaje, s\u00f3tano, oficina, tallern 4000 4500k luz diurna resistente al agua 1 pieza clase de eficiencia enrg\u00e9tica A+\"}]},{\"@type\":\"WebSite\",\"@id\":\"https:\/\/reformapisos.com\/#website\",\"url\":\"https:\/\/reformapisos.com\/\",\"name\":\"Reformas integrales de pisos y viviendas\",\"description\":\"Otro sitio realizado con WordPress\",\"potentialAction\":[{\"@type\":\"SearchAction\",\"target\":{\"@type\":\"EntryPoint\",\"urlTemplate\":\"https:\/\/reformapisos.com\/?s={search_term_string}\"},\"query-input\":\"required name=search_term_string\"}],\"inLanguage\":\"es\"}]}<\/script>\n<!-- \/ Yoast SEO plugin. -->","yoast_head_json":{"title":"L\u00e1mpara led para Habitaciones h\u00famedas garaje, s\u00f3tano, oficina, tallern 4000 4500k luz diurna resistente al agua 1 pieza clase de eficiencia enrg\u00e9tica A+ - Reformas integrales de pisos y viviendas","robots":{"index":"index","follow":"follow","max-snippet":"max-snippet:-1","max-image-preview":"max-image-preview:large","max-video-preview":"max-video-preview:-1"},"canonical":"https:\/\/reformapisos.com\/index.php\/product\/lampara-led-para-habitaciones-humedas-garaje-sotano-oficina-tallern-4000-4500k-luz-diurna-resistente-al-agua-1-pieza-clase-de-eficiencia-enrgetica-a\/","og_locale":"es_ES","og_type":"article","og_title":"L\u00e1mpara led para Habitaciones h\u00famedas garaje, s\u00f3tano, oficina, tallern 4000 4500k luz diurna resistente al agua 1 pieza clase de eficiencia enrg\u00e9tica A+ - Reformas integrales de pisos y viviendas","og_description":"L\u00e1mpara led, s\u00ed buscas l\u00e1mparas baratas en Amazon este producto te encantar\u00e1, compra ya amazon lamparas de techo led, amazon iluminaci\u00f3n interior","og_url":"https:\/\/reformapisos.com\/index.php\/product\/lampara-led-para-habitaciones-humedas-garaje-sotano-oficina-tallern-4000-4500k-luz-diurna-resistente-al-agua-1-pieza-clase-de-eficiencia-enrgetica-a\/","og_site_name":"Reformas integrales de pisos y viviendas","article_modified_time":"2021-05-21T08:39:51+00:00","og_image":[{"width":666,"height":549,"url":"https:\/\/reformapisos.com\/wp-content\/uploads\/2021\/05\/comprar-l\u00e1mpara-led-interior-resistente-al-agua-amazon.jpg","type":"image\/jpeg"}],"twitter_card":"summary_large_image","schema":{"@context":"https:\/\/schema.org","@graph":[{"@type":"WebPage","@id":"https:\/\/reformapisos.com\/index.php\/product\/lampara-led-para-habitaciones-humedas-garaje-sotano-oficina-tallern-4000-4500k-luz-diurna-resistente-al-agua-1-pieza-clase-de-eficiencia-enrgetica-a\/","url":"https:\/\/reformapisos.com\/index.php\/product\/lampara-led-para-habitaciones-humedas-garaje-sotano-oficina-tallern-4000-4500k-luz-diurna-resistente-al-agua-1-pieza-clase-de-eficiencia-enrgetica-a\/","name":"L\u00e1mpara led para Habitaciones h\u00famedas garaje, s\u00f3tano, oficina, tallern 4000 4500k luz diurna resistente al agua 1 pieza clase de eficiencia enrg\u00e9tica A+ - Reformas integrales de pisos y viviendas","isPartOf":{"@id":"https:\/\/reformapisos.com\/#website"},"primaryImageOfPage":{"@id":"https:\/\/reformapisos.com\/index.php\/product\/lampara-led-para-habitaciones-humedas-garaje-sotano-oficina-tallern-4000-4500k-luz-diurna-resistente-al-agua-1-pieza-clase-de-eficiencia-enrgetica-a\/#primaryimage"},"image":{"@id":"https:\/\/reformapisos.com\/index.php\/product\/lampara-led-para-habitaciones-humedas-garaje-sotano-oficina-tallern-4000-4500k-luz-diurna-resistente-al-agua-1-pieza-clase-de-eficiencia-enrgetica-a\/#primaryimage"},"thumbnailUrl":"https:\/\/reformapisos.com\/wp-content\/uploads\/2021\/05\/comprar-l\u00e1mpara-led-interior-resistente-al-agua-amazon.jpg","datePublished":"2021-05-13T07:23:45+00:00","dateModified":"2021-05-21T08:39:51+00:00","breadcrumb":{"@id":"https:\/\/reformapisos.com\/index.php\/product\/lampara-led-para-habitaciones-humedas-garaje-sotano-oficina-tallern-4000-4500k-luz-diurna-resistente-al-agua-1-pieza-clase-de-eficiencia-enrgetica-a\/#breadcrumb"},"inLanguage":"es","potentialAction":[{"@type":"ReadAction","target":["https:\/\/reformapisos.com\/index.php\/product\/lampara-led-para-habitaciones-humedas-garaje-sotano-oficina-tallern-4000-4500k-luz-diurna-resistente-al-agua-1-pieza-clase-de-eficiencia-enrgetica-a\/"]}]},{"@type":"ImageObject","inLanguage":"es","@id":"https:\/\/reformapisos.com\/index.php\/product\/lampara-led-para-habitaciones-humedas-garaje-sotano-oficina-tallern-4000-4500k-luz-diurna-resistente-al-agua-1-pieza-clase-de-eficiencia-enrgetica-a\/#primaryimage","url":"https:\/\/reformapisos.com\/wp-content\/uploads\/2021\/05\/comprar-l\u00e1mpara-led-interior-resistente-al-agua-amazon.jpg","contentUrl":"https:\/\/reformapisos.com\/wp-content\/uploads\/2021\/05\/comprar-l\u00e1mpara-led-interior-resistente-al-agua-amazon.jpg","width":666,"height":549,"caption":"comprar l\u00e1mpara led interior resistente al agua amazon"},{"@type":"BreadcrumbList","@id":"https:\/\/reformapisos.com\/index.php\/product\/lampara-led-para-habitaciones-humedas-garaje-sotano-oficina-tallern-4000-4500k-luz-diurna-resistente-al-agua-1-pieza-clase-de-eficiencia-enrgetica-a\/#breadcrumb","itemListElement":[{"@type":"ListItem","position":1,"name":"Portada","item":"https:\/\/reformapisos.com\/"},{"@type":"ListItem","position":2,"name":"Shop","item":"https:\/\/reformapisos.com\/index.php\/shop\/"},{"@type":"ListItem","position":3,"name":"L\u00e1mpara led para Habitaciones h\u00famedas garaje, s\u00f3tano, oficina, tallern 4000 4500k luz diurna resistente al agua 1 pieza clase de eficiencia enrg\u00e9tica A+"}]},{"@type":"WebSite","@id":"https:\/\/reformapisos.com\/#website","url":"https:\/\/reformapisos.com\/","name":"Reformas integrales de pisos y viviendas","description":"Otro sitio realizado con WordPress","potentialAction":[{"@type":"SearchAction","target":{"@type":"EntryPoint","urlTemplate":"https:\/\/reformapisos.com\/?s={search_term_string}"},"query-input":"required name=search_term_string"}],"inLanguage":"es"}]}},"_links":{"self":[{"href":"https:\/\/reformapisos.com\/index.php\/wp-json\/wp\/v2\/product\/2193"}],"collection":[{"href":"https:\/\/reformapisos.com\/index.php\/wp-json\/wp\/v2\/product"}],"about":[{"href":"https:\/\/reformapisos.com\/index.php\/wp-json\/wp\/v2\/types\/product"}],"replies":[{"embeddable":true,"href":"https:\/\/reformapisos.com\/index.php\/wp-json\/wp\/v2\/comments?post=2193"}],"wp:featuredmedia":[{"embeddable":true,"href":"https:\/\/reformapisos.com\/index.php\/wp-json\/wp\/v2\/media\/2321"}],"wp:attachment":[{"href":"https:\/\/reformapisos.com\/index.php\/wp-json\/wp\/v2\/media?parent=2193"}],"curies":[{"name":"wp","href":"https:\/\/api.w.org\/{rel}","templated":true}]}}