{"id":2202,"date":"2021-05-13T07:55:33","date_gmt":"2021-05-13T07:55:33","guid":{"rendered":"https:\/\/reformapisos.com\/?post_type=product&#038;p=2202"},"modified":"2021-05-21T08:18:00","modified_gmt":"2021-05-21T08:18:00","slug":"love-story-sombrilla-de-jardin-y-terraza-con-soporte-de-hierro-marrom","status":"publish","type":"product","link":"https:\/\/reformapisos.com\/index.php\/product\/love-story-sombrilla-de-jardin-y-terraza-con-soporte-de-hierro-marrom\/","title":{"rendered":"Love story: Sombrilla de Jard\u00edn y terraza con soporte de hierro marr\u00f3m"},"content":{"rendered":"","protected":false},"excerpt":{"rendered":"Love story, Sombrilla de Jard\u00edn, si quieres comprar muebles para jard\u00edn baratos online aprovecha las ventajas de Amazon Prime, compra ya muebles de jardin amazon, tumbonas jardin amazon, amazon muebles de terraza y jardin","protected":false},"featured_media":2302,"comment_status":"open","ping_status":"closed","template":"","meta":[],"yoast_head":"<!-- This site is optimized with the Yoast SEO plugin v22.9 - https:\/\/yoast.com\/wordpress\/plugins\/seo\/ -->\n<title>Love story: Sombrilla de Jard\u00edn y terraza con soporte de hierro marr\u00f3m - Reformas integrales de pisos y viviendas<\/title>\n<meta name=\"robots\" content=\"index, follow, max-snippet:-1, max-image-preview:large, max-video-preview:-1\" \/>\n<link rel=\"canonical\" href=\"https:\/\/reformapisos.com\/index.php\/product\/love-story-sombrilla-de-jardin-y-terraza-con-soporte-de-hierro-marrom\/\" \/>\n<meta property=\"og:locale\" content=\"es_ES\" \/>\n<meta property=\"og:type\" content=\"article\" \/>\n<meta property=\"og:title\" content=\"Love story: Sombrilla de Jard\u00edn y terraza con soporte de hierro marr\u00f3m - Reformas integrales de pisos y viviendas\" \/>\n<meta property=\"og:description\" content=\"Love story, Sombrilla de Jard\u00edn, si quieres comprar muebles para jard\u00edn baratos online aprovecha las ventajas de Amazon Prime, compra ya muebles de jardin amazon, tumbonas jardin amazon, amazon muebles de terraza y jardin\" \/>\n<meta property=\"og:url\" content=\"https:\/\/reformapisos.com\/index.php\/product\/love-story-sombrilla-de-jardin-y-terraza-con-soporte-de-hierro-marrom\/\" \/>\n<meta property=\"og:site_name\" content=\"Reformas integrales de pisos y viviendas\" \/>\n<meta property=\"article:modified_time\" content=\"2021-05-21T08:18:00+00:00\" \/>\n<meta property=\"og:image\" content=\"https:\/\/reformapisos.com\/wp-content\/uploads\/2021\/05\/comprar-sombrilla-de-jard\u00edn-amazon.jpg\" \/>\n\t<meta property=\"og:image:width\" content=\"719\" \/>\n\t<meta property=\"og:image:height\" content=\"542\" \/>\n\t<meta property=\"og:image:type\" content=\"image\/jpeg\" \/>\n<meta name=\"twitter:card\" content=\"summary_large_image\" \/>\n<script type=\"application\/ld+json\" class=\"yoast-schema-graph\">{\"@context\":\"https:\/\/schema.org\",\"@graph\":[{\"@type\":\"WebPage\",\"@id\":\"https:\/\/reformapisos.com\/index.php\/product\/love-story-sombrilla-de-jardin-y-terraza-con-soporte-de-hierro-marrom\/\",\"url\":\"https:\/\/reformapisos.com\/index.php\/product\/love-story-sombrilla-de-jardin-y-terraza-con-soporte-de-hierro-marrom\/\",\"name\":\"Love story: Sombrilla de Jard\u00edn y terraza con soporte de hierro marr\u00f3m - Reformas integrales de pisos y viviendas\",\"isPartOf\":{\"@id\":\"https:\/\/reformapisos.com\/#website\"},\"primaryImageOfPage\":{\"@id\":\"https:\/\/reformapisos.com\/index.php\/product\/love-story-sombrilla-de-jardin-y-terraza-con-soporte-de-hierro-marrom\/#primaryimage\"},\"image\":{\"@id\":\"https:\/\/reformapisos.com\/index.php\/product\/love-story-sombrilla-de-jardin-y-terraza-con-soporte-de-hierro-marrom\/#primaryimage\"},\"thumbnailUrl\":\"https:\/\/reformapisos.com\/wp-content\/uploads\/2021\/05\/comprar-sombrilla-de-jard\u00edn-amazon.jpg\",\"datePublished\":\"2021-05-13T07:55:33+00:00\",\"dateModified\":\"2021-05-21T08:18:00+00:00\",\"breadcrumb\":{\"@id\":\"https:\/\/reformapisos.com\/index.php\/product\/love-story-sombrilla-de-jardin-y-terraza-con-soporte-de-hierro-marrom\/#breadcrumb\"},\"inLanguage\":\"es\",\"potentialAction\":[{\"@type\":\"ReadAction\",\"target\":[\"https:\/\/reformapisos.com\/index.php\/product\/love-story-sombrilla-de-jardin-y-terraza-con-soporte-de-hierro-marrom\/\"]}]},{\"@type\":\"ImageObject\",\"inLanguage\":\"es\",\"@id\":\"https:\/\/reformapisos.com\/index.php\/product\/love-story-sombrilla-de-jardin-y-terraza-con-soporte-de-hierro-marrom\/#primaryimage\",\"url\":\"https:\/\/reformapisos.com\/wp-content\/uploads\/2021\/05\/comprar-sombrilla-de-jard\u00edn-amazon.jpg\",\"contentUrl\":\"https:\/\/reformapisos.com\/wp-content\/uploads\/2021\/05\/comprar-sombrilla-de-jard\u00edn-amazon.jpg\",\"width\":719,\"height\":542,\"caption\":\"comprar sombrilla de jard\u00edn amazon\"},{\"@type\":\"BreadcrumbList\",\"@id\":\"https:\/\/reformapisos.com\/index.php\/product\/love-story-sombrilla-de-jardin-y-terraza-con-soporte-de-hierro-marrom\/#breadcrumb\",\"itemListElement\":[{\"@type\":\"ListItem\",\"position\":1,\"name\":\"Portada\",\"item\":\"https:\/\/reformapisos.com\/\"},{\"@type\":\"ListItem\",\"position\":2,\"name\":\"Shop\",\"item\":\"https:\/\/reformapisos.com\/index.php\/shop\/\"},{\"@type\":\"ListItem\",\"position\":3,\"name\":\"Love story: Sombrilla de Jard\u00edn y terraza con soporte de hierro marr\u00f3m\"}]},{\"@type\":\"WebSite\",\"@id\":\"https:\/\/reformapisos.com\/#website\",\"url\":\"https:\/\/reformapisos.com\/\",\"name\":\"Reformas integrales de pisos y viviendas\",\"description\":\"Otro sitio realizado con WordPress\",\"potentialAction\":[{\"@type\":\"SearchAction\",\"target\":{\"@type\":\"EntryPoint\",\"urlTemplate\":\"https:\/\/reformapisos.com\/?s={search_term_string}\"},\"query-input\":\"required name=search_term_string\"}],\"inLanguage\":\"es\"}]}<\/script>\n<!-- \/ Yoast SEO plugin. -->","yoast_head_json":{"title":"Love story: Sombrilla de Jard\u00edn y terraza con soporte de hierro marr\u00f3m - Reformas integrales de pisos y viviendas","robots":{"index":"index","follow":"follow","max-snippet":"max-snippet:-1","max-image-preview":"max-image-preview:large","max-video-preview":"max-video-preview:-1"},"canonical":"https:\/\/reformapisos.com\/index.php\/product\/love-story-sombrilla-de-jardin-y-terraza-con-soporte-de-hierro-marrom\/","og_locale":"es_ES","og_type":"article","og_title":"Love story: Sombrilla de Jard\u00edn y terraza con soporte de hierro marr\u00f3m - Reformas integrales de pisos y viviendas","og_description":"Love story, Sombrilla de Jard\u00edn, si quieres comprar muebles para jard\u00edn baratos online aprovecha las ventajas de Amazon Prime, compra ya muebles de jardin amazon, tumbonas jardin amazon, amazon muebles de terraza y jardin","og_url":"https:\/\/reformapisos.com\/index.php\/product\/love-story-sombrilla-de-jardin-y-terraza-con-soporte-de-hierro-marrom\/","og_site_name":"Reformas integrales de pisos y viviendas","article_modified_time":"2021-05-21T08:18:00+00:00","og_image":[{"width":719,"height":542,"url":"https:\/\/reformapisos.com\/wp-content\/uploads\/2021\/05\/comprar-sombrilla-de-jard\u00edn-amazon.jpg","type":"image\/jpeg"}],"twitter_card":"summary_large_image","schema":{"@context":"https:\/\/schema.org","@graph":[{"@type":"WebPage","@id":"https:\/\/reformapisos.com\/index.php\/product\/love-story-sombrilla-de-jardin-y-terraza-con-soporte-de-hierro-marrom\/","url":"https:\/\/reformapisos.com\/index.php\/product\/love-story-sombrilla-de-jardin-y-terraza-con-soporte-de-hierro-marrom\/","name":"Love story: Sombrilla de Jard\u00edn y terraza con soporte de hierro marr\u00f3m - Reformas integrales de pisos y viviendas","isPartOf":{"@id":"https:\/\/reformapisos.com\/#website"},"primaryImageOfPage":{"@id":"https:\/\/reformapisos.com\/index.php\/product\/love-story-sombrilla-de-jardin-y-terraza-con-soporte-de-hierro-marrom\/#primaryimage"},"image":{"@id":"https:\/\/reformapisos.com\/index.php\/product\/love-story-sombrilla-de-jardin-y-terraza-con-soporte-de-hierro-marrom\/#primaryimage"},"thumbnailUrl":"https:\/\/reformapisos.com\/wp-content\/uploads\/2021\/05\/comprar-sombrilla-de-jard\u00edn-amazon.jpg","datePublished":"2021-05-13T07:55:33+00:00","dateModified":"2021-05-21T08:18:00+00:00","breadcrumb":{"@id":"https:\/\/reformapisos.com\/index.php\/product\/love-story-sombrilla-de-jardin-y-terraza-con-soporte-de-hierro-marrom\/#breadcrumb"},"inLanguage":"es","potentialAction":[{"@type":"ReadAction","target":["https:\/\/reformapisos.com\/index.php\/product\/love-story-sombrilla-de-jardin-y-terraza-con-soporte-de-hierro-marrom\/"]}]},{"@type":"ImageObject","inLanguage":"es","@id":"https:\/\/reformapisos.com\/index.php\/product\/love-story-sombrilla-de-jardin-y-terraza-con-soporte-de-hierro-marrom\/#primaryimage","url":"https:\/\/reformapisos.com\/wp-content\/uploads\/2021\/05\/comprar-sombrilla-de-jard\u00edn-amazon.jpg","contentUrl":"https:\/\/reformapisos.com\/wp-content\/uploads\/2021\/05\/comprar-sombrilla-de-jard\u00edn-amazon.jpg","width":719,"height":542,"caption":"comprar sombrilla de jard\u00edn amazon"},{"@type":"BreadcrumbList","@id":"https:\/\/reformapisos.com\/index.php\/product\/love-story-sombrilla-de-jardin-y-terraza-con-soporte-de-hierro-marrom\/#breadcrumb","itemListElement":[{"@type":"ListItem","position":1,"name":"Portada","item":"https:\/\/reformapisos.com\/"},{"@type":"ListItem","position":2,"name":"Shop","item":"https:\/\/reformapisos.com\/index.php\/shop\/"},{"@type":"ListItem","position":3,"name":"Love story: Sombrilla de Jard\u00edn y terraza con soporte de hierro marr\u00f3m"}]},{"@type":"WebSite","@id":"https:\/\/reformapisos.com\/#website","url":"https:\/\/reformapisos.com\/","name":"Reformas integrales de pisos y viviendas","description":"Otro sitio realizado con WordPress","potentialAction":[{"@type":"SearchAction","target":{"@type":"EntryPoint","urlTemplate":"https:\/\/reformapisos.com\/?s={search_term_string}"},"query-input":"required name=search_term_string"}],"inLanguage":"es"}]}},"_links":{"self":[{"href":"https:\/\/reformapisos.com\/index.php\/wp-json\/wp\/v2\/product\/2202"}],"collection":[{"href":"https:\/\/reformapisos.com\/index.php\/wp-json\/wp\/v2\/product"}],"about":[{"href":"https:\/\/reformapisos.com\/index.php\/wp-json\/wp\/v2\/types\/product"}],"replies":[{"embeddable":true,"href":"https:\/\/reformapisos.com\/index.php\/wp-json\/wp\/v2\/comments?post=2202"}],"wp:featuredmedia":[{"embeddable":true,"href":"https:\/\/reformapisos.com\/index.php\/wp-json\/wp\/v2\/media\/2302"}],"wp:attachment":[{"href":"https:\/\/reformapisos.com\/index.php\/wp-json\/wp\/v2\/media?parent=2202"}],"curies":[{"name":"wp","href":"https:\/\/api.w.org\/{rel}","templated":true}]}}