{"id":2232,"date":"2021-05-13T08:47:02","date_gmt":"2021-05-13T08:47:02","guid":{"rendered":"https:\/\/reformapisos.com\/?post_type=product&#038;p=2232"},"modified":"2021-05-20T13:00:47","modified_gmt":"2021-05-20T13:00:47","slug":"lamparas-solares-para-jardin-4pack-con-iluminacion-ajustable","status":"publish","type":"product","link":"https:\/\/reformapisos.com\/index.php\/product\/lamparas-solares-para-jardin-4pack-con-iluminacion-ajustable\/","title":{"rendered":"Lamparas solares para Jard\u00edn 4pack con iluminaci\u00f3n ajustable"},"content":{"rendered":"","protected":false},"excerpt":{"rendered":"Lamparas solares para Jard\u00edn 4pack, si buscas lamparas baratas en Amazon este producto te encantar\u00e1, compra ya iluminacion exterior jardin amazon, iluminacion exterior led amazon","protected":false},"featured_media":2270,"comment_status":"open","ping_status":"closed","template":"","meta":[],"yoast_head":"<!-- This site is optimized with the Yoast SEO plugin v22.9 - https:\/\/yoast.com\/wordpress\/plugins\/seo\/ -->\n<title>Lamparas solares para Jard\u00edn 4pack con iluminaci\u00f3n ajustable - Reformas integrales de pisos y viviendas<\/title>\n<meta name=\"robots\" content=\"index, follow, max-snippet:-1, max-image-preview:large, max-video-preview:-1\" \/>\n<link rel=\"canonical\" href=\"https:\/\/reformapisos.com\/index.php\/product\/lamparas-solares-para-jardin-4pack-con-iluminacion-ajustable\/\" \/>\n<meta property=\"og:locale\" content=\"es_ES\" \/>\n<meta property=\"og:type\" content=\"article\" \/>\n<meta property=\"og:title\" content=\"Lamparas solares para Jard\u00edn 4pack con iluminaci\u00f3n ajustable - Reformas integrales de pisos y viviendas\" \/>\n<meta property=\"og:description\" content=\"Lamparas solares para Jard\u00edn 4pack, si buscas lamparas baratas en Amazon este producto te encantar\u00e1, compra ya iluminacion exterior jardin amazon, iluminacion exterior led amazon\" \/>\n<meta property=\"og:url\" content=\"https:\/\/reformapisos.com\/index.php\/product\/lamparas-solares-para-jardin-4pack-con-iluminacion-ajustable\/\" \/>\n<meta property=\"og:site_name\" content=\"Reformas integrales de pisos y viviendas\" \/>\n<meta property=\"article:modified_time\" content=\"2021-05-20T13:00:47+00:00\" \/>\n<meta property=\"og:image\" content=\"https:\/\/reformapisos.com\/wp-content\/uploads\/2021\/05\/comprar-l\u00e1mparas-solares-iluminaci\u00f3n-exterior-amazon-2.jpg\" \/>\n\t<meta property=\"og:image:width\" content=\"692\" \/>\n\t<meta property=\"og:image:height\" content=\"525\" \/>\n\t<meta property=\"og:image:type\" content=\"image\/jpeg\" \/>\n<meta name=\"twitter:card\" content=\"summary_large_image\" \/>\n<script type=\"application\/ld+json\" class=\"yoast-schema-graph\">{\"@context\":\"https:\/\/schema.org\",\"@graph\":[{\"@type\":\"WebPage\",\"@id\":\"https:\/\/reformapisos.com\/index.php\/product\/lamparas-solares-para-jardin-4pack-con-iluminacion-ajustable\/\",\"url\":\"https:\/\/reformapisos.com\/index.php\/product\/lamparas-solares-para-jardin-4pack-con-iluminacion-ajustable\/\",\"name\":\"Lamparas solares para Jard\u00edn 4pack con iluminaci\u00f3n ajustable - Reformas integrales de pisos y viviendas\",\"isPartOf\":{\"@id\":\"https:\/\/reformapisos.com\/#website\"},\"primaryImageOfPage\":{\"@id\":\"https:\/\/reformapisos.com\/index.php\/product\/lamparas-solares-para-jardin-4pack-con-iluminacion-ajustable\/#primaryimage\"},\"image\":{\"@id\":\"https:\/\/reformapisos.com\/index.php\/product\/lamparas-solares-para-jardin-4pack-con-iluminacion-ajustable\/#primaryimage\"},\"thumbnailUrl\":\"https:\/\/reformapisos.com\/wp-content\/uploads\/2021\/05\/comprar-l\u00e1mparas-solares-iluminaci\u00f3n-exterior-amazon-2.jpg\",\"datePublished\":\"2021-05-13T08:47:02+00:00\",\"dateModified\":\"2021-05-20T13:00:47+00:00\",\"breadcrumb\":{\"@id\":\"https:\/\/reformapisos.com\/index.php\/product\/lamparas-solares-para-jardin-4pack-con-iluminacion-ajustable\/#breadcrumb\"},\"inLanguage\":\"es\",\"potentialAction\":[{\"@type\":\"ReadAction\",\"target\":[\"https:\/\/reformapisos.com\/index.php\/product\/lamparas-solares-para-jardin-4pack-con-iluminacion-ajustable\/\"]}]},{\"@type\":\"ImageObject\",\"inLanguage\":\"es\",\"@id\":\"https:\/\/reformapisos.com\/index.php\/product\/lamparas-solares-para-jardin-4pack-con-iluminacion-ajustable\/#primaryimage\",\"url\":\"https:\/\/reformapisos.com\/wp-content\/uploads\/2021\/05\/comprar-l\u00e1mparas-solares-iluminaci\u00f3n-exterior-amazon-2.jpg\",\"contentUrl\":\"https:\/\/reformapisos.com\/wp-content\/uploads\/2021\/05\/comprar-l\u00e1mparas-solares-iluminaci\u00f3n-exterior-amazon-2.jpg\",\"width\":692,\"height\":525,\"caption\":\"comprar l\u00e1mparas solares iluminaci\u00f3n exterior Amazon\"},{\"@type\":\"BreadcrumbList\",\"@id\":\"https:\/\/reformapisos.com\/index.php\/product\/lamparas-solares-para-jardin-4pack-con-iluminacion-ajustable\/#breadcrumb\",\"itemListElement\":[{\"@type\":\"ListItem\",\"position\":1,\"name\":\"Portada\",\"item\":\"https:\/\/reformapisos.com\/\"},{\"@type\":\"ListItem\",\"position\":2,\"name\":\"Shop\",\"item\":\"https:\/\/reformapisos.com\/index.php\/shop\/\"},{\"@type\":\"ListItem\",\"position\":3,\"name\":\"Lamparas solares para Jard\u00edn 4pack con iluminaci\u00f3n ajustable\"}]},{\"@type\":\"WebSite\",\"@id\":\"https:\/\/reformapisos.com\/#website\",\"url\":\"https:\/\/reformapisos.com\/\",\"name\":\"Reformas integrales de pisos y viviendas\",\"description\":\"Otro sitio realizado con WordPress\",\"potentialAction\":[{\"@type\":\"SearchAction\",\"target\":{\"@type\":\"EntryPoint\",\"urlTemplate\":\"https:\/\/reformapisos.com\/?s={search_term_string}\"},\"query-input\":\"required name=search_term_string\"}],\"inLanguage\":\"es\"}]}<\/script>\n<!-- \/ Yoast SEO plugin. -->","yoast_head_json":{"title":"Lamparas solares para Jard\u00edn 4pack con iluminaci\u00f3n ajustable - Reformas integrales de pisos y viviendas","robots":{"index":"index","follow":"follow","max-snippet":"max-snippet:-1","max-image-preview":"max-image-preview:large","max-video-preview":"max-video-preview:-1"},"canonical":"https:\/\/reformapisos.com\/index.php\/product\/lamparas-solares-para-jardin-4pack-con-iluminacion-ajustable\/","og_locale":"es_ES","og_type":"article","og_title":"Lamparas solares para Jard\u00edn 4pack con iluminaci\u00f3n ajustable - Reformas integrales de pisos y viviendas","og_description":"Lamparas solares para Jard\u00edn 4pack, si buscas lamparas baratas en Amazon este producto te encantar\u00e1, compra ya iluminacion exterior jardin amazon, iluminacion exterior led amazon","og_url":"https:\/\/reformapisos.com\/index.php\/product\/lamparas-solares-para-jardin-4pack-con-iluminacion-ajustable\/","og_site_name":"Reformas integrales de pisos y viviendas","article_modified_time":"2021-05-20T13:00:47+00:00","og_image":[{"width":692,"height":525,"url":"https:\/\/reformapisos.com\/wp-content\/uploads\/2021\/05\/comprar-l\u00e1mparas-solares-iluminaci\u00f3n-exterior-amazon-2.jpg","type":"image\/jpeg"}],"twitter_card":"summary_large_image","schema":{"@context":"https:\/\/schema.org","@graph":[{"@type":"WebPage","@id":"https:\/\/reformapisos.com\/index.php\/product\/lamparas-solares-para-jardin-4pack-con-iluminacion-ajustable\/","url":"https:\/\/reformapisos.com\/index.php\/product\/lamparas-solares-para-jardin-4pack-con-iluminacion-ajustable\/","name":"Lamparas solares para Jard\u00edn 4pack con iluminaci\u00f3n ajustable - Reformas integrales de pisos y viviendas","isPartOf":{"@id":"https:\/\/reformapisos.com\/#website"},"primaryImageOfPage":{"@id":"https:\/\/reformapisos.com\/index.php\/product\/lamparas-solares-para-jardin-4pack-con-iluminacion-ajustable\/#primaryimage"},"image":{"@id":"https:\/\/reformapisos.com\/index.php\/product\/lamparas-solares-para-jardin-4pack-con-iluminacion-ajustable\/#primaryimage"},"thumbnailUrl":"https:\/\/reformapisos.com\/wp-content\/uploads\/2021\/05\/comprar-l\u00e1mparas-solares-iluminaci\u00f3n-exterior-amazon-2.jpg","datePublished":"2021-05-13T08:47:02+00:00","dateModified":"2021-05-20T13:00:47+00:00","breadcrumb":{"@id":"https:\/\/reformapisos.com\/index.php\/product\/lamparas-solares-para-jardin-4pack-con-iluminacion-ajustable\/#breadcrumb"},"inLanguage":"es","potentialAction":[{"@type":"ReadAction","target":["https:\/\/reformapisos.com\/index.php\/product\/lamparas-solares-para-jardin-4pack-con-iluminacion-ajustable\/"]}]},{"@type":"ImageObject","inLanguage":"es","@id":"https:\/\/reformapisos.com\/index.php\/product\/lamparas-solares-para-jardin-4pack-con-iluminacion-ajustable\/#primaryimage","url":"https:\/\/reformapisos.com\/wp-content\/uploads\/2021\/05\/comprar-l\u00e1mparas-solares-iluminaci\u00f3n-exterior-amazon-2.jpg","contentUrl":"https:\/\/reformapisos.com\/wp-content\/uploads\/2021\/05\/comprar-l\u00e1mparas-solares-iluminaci\u00f3n-exterior-amazon-2.jpg","width":692,"height":525,"caption":"comprar l\u00e1mparas solares iluminaci\u00f3n exterior Amazon"},{"@type":"BreadcrumbList","@id":"https:\/\/reformapisos.com\/index.php\/product\/lamparas-solares-para-jardin-4pack-con-iluminacion-ajustable\/#breadcrumb","itemListElement":[{"@type":"ListItem","position":1,"name":"Portada","item":"https:\/\/reformapisos.com\/"},{"@type":"ListItem","position":2,"name":"Shop","item":"https:\/\/reformapisos.com\/index.php\/shop\/"},{"@type":"ListItem","position":3,"name":"Lamparas solares para Jard\u00edn 4pack con iluminaci\u00f3n ajustable"}]},{"@type":"WebSite","@id":"https:\/\/reformapisos.com\/#website","url":"https:\/\/reformapisos.com\/","name":"Reformas integrales de pisos y viviendas","description":"Otro sitio realizado con WordPress","potentialAction":[{"@type":"SearchAction","target":{"@type":"EntryPoint","urlTemplate":"https:\/\/reformapisos.com\/?s={search_term_string}"},"query-input":"required name=search_term_string"}],"inLanguage":"es"}]}},"_links":{"self":[{"href":"https:\/\/reformapisos.com\/index.php\/wp-json\/wp\/v2\/product\/2232"}],"collection":[{"href":"https:\/\/reformapisos.com\/index.php\/wp-json\/wp\/v2\/product"}],"about":[{"href":"https:\/\/reformapisos.com\/index.php\/wp-json\/wp\/v2\/types\/product"}],"replies":[{"embeddable":true,"href":"https:\/\/reformapisos.com\/index.php\/wp-json\/wp\/v2\/comments?post=2232"}],"wp:featuredmedia":[{"embeddable":true,"href":"https:\/\/reformapisos.com\/index.php\/wp-json\/wp\/v2\/media\/2270"}],"wp:attachment":[{"href":"https:\/\/reformapisos.com\/index.php\/wp-json\/wp\/v2\/media?parent=2232"}],"curies":[{"name":"wp","href":"https:\/\/api.w.org\/{rel}","templated":true}]}}